{"id":29181,"date":"2025-10-11T08:10:31","date_gmt":"2025-10-11T08:10:31","guid":{"rendered":"https:\/\/cigarettepackingmachine.com\/?post_type=product&#038;p=29181"},"modified":"2025-10-11T08:11:16","modified_gmt":"2025-10-11T08:11:16","slug":"hlp-spare-parts","status":"publish","type":"product","link":"https:\/\/cigarettepackingmachine.com\/tr\/urun\/hlp-yedek-parcalari\/","title":{"rendered":"Sigara Paketleme Makineleri Yedek Par\u00e7alar\u0131"},"content":{"rendered":"<p>Her \u00fcretim ortam\u0131nda verimlilik ve g\u00fcvenilirli\u011fi koruyacak \u015fekilde tasarlanm\u0131\u015f HLP sigara paketleme makineleri i\u00e7in eksiksiz bir yedek par\u00e7a yelpazesi sunuyoruz. Her par\u00e7a, orijinal makine standartlar\u0131n\u0131 kar\u015f\u0131layacak \u015fekilde y\u00fcksek kaliteli malzemelerle \u00fcretilerek m\u00fckemmel uyum ve tutarl\u0131 performans sa\u011fl\u0131yor.<\/p>\n<p>Yedek par\u00e7alar\u0131m\u0131z, HLP-200, HLP-225 ve HLP-250 Paketleme Hatlar\u0131 dahil olmak \u00fczere \u00e7e\u015fitli modellere uygundur ve \u00fcreticilerin istikrarl\u0131 bir \u00e7al\u0131\u015fma sa\u011flamalar\u0131na ve bak\u0131m gecikmelerini en aza indirmelerine yard\u0131mc\u0131 olur. \u0130ster onar\u0131m, ister yedek par\u00e7a veya koruyucu bak\u0131m i\u00e7in bile\u015fenlere ihtiyac\u0131n\u0131z olsun, makinelerinizin en y\u00fcksek verimlilikte \u00e7al\u0131\u015fmas\u0131n\u0131 sa\u011flayan g\u00fcvenilir bir par\u00e7a tedariki sa\u011fl\u0131yoruz.<\/p>\n<p>Mevcut Yedek Par\u00e7alar \u015eunlar\u0131 \u0130\u00e7erir:<\/p>\n<ul>\n<li>Garnit\u00fcr montajlar\u0131 ve garnit\u00fcr bantlar\u0131<\/li>\n<li>Besleme silindirleri ve konvey\u00f6r bantlar\u0131<\/li>\n<li>Sens\u00f6rler ve PLC kontrol mod\u00fclleri<\/li>\n<li>Di\u015fliler, kamlar ve mekanik ba\u011flant\u0131lar<\/li>\n<li>Sarma, kesme ve s\u0131zd\u0131rmazl\u0131k bile\u015fenleri<\/li>\n<li>Pn\u00f6matik ve ya\u011flama ba\u011flant\u0131 par\u00e7alar\u0131<\/li>\n<li>Elektrik ve mekanik yedek par\u00e7a kitleri<\/li>\n<\/ul>\n<p>Orijinal ve hassas bir \u015fekilde tasarlanm\u0131\u015f yedek par\u00e7alar kullanarak \u00fcretkenli\u011fi art\u0131rabilir, ar\u0131zalar\u0131 azaltabilir ve \u00fcretim hatt\u0131n\u0131z genelinde tutarl\u0131 sigara paketleme kalitesini sa\u011flayabilirsiniz.<\/p>","protected":false},"excerpt":{"rendered":"<p>HLP sigara paketleme makineleri i\u00e7in y\u00fcksek kaliteli yedek par\u00e7alar tedarik ederek sorunsuz performans ve daha uzun makine \u00f6mr\u00fc sa\u011fl\u0131yoruz. Hassas m\u00fchendislikle \u00fcretilen par\u00e7alar\u0131m\u0131z, ar\u0131za s\u00fcresini en aza indirmek ve verimlili\u011fi art\u0131rmak i\u00e7in m\u00fckemmel uyumluluk, kolay kurulum ve g\u00fcvenilir \u00e7al\u0131\u015fma sa\u011flayacak \u015fekilde tasarlanm\u0131\u015ft\u0131r.<\/p>","protected":false},"featured_media":29172,"comment_status":"closed","ping_status":"closed","template":"","meta":[],"product_brand":[],"product_cat":[104],"product_tag":[],"class_list":{"0":"post-29181","1":"product","2":"type-product","3":"status-publish","4":"has-post-thumbnail","6":"product_cat-packing-machine","8":"first","9":"instock","10":"shipping-taxable","11":"product-type-simple"},"yoast_head":"<!-- This site is optimized with the Yoast SEO plugin v27.0 - https:\/\/yoast.com\/product\/yoast-seo-wordpress\/ -->\n<title>Cigarette Packing Machines Spare Parts - HLP Spare Parts<\/title>\n<meta name=\"description\" content=\"Find genuine HLP cigarette packing machine spare parts for HLP-200, HLP-225 &amp; HLP-250 models. Precision parts for smooth, reliable performance.\" \/>\n<meta name=\"robots\" content=\"index, follow, max-snippet:-1, max-image-preview:large, max-video-preview:-1\" \/>\n<link rel=\"canonical\" href=\"https:\/\/cigarettepackingmachine.com\/tr\/urun\/hlp-yedek-parcalari\/\" \/>\n<meta property=\"og:locale\" content=\"tr_TR\" \/>\n<meta property=\"og:type\" content=\"article\" \/>\n<meta property=\"og:title\" content=\"Cigarette Packing Machines Spare Parts - HLP Spare Parts\" \/>\n<meta property=\"og:description\" content=\"Find genuine HLP cigarette packing machine spare parts for HLP-200, HLP-225 &amp; HLP-250 models. Precision parts for smooth, reliable performance.\" \/>\n<meta property=\"og:url\" content=\"https:\/\/cigarettepackingmachine.com\/tr\/urun\/hlp-yedek-parcalari\/\" \/>\n<meta property=\"og:site_name\" content=\"Cigarette Packing Machines\" \/>\n<meta property=\"article:modified_time\" content=\"2025-10-11T08:11:16+00:00\" \/>\n<meta property=\"og:image\" content=\"https:\/\/cigarettepackingmachine.com\/wp-content\/uploads\/2025\/10\/Spare-2.webp\" \/>\n\t<meta property=\"og:image:width\" content=\"1584\" \/>\n\t<meta property=\"og:image:height\" content=\"891\" \/>\n\t<meta property=\"og:image:type\" content=\"image\/webp\" \/>\n<meta name=\"twitter:card\" content=\"summary_large_image\" \/>\n<meta name=\"twitter:label1\" content=\"Tahmini okuma s\u00fcresi\" \/>\n\t<meta name=\"twitter:data1\" content=\"1 dakika\" \/>\n<!-- \/ Yoast SEO plugin. -->","yoast_head_json":{"title":"Sigara Paketleme Makinesi Yedek Par\u00e7alar\u0131 - HLP Yedek Par\u00e7a","description":"HLP-200, HLP-225 ve HLP-250 modelleri i\u00e7in orijinal HLP sigara paketleme makinesi yedek par\u00e7alar\u0131n\u0131 bulun. Sorunsuz ve g\u00fcvenilir performans i\u00e7in hassas par\u00e7alar.","robots":{"index":"index","follow":"follow","max-snippet":"max-snippet:-1","max-image-preview":"max-image-preview:large","max-video-preview":"max-video-preview:-1"},"canonical":"https:\/\/cigarettepackingmachine.com\/tr\/urun\/hlp-yedek-parcalari\/","og_locale":"tr_TR","og_type":"article","og_title":"Cigarette Packing Machines Spare Parts - HLP Spare Parts","og_description":"Find genuine HLP cigarette packing machine spare parts for HLP-200, HLP-225 & HLP-250 models. Precision parts for smooth, reliable performance.","og_url":"https:\/\/cigarettepackingmachine.com\/tr\/urun\/hlp-yedek-parcalari\/","og_site_name":"Cigarette Packing Machines","article_modified_time":"2025-10-11T08:11:16+00:00","og_image":[{"width":1584,"height":891,"url":"https:\/\/cigarettepackingmachine.com\/wp-content\/uploads\/2025\/10\/Spare-2.webp","type":"image\/webp"}],"twitter_card":"summary_large_image","twitter_misc":{"Tahmini okuma s\u00fcresi":"1 dakika"},"schema":{"@context":"https:\/\/schema.org","@graph":[{"@type":"WebPage","@id":"https:\/\/cigarettepackingmachine.com\/product\/hlp-spare-parts\/","url":"https:\/\/cigarettepackingmachine.com\/product\/hlp-spare-parts\/","name":"Sigara Paketleme Makinesi Yedek Par\u00e7alar\u0131 - HLP Yedek Par\u00e7a","isPartOf":{"@id":"https:\/\/cigarettepackingmachine.com\/#website"},"primaryImageOfPage":{"@id":"https:\/\/cigarettepackingmachine.com\/product\/hlp-spare-parts\/#primaryimage"},"image":{"@id":"https:\/\/cigarettepackingmachine.com\/product\/hlp-spare-parts\/#primaryimage"},"thumbnailUrl":"https:\/\/cigarettepackingmachine.com\/wp-content\/uploads\/2025\/10\/Spare-2.webp","datePublished":"2025-10-11T08:10:31+00:00","dateModified":"2025-10-11T08:11:16+00:00","description":"HLP-200, HLP-225 ve HLP-250 modelleri i\u00e7in orijinal HLP sigara paketleme makinesi yedek par\u00e7alar\u0131n\u0131 bulun. Sorunsuz ve g\u00fcvenilir performans i\u00e7in hassas par\u00e7alar.","breadcrumb":{"@id":"https:\/\/cigarettepackingmachine.com\/product\/hlp-spare-parts\/#breadcrumb"},"inLanguage":"tr","potentialAction":[{"@type":"ReadAction","target":["https:\/\/cigarettepackingmachine.com\/product\/hlp-spare-parts\/"]}]},{"@type":"ImageObject","inLanguage":"tr","@id":"https:\/\/cigarettepackingmachine.com\/product\/hlp-spare-parts\/#primaryimage","url":"https:\/\/cigarettepackingmachine.com\/wp-content\/uploads\/2025\/10\/Spare-2.webp","contentUrl":"https:\/\/cigarettepackingmachine.com\/wp-content\/uploads\/2025\/10\/Spare-2.webp","width":1584,"height":891,"caption":"spare parts for HLP cigarette packing machines,"},{"@type":"BreadcrumbList","@id":"https:\/\/cigarettepackingmachine.com\/product\/hlp-spare-parts\/#breadcrumb","itemListElement":[{"@type":"ListItem","position":1,"name":"Home","item":"https:\/\/cigarettepackingmachine.com\/"},{"@type":"ListItem","position":2,"name":"Products","item":"https:\/\/cigarettepackingmachine.com\/shop\/"},{"@type":"ListItem","position":3,"name":"Cigarette Packing Machines Spare Parts"}]},{"@type":"WebSite","@id":"https:\/\/cigarettepackingmachine.com\/#website","url":"https:\/\/cigarettepackingmachine.com\/","name":"Sigara Paketleme Makineleri","description":"Sigara Paketleme Makineleri","potentialAction":[{"@type":"SearchAction","target":{"@type":"EntryPoint","urlTemplate":"https:\/\/cigarettepackingmachine.com\/?s={search_term_string}"},"query-input":{"@type":"PropertyValueSpecification","valueRequired":true,"valueName":"search_term_string"}}],"inLanguage":"tr"}]}},"_links":{"self":[{"href":"https:\/\/cigarettepackingmachine.com\/tr\/wp-json\/wp\/v2\/product\/29181","targetHints":{"allow":["GET"]}}],"collection":[{"href":"https:\/\/cigarettepackingmachine.com\/tr\/wp-json\/wp\/v2\/product"}],"about":[{"href":"https:\/\/cigarettepackingmachine.com\/tr\/wp-json\/wp\/v2\/types\/product"}],"replies":[{"embeddable":true,"href":"https:\/\/cigarettepackingmachine.com\/tr\/wp-json\/wp\/v2\/comments?post=29181"}],"version-history":[{"count":1,"href":"https:\/\/cigarettepackingmachine.com\/tr\/wp-json\/wp\/v2\/product\/29181\/revisions"}],"predecessor-version":[{"id":29182,"href":"https:\/\/cigarettepackingmachine.com\/tr\/wp-json\/wp\/v2\/product\/29181\/revisions\/29182"}],"wp:featuredmedia":[{"embeddable":true,"href":"https:\/\/cigarettepackingmachine.com\/tr\/wp-json\/wp\/v2\/media\/29172"}],"wp:attachment":[{"href":"https:\/\/cigarettepackingmachine.com\/tr\/wp-json\/wp\/v2\/media?parent=29181"}],"wp:term":[{"taxonomy":"product_brand","embeddable":true,"href":"https:\/\/cigarettepackingmachine.com\/tr\/wp-json\/wp\/v2\/product_brand?post=29181"},{"taxonomy":"product_cat","embeddable":true,"href":"https:\/\/cigarettepackingmachine.com\/tr\/wp-json\/wp\/v2\/product_cat?post=29181"},{"taxonomy":"product_tag","embeddable":true,"href":"https:\/\/cigarettepackingmachine.com\/tr\/wp-json\/wp\/v2\/product_tag?post=29181"}],"curies":[{"name":"wp","href":"https:\/\/api.w.org\/{rel}","templated":true}]}}