{"id":29157,"date":"2025-09-20T09:20:26","date_gmt":"2025-09-20T09:20:26","guid":{"rendered":"https:\/\/cigarettepackingmachine.com\/?post_type=product&#038;p=29157"},"modified":"2025-09-24T09:51:41","modified_gmt":"2025-09-24T09:51:41","slug":"nicotine-pouch-packing-machine-snus","status":"publish","type":"product","link":"https:\/\/cigarettepackingmachine.com\/tr\/urun\/nikotin-poseti-paketleme-makinesi-snus\/","title":{"rendered":"Nikotin Po\u015feti Paketleme Makinesi \u2013 SNUS"},"content":{"rendered":"<h2>SNUS Paketleme Makinesi<\/h2>\n<p>Bizim <strong>Snus paketleme makinesi<\/strong>, ayn\u0131 zamanda bir olarak da bilinir <strong>Nikotin Po\u015feti Paketleme Makinesi,<\/strong> Modern po\u015fet \u00fcretimine verimlilik, tutarl\u0131l\u0131k ve g\u00fcvenilirlik katmak \u00fczere tasarlanm\u0131\u015ft\u0131r. T\u00fct\u00fcn ve nikotin sekt\u00f6r\u00fcndeki i\u015fletmeler i\u00e7in m\u00fckemmel olan bu makine, \u00fcr\u00fcn kalitesini ve sunumunu korurken paketleme s\u00fcrecini kolayla\u015ft\u0131rmaya yard\u0131mc\u0131 olur. \u0130ster operasyonlar\u0131n\u0131z\u0131 b\u00fcy\u00fct\u00fcyor olun, ister mevcut \u00fcretiminizi optimize ediyor olun, Snus paketleme makinesi profesyonel paketleme sa\u011flar.<\/p>\n<p>G\u00fcn\u00fcm\u00fcz pazar taleplerini kar\u015f\u0131layan, geli\u015fmi\u015f tasar\u0131m\u0131yla nikotin po\u015fetlerinin p\u00fcr\u00fczs\u00fcz ve y\u00fcksek kalitede paketlenmesini sa\u011flayarak, \u00fcreticilere h\u0131zla b\u00fcy\u00fcyen bir sekt\u00f6rde ihtiya\u00e7 duyduklar\u0131 rekabet avantaj\u0131n\u0131 sa\u011flar.<\/p>","protected":false},"excerpt":{"rendered":"<ul>\n<li>Profesyonel po\u015fet \u00fcretimi i\u00e7in g\u00fcvenilir ve verimli Snus paketleme makinesi<\/li>\n<li>Modern \u00fcreticiler i\u00e7in tasarlanm\u0131\u015f geli\u015fmi\u015f Nikotin Po\u015feti Paketleme Makinesi<\/li>\n<li>Tutarl\u0131 po\u015fet kalitesini garanti alt\u0131na al\u0131rken \u00fcretkenli\u011fi art\u0131r\u0131r<\/li>\n<li>K\u00fc\u00e7\u00fck, orta ve b\u00fcy\u00fck \u00f6l\u00e7ekli \u00fcretim kurulumlar\u0131 i\u00e7in uygundur<\/li>\n<li>P\u00fcr\u00fczs\u00fcz, y\u00fcksek kaliteli sonu\u00e7lar i\u00e7in paketleme s\u00fcrecini kolayla\u015ft\u0131r\u0131r<\/li>\n<li>B\u00fcy\u00fcyen nikotin po\u015feti sekt\u00f6r\u00fcndeki i\u015fletmeler i\u00e7in ideal \u00e7\u00f6z\u00fcm<\/li>\n<li>Hassasiyet ve g\u00fcvenilirlikle pazara haz\u0131r ambalajlama sa\u011flar<\/li>\n<\/ul>","protected":false},"featured_media":29167,"comment_status":"closed","ping_status":"closed","template":"","meta":[],"product_brand":[],"product_cat":[43],"product_tag":[],"class_list":{"0":"post-29157","1":"product","2":"type-product","3":"status-publish","4":"has-post-thumbnail","6":"product_cat-others","8":"first","9":"instock","10":"shipping-taxable","11":"product-type-simple"},"yoast_head":"<!-- This site is optimized with the Yoast SEO plugin v27.0 - https:\/\/yoast.com\/product\/yoast-seo-wordpress\/ -->\n<title>Nicotine Pouch Packing Machine - SNUS<\/title>\n<meta name=\"description\" content=\"Advanced Snus packing machine \u2013 a reliable Nicotine Pouch Packing Machine designed for efficient, consistent, and high-quality pouch packaging.\" \/>\n<meta name=\"robots\" content=\"index, follow, max-snippet:-1, max-image-preview:large, max-video-preview:-1\" \/>\n<link rel=\"canonical\" href=\"https:\/\/cigarettepackingmachine.com\/tr\/urun\/nikotin-poseti-paketleme-makinesi-snus\/\" \/>\n<meta property=\"og:locale\" content=\"tr_TR\" \/>\n<meta property=\"og:type\" content=\"article\" \/>\n<meta property=\"og:title\" content=\"Nicotine Pouch Packing Machine - SNUS\" \/>\n<meta property=\"og:description\" content=\"Advanced Snus packing machine \u2013 a reliable Nicotine Pouch Packing Machine designed for efficient, consistent, and high-quality pouch packaging.\" \/>\n<meta property=\"og:url\" content=\"https:\/\/cigarettepackingmachine.com\/tr\/urun\/nikotin-poseti-paketleme-makinesi-snus\/\" \/>\n<meta property=\"og:site_name\" content=\"Cigarette Packing Machines\" \/>\n<meta property=\"article:modified_time\" content=\"2025-09-24T09:51:41+00:00\" \/>\n<meta property=\"og:image\" content=\"https:\/\/cigarettepackingmachine.com\/wp-content\/uploads\/2025\/09\/Nicotine-Pouch-Packing-Machine-SNUS.jpeg\" \/>\n\t<meta property=\"og:image:width\" content=\"1269\" \/>\n\t<meta property=\"og:image:height\" content=\"719\" \/>\n\t<meta property=\"og:image:type\" content=\"image\/jpeg\" \/>\n<meta name=\"twitter:card\" content=\"summary_large_image\" \/>\n<meta name=\"twitter:label1\" content=\"Tahmini okuma s\u00fcresi\" \/>\n\t<meta name=\"twitter:data1\" content=\"1 dakika\" \/>\n<!-- \/ Yoast SEO plugin. -->","yoast_head_json":{"title":"Nikotin Po\u015feti Paketleme Makinesi - SNUS","description":"Geli\u015fmi\u015f Snus paketleme makinesi \u2013 verimli, tutarl\u0131 ve y\u00fcksek kaliteli po\u015fet paketleme i\u00e7in tasarlanm\u0131\u015f g\u00fcvenilir bir Nikotin Po\u015feti Paketleme Makinesi.","robots":{"index":"index","follow":"follow","max-snippet":"max-snippet:-1","max-image-preview":"max-image-preview:large","max-video-preview":"max-video-preview:-1"},"canonical":"https:\/\/cigarettepackingmachine.com\/tr\/urun\/nikotin-poseti-paketleme-makinesi-snus\/","og_locale":"tr_TR","og_type":"article","og_title":"Nicotine Pouch Packing Machine - SNUS","og_description":"Advanced Snus packing machine \u2013 a reliable Nicotine Pouch Packing Machine designed for efficient, consistent, and high-quality pouch packaging.","og_url":"https:\/\/cigarettepackingmachine.com\/tr\/urun\/nikotin-poseti-paketleme-makinesi-snus\/","og_site_name":"Cigarette Packing Machines","article_modified_time":"2025-09-24T09:51:41+00:00","og_image":[{"width":1269,"height":719,"url":"https:\/\/cigarettepackingmachine.com\/wp-content\/uploads\/2025\/09\/Nicotine-Pouch-Packing-Machine-SNUS.jpeg","type":"image\/jpeg"}],"twitter_card":"summary_large_image","twitter_misc":{"Tahmini okuma s\u00fcresi":"1 dakika"},"schema":{"@context":"https:\/\/schema.org","@graph":[{"@type":"WebPage","@id":"https:\/\/cigarettepackingmachine.com\/product\/nicotine-pouch-packing-machine-snus\/","url":"https:\/\/cigarettepackingmachine.com\/product\/nicotine-pouch-packing-machine-snus\/","name":"Nikotin Po\u015feti Paketleme Makinesi - SNUS","isPartOf":{"@id":"https:\/\/cigarettepackingmachine.com\/#website"},"primaryImageOfPage":{"@id":"https:\/\/cigarettepackingmachine.com\/product\/nicotine-pouch-packing-machine-snus\/#primaryimage"},"image":{"@id":"https:\/\/cigarettepackingmachine.com\/product\/nicotine-pouch-packing-machine-snus\/#primaryimage"},"thumbnailUrl":"https:\/\/cigarettepackingmachine.com\/wp-content\/uploads\/2025\/09\/Nicotine-Pouch-Packing-Machine-SNUS.jpeg","datePublished":"2025-09-20T09:20:26+00:00","dateModified":"2025-09-24T09:51:41+00:00","description":"Geli\u015fmi\u015f Snus paketleme makinesi \u2013 verimli, tutarl\u0131 ve y\u00fcksek kaliteli po\u015fet paketleme i\u00e7in tasarlanm\u0131\u015f g\u00fcvenilir bir Nikotin Po\u015feti Paketleme Makinesi.","breadcrumb":{"@id":"https:\/\/cigarettepackingmachine.com\/product\/nicotine-pouch-packing-machine-snus\/#breadcrumb"},"inLanguage":"tr","potentialAction":[{"@type":"ReadAction","target":["https:\/\/cigarettepackingmachine.com\/product\/nicotine-pouch-packing-machine-snus\/"]}]},{"@type":"ImageObject","inLanguage":"tr","@id":"https:\/\/cigarettepackingmachine.com\/product\/nicotine-pouch-packing-machine-snus\/#primaryimage","url":"https:\/\/cigarettepackingmachine.com\/wp-content\/uploads\/2025\/09\/Nicotine-Pouch-Packing-Machine-SNUS.jpeg","contentUrl":"https:\/\/cigarettepackingmachine.com\/wp-content\/uploads\/2025\/09\/Nicotine-Pouch-Packing-Machine-SNUS.jpeg","width":1269,"height":719,"caption":"Nicotine Pouch Packing Machine - SNUS"},{"@type":"BreadcrumbList","@id":"https:\/\/cigarettepackingmachine.com\/product\/nicotine-pouch-packing-machine-snus\/#breadcrumb","itemListElement":[{"@type":"ListItem","position":1,"name":"Home","item":"https:\/\/cigarettepackingmachine.com\/"},{"@type":"ListItem","position":2,"name":"Products","item":"https:\/\/cigarettepackingmachine.com\/shop\/"},{"@type":"ListItem","position":3,"name":"Nicotine Pouch Packing Machine &#8211; SNUS"}]},{"@type":"WebSite","@id":"https:\/\/cigarettepackingmachine.com\/#website","url":"https:\/\/cigarettepackingmachine.com\/","name":"Sigara Paketleme Makineleri","description":"Sigara Paketleme Makineleri","potentialAction":[{"@type":"SearchAction","target":{"@type":"EntryPoint","urlTemplate":"https:\/\/cigarettepackingmachine.com\/?s={search_term_string}"},"query-input":{"@type":"PropertyValueSpecification","valueRequired":true,"valueName":"search_term_string"}}],"inLanguage":"tr"}]}},"_links":{"self":[{"href":"https:\/\/cigarettepackingmachine.com\/tr\/wp-json\/wp\/v2\/product\/29157","targetHints":{"allow":["GET"]}}],"collection":[{"href":"https:\/\/cigarettepackingmachine.com\/tr\/wp-json\/wp\/v2\/product"}],"about":[{"href":"https:\/\/cigarettepackingmachine.com\/tr\/wp-json\/wp\/v2\/types\/product"}],"replies":[{"embeddable":true,"href":"https:\/\/cigarettepackingmachine.com\/tr\/wp-json\/wp\/v2\/comments?post=29157"}],"version-history":[{"count":5,"href":"https:\/\/cigarettepackingmachine.com\/tr\/wp-json\/wp\/v2\/product\/29157\/revisions"}],"predecessor-version":[{"id":29163,"href":"https:\/\/cigarettepackingmachine.com\/tr\/wp-json\/wp\/v2\/product\/29157\/revisions\/29163"}],"wp:featuredmedia":[{"embeddable":true,"href":"https:\/\/cigarettepackingmachine.com\/tr\/wp-json\/wp\/v2\/media\/29167"}],"wp:attachment":[{"href":"https:\/\/cigarettepackingmachine.com\/tr\/wp-json\/wp\/v2\/media?parent=29157"}],"wp:term":[{"taxonomy":"product_brand","embeddable":true,"href":"https:\/\/cigarettepackingmachine.com\/tr\/wp-json\/wp\/v2\/product_brand?post=29157"},{"taxonomy":"product_cat","embeddable":true,"href":"https:\/\/cigarettepackingmachine.com\/tr\/wp-json\/wp\/v2\/product_cat?post=29157"},{"taxonomy":"product_tag","embeddable":true,"href":"https:\/\/cigarettepackingmachine.com\/tr\/wp-json\/wp\/v2\/product_tag?post=29157"}],"curies":[{"name":"wp","href":"https:\/\/api.w.org\/{rel}","templated":true}]}}