{"id":29146,"date":"2025-08-02T13:35:42","date_gmt":"2025-08-02T13:35:42","guid":{"rendered":"https:\/\/cigarettepackingmachine.com\/?post_type=product&#038;p=29146"},"modified":"2025-08-02T13:35:43","modified_gmt":"2025-08-02T13:35:43","slug":"fresh-seal-cigarette-packing-machine","status":"publish","type":"product","link":"https:\/\/cigarettepackingmachine.com\/tr\/urun\/taze-muhurlu-sigara-paketleme-makinesi\/","title":{"rendered":"Taze M\u00fch\u00fcr Sigara Paketleme Makinesi"},"content":{"rendered":"<h2>Yeniden Kilitli M\u00fch\u00fcrl\u00fc Sigara Paketleme Makinesi<\/h2>\n<ul>\n<li>G\u00fcvenli ve taze sigara paketlemesi i\u00e7in modern bir \u00e7\u00f6z\u00fcm.<\/li>\n<li>Sigara paketlerinin g\u00f6r\u00fcn\u00fcm\u00fcn\u00fc ve raf \u00f6mr\u00fcn\u00fc art\u0131rmak i\u00e7in tasarlanm\u0131\u015ft\u0131r.<\/li>\n<li>Hem b\u00fcy\u00fck \u00f6l\u00e7ekli hem de b\u00fcy\u00fcyen sigara \u00fcreticileri i\u00e7in idealdir.<\/li>\n<li>\u00dcr\u00fcn tazeli\u011fini ve markas\u0131n\u0131 korumak i\u00e7in tutarl\u0131 s\u0131zd\u0131rmazl\u0131k sa\u011flar.<\/li>\n<li>\u00c7ok \u00e7e\u015fitli sigara boyutlar\u0131n\u0131 ve paketleme stillerini destekler.<\/li>\n<li>Mevcut sigara \u00fcretim hatt\u0131n\u0131za kusursuz bir \u015fekilde uyum sa\u011flar.<\/li>\n<li>Sarma, kartonlama ve \u00fcstten sarma sistemleriyle uyumludur.<\/li>\n<li>Ambalaj at\u0131klar\u0131n\u0131n azalt\u0131lmas\u0131na yard\u0131mc\u0131 olur ve \u00fcretim verimlili\u011fini art\u0131r\u0131r.<\/li>\n<li>T\u00fct\u00fcn \u00fcr\u00fcnlerinin g\u00fcvenli\u011fi ve kalitesi a\u00e7\u0131s\u0131ndan y\u00fcksek standartlar\u0131 kar\u015f\u0131lar.<\/li>\n<li>Otomatik sigara paketlemeye odaklanan i\u015fletmeler i\u00e7in g\u00fcvenilir bir tercih.<\/li>\n<\/ul>","protected":false},"excerpt":{"rendered":"<p>Tan\u0131t\u0131m\u0131m\u0131z <strong>Taze M\u00fch\u00fcr Sigara Paketleme Makinesi<\/strong>\u00dcst\u00fcn paketleme kalitesini hedefleyen modern sigara \u00fcreticileri i\u00e7in ideal \u00e7\u00f6z\u00fcm. Bu makine, tedarik zinciri boyunca \u00fcr\u00fcn tazeli\u011fini ve marka b\u00fct\u00fcnl\u00fc\u011f\u00fcn\u00fc koruyan temiz, g\u00fcvenli ve \u00e7ekici paketler sunmak \u00fczere tasarlanm\u0131\u015ft\u0131r.<\/p>","protected":false},"featured_media":29147,"comment_status":"closed","ping_status":"closed","template":"","meta":[],"product_brand":[],"product_cat":[43],"product_tag":[],"class_list":{"0":"post-29146","1":"product","2":"type-product","3":"status-publish","4":"has-post-thumbnail","6":"product_cat-others","8":"first","9":"instock","10":"shipping-taxable","11":"product-type-simple"},"yoast_head":"<!-- This site is optimized with the Yoast SEO plugin v27.0 - https:\/\/yoast.com\/product\/yoast-seo-wordpress\/ -->\n<title>Fresh Seal Cigarette Packing Machine<\/title>\n<meta name=\"description\" content=\"Fresh Seal Cigarette Packing Machine - check out our Relock Cigarette sealing machine - A reliable choice for businesses focusing on automated cigarette packing.\" \/>\n<meta name=\"robots\" content=\"index, follow, max-snippet:-1, max-image-preview:large, max-video-preview:-1\" \/>\n<link rel=\"canonical\" href=\"https:\/\/cigarettepackingmachine.com\/tr\/urun\/taze-muhurlu-sigara-paketleme-makinesi\/\" \/>\n<meta property=\"og:locale\" content=\"tr_TR\" \/>\n<meta property=\"og:type\" content=\"article\" \/>\n<meta property=\"og:title\" content=\"Fresh Seal Cigarette Packing Machine\" \/>\n<meta property=\"og:description\" content=\"Fresh Seal Cigarette Packing Machine - check out our Relock Cigarette sealing machine - A reliable choice for businesses focusing on automated cigarette packing.\" \/>\n<meta property=\"og:url\" content=\"https:\/\/cigarettepackingmachine.com\/tr\/urun\/taze-muhurlu-sigara-paketleme-makinesi\/\" \/>\n<meta property=\"og:site_name\" content=\"Cigarette Packing Machines\" \/>\n<meta property=\"article:modified_time\" content=\"2025-08-02T13:35:43+00:00\" \/>\n<meta property=\"og:image\" content=\"https:\/\/cigarettepackingmachine.com\/wp-content\/uploads\/2025\/08\/Fresh-Seal-Cigarette-Packing-Machine.jpg\" \/>\n\t<meta property=\"og:image:width\" content=\"760\" \/>\n\t<meta property=\"og:image:height\" content=\"760\" \/>\n\t<meta property=\"og:image:type\" content=\"image\/jpeg\" \/>\n<meta name=\"twitter:card\" content=\"summary_large_image\" \/>\n<meta name=\"twitter:label1\" content=\"Tahmini okuma s\u00fcresi\" \/>\n\t<meta name=\"twitter:data1\" content=\"1 dakika\" \/>\n<!-- \/ Yoast SEO plugin. -->","yoast_head_json":{"title":"Taze M\u00fch\u00fcr Sigara Paketleme Makinesi","description":"Fresh Seal Sigara Paketleme Makinesi - Relock Sigara paketleme makinemizi inceleyin - Otomatik sigara paketlemeye odaklanan i\u015fletmeler i\u00e7in g\u00fcvenilir bir se\u00e7im.","robots":{"index":"index","follow":"follow","max-snippet":"max-snippet:-1","max-image-preview":"max-image-preview:large","max-video-preview":"max-video-preview:-1"},"canonical":"https:\/\/cigarettepackingmachine.com\/tr\/urun\/taze-muhurlu-sigara-paketleme-makinesi\/","og_locale":"tr_TR","og_type":"article","og_title":"Fresh Seal Cigarette Packing Machine","og_description":"Fresh Seal Cigarette Packing Machine - check out our Relock Cigarette sealing machine - A reliable choice for businesses focusing on automated cigarette packing.","og_url":"https:\/\/cigarettepackingmachine.com\/tr\/urun\/taze-muhurlu-sigara-paketleme-makinesi\/","og_site_name":"Cigarette Packing Machines","article_modified_time":"2025-08-02T13:35:43+00:00","og_image":[{"width":760,"height":760,"url":"https:\/\/cigarettepackingmachine.com\/wp-content\/uploads\/2025\/08\/Fresh-Seal-Cigarette-Packing-Machine.jpg","type":"image\/jpeg"}],"twitter_card":"summary_large_image","twitter_misc":{"Tahmini okuma s\u00fcresi":"1 dakika"},"schema":{"@context":"https:\/\/schema.org","@graph":[{"@type":"WebPage","@id":"https:\/\/cigarettepackingmachine.com\/product\/fresh-seal-cigarette-packing-machine\/","url":"https:\/\/cigarettepackingmachine.com\/product\/fresh-seal-cigarette-packing-machine\/","name":"Taze M\u00fch\u00fcr Sigara Paketleme Makinesi","isPartOf":{"@id":"https:\/\/cigarettepackingmachine.com\/#website"},"primaryImageOfPage":{"@id":"https:\/\/cigarettepackingmachine.com\/product\/fresh-seal-cigarette-packing-machine\/#primaryimage"},"image":{"@id":"https:\/\/cigarettepackingmachine.com\/product\/fresh-seal-cigarette-packing-machine\/#primaryimage"},"thumbnailUrl":"https:\/\/cigarettepackingmachine.com\/wp-content\/uploads\/2025\/08\/Fresh-Seal-Cigarette-Packing-Machine.jpg","datePublished":"2025-08-02T13:35:42+00:00","dateModified":"2025-08-02T13:35:43+00:00","description":"Fresh Seal Sigara Paketleme Makinesi - Relock Sigara paketleme makinemizi inceleyin - Otomatik sigara paketlemeye odaklanan i\u015fletmeler i\u00e7in g\u00fcvenilir bir se\u00e7im.","breadcrumb":{"@id":"https:\/\/cigarettepackingmachine.com\/product\/fresh-seal-cigarette-packing-machine\/#breadcrumb"},"inLanguage":"tr","potentialAction":[{"@type":"ReadAction","target":["https:\/\/cigarettepackingmachine.com\/product\/fresh-seal-cigarette-packing-machine\/"]}]},{"@type":"ImageObject","inLanguage":"tr","@id":"https:\/\/cigarettepackingmachine.com\/product\/fresh-seal-cigarette-packing-machine\/#primaryimage","url":"https:\/\/cigarettepackingmachine.com\/wp-content\/uploads\/2025\/08\/Fresh-Seal-Cigarette-Packing-Machine.jpg","contentUrl":"https:\/\/cigarettepackingmachine.com\/wp-content\/uploads\/2025\/08\/Fresh-Seal-Cigarette-Packing-Machine.jpg","width":760,"height":760,"caption":"Fresh Seal Cigarette Packing Machine"},{"@type":"BreadcrumbList","@id":"https:\/\/cigarettepackingmachine.com\/product\/fresh-seal-cigarette-packing-machine\/#breadcrumb","itemListElement":[{"@type":"ListItem","position":1,"name":"Home","item":"https:\/\/cigarettepackingmachine.com\/"},{"@type":"ListItem","position":2,"name":"Products","item":"https:\/\/cigarettepackingmachine.com\/shop\/"},{"@type":"ListItem","position":3,"name":"Fresh Seal Cigarette Packing Machine"}]},{"@type":"WebSite","@id":"https:\/\/cigarettepackingmachine.com\/#website","url":"https:\/\/cigarettepackingmachine.com\/","name":"Sigara Paketleme Makineleri","description":"Sigara Paketleme Makineleri","potentialAction":[{"@type":"SearchAction","target":{"@type":"EntryPoint","urlTemplate":"https:\/\/cigarettepackingmachine.com\/?s={search_term_string}"},"query-input":{"@type":"PropertyValueSpecification","valueRequired":true,"valueName":"search_term_string"}}],"inLanguage":"tr"}]}},"_links":{"self":[{"href":"https:\/\/cigarettepackingmachine.com\/tr\/wp-json\/wp\/v2\/product\/29146","targetHints":{"allow":["GET"]}}],"collection":[{"href":"https:\/\/cigarettepackingmachine.com\/tr\/wp-json\/wp\/v2\/product"}],"about":[{"href":"https:\/\/cigarettepackingmachine.com\/tr\/wp-json\/wp\/v2\/types\/product"}],"replies":[{"embeddable":true,"href":"https:\/\/cigarettepackingmachine.com\/tr\/wp-json\/wp\/v2\/comments?post=29146"}],"version-history":[{"count":1,"href":"https:\/\/cigarettepackingmachine.com\/tr\/wp-json\/wp\/v2\/product\/29146\/revisions"}],"predecessor-version":[{"id":29148,"href":"https:\/\/cigarettepackingmachine.com\/tr\/wp-json\/wp\/v2\/product\/29146\/revisions\/29148"}],"wp:featuredmedia":[{"embeddable":true,"href":"https:\/\/cigarettepackingmachine.com\/tr\/wp-json\/wp\/v2\/media\/29147"}],"wp:attachment":[{"href":"https:\/\/cigarettepackingmachine.com\/tr\/wp-json\/wp\/v2\/media?parent=29146"}],"wp:term":[{"taxonomy":"product_brand","embeddable":true,"href":"https:\/\/cigarettepackingmachine.com\/tr\/wp-json\/wp\/v2\/product_brand?post=29146"},{"taxonomy":"product_cat","embeddable":true,"href":"https:\/\/cigarettepackingmachine.com\/tr\/wp-json\/wp\/v2\/product_cat?post=29146"},{"taxonomy":"product_tag","embeddable":true,"href":"https:\/\/cigarettepackingmachine.com\/tr\/wp-json\/wp\/v2\/product_tag?post=29146"}],"curies":[{"name":"wp","href":"https:\/\/api.w.org\/{rel}","templated":true}]}}