{"id":28445,"date":"2024-06-12T08:20:48","date_gmt":"2024-06-12T08:20:48","guid":{"rendered":"https:\/\/cigarettepackingmachine.com\/?post_type=product&#038;p=28445"},"modified":"2024-06-28T11:33:45","modified_gmt":"2024-06-28T11:33:45","slug":"sasib-5000-cigarette-soft-packing-machine","status":"publish","type":"product","link":"https:\/\/cigarettepackingmachine.com\/tr\/urun\/sasib-5000-sigara-yumusak-paketleme-makinesi\/","title":{"rendered":"SASIB 5000 \u2013 Sigara Yumu\u015fak Paketleme Makinesi"},"content":{"rendered":"<ol>\n<li>SASIB 5000, dakikada 500 pakete kadar y\u00fcksek paketleme h\u0131z\u0131na sahiptir.<\/li>\n<li>Genellikle sadece sert paketler i\u00e7in.<\/li>\n<li>A\u011f\u0131rl\u0131\u011f\u0131 yakla\u015f\u0131k 6000 kg. civar\u0131ndad\u0131r.<\/li>\n<li>G\u00fc\u00e7 t\u00fcketimi ise 20kW civar\u0131ndad\u0131r.<\/li>\n<li>\u00c7al\u0131\u015fma s\u0131cakl\u0131\u011f\u0131 15 ile 40 santigrat derece aras\u0131ndad\u0131r.<\/li>\n<li>Kontrol ve izlemeyi artt\u0131rmak i\u00e7in PLC ile birlikte gelir.<\/li>\n<li>Makine farkl\u0131 sigara formatlar\u0131 aras\u0131nda sorunsuz ge\u00e7i\u015f sa\u011fl\u0131yor ve kesinti s\u00fcresini azaltarak dolayl\u0131 olarak verimlili\u011fi art\u0131r\u0131yor.<\/li>\n<li>Bu makine, manuel eme\u011fe en az d\u00fczeyde g\u00fcvenerek hatalar\u0131 azalt\u0131r.<\/li>\n<li>Malzeme kullan\u0131m\u0131n\u0131 azaltmak ve malzeme verimlili\u011fini art\u0131rmak i\u00e7in tasarlanm\u0131\u015ft\u0131r.<\/li>\n<li>Tasar\u0131m\u0131, hem yeni hem de mevcut \u00fcretim ortamlar\u0131na uyum sa\u011flamas\u0131na olanak tan\u0131r.<\/li>\n<\/ol>\n<p>&nbsp;<\/p>","protected":false},"excerpt":{"rendered":"<p>100 mm boyuta sahip, art\u0131r\u0131lm\u0131\u015f \u00fcretim kapasitesine sahip ve verimli ve hassas paketleme teknolojisiyle gelen sa\u011flam bir sigara paketleme makinesi t\u00fcr\u00fcn\u00fcn tek \u00f6rne\u011fidir. SASIB 5000, kullan\u0131c\u0131 dostu bir aray\u00fczle gelir ve y\u00fcksek hacimli \u00fcretim i\u015fletmelerine uygundur. \u0130\u015fte baz\u0131 \u00f6nemli noktalar<\/p>","protected":false},"featured_media":28356,"comment_status":"closed","ping_status":"closed","template":"","meta":[],"product_brand":[],"product_cat":[104],"product_tag":[],"class_list":{"0":"post-28445","1":"product","2":"type-product","3":"status-publish","4":"has-post-thumbnail","6":"product_cat-packing-machine","8":"first","9":"instock","10":"shipping-taxable","11":"product-type-simple"},"yoast_head":"<!-- This site is optimized with the Yoast SEO plugin v27.0 - https:\/\/yoast.com\/product\/yoast-seo-wordpress\/ -->\n<title>SASIB 5000 - Cigarette Soft Packing Machine<\/title>\n<meta name=\"description\" content=\"SASIB 5000 - Cigarette Soft Packing Machine | Ready to ship \u2714 - Contact us to get custom quote for your machinery requirements\" \/>\n<meta name=\"robots\" content=\"index, follow, max-snippet:-1, max-image-preview:large, max-video-preview:-1\" \/>\n<link rel=\"canonical\" href=\"https:\/\/cigarettepackingmachine.com\/tr\/urun\/sasib-5000-sigara-yumusak-paketleme-makinesi\/\" \/>\n<meta property=\"og:locale\" content=\"tr_TR\" \/>\n<meta property=\"og:type\" content=\"article\" \/>\n<meta property=\"og:title\" content=\"SASIB 5000 - Cigarette Soft Packing Machine\" \/>\n<meta property=\"og:description\" content=\"SASIB 5000 - Cigarette Soft Packing Machine | Ready to ship \u2714 - Contact us to get custom quote for your machinery requirements\" \/>\n<meta property=\"og:url\" content=\"https:\/\/cigarettepackingmachine.com\/tr\/urun\/sasib-5000-sigara-yumusak-paketleme-makinesi\/\" \/>\n<meta property=\"og:site_name\" content=\"Cigarette Packing Machines\" \/>\n<meta property=\"article:modified_time\" content=\"2024-06-28T11:33:45+00:00\" \/>\n<meta property=\"og:image\" content=\"https:\/\/cigarettepackingmachine.com\/wp-content\/uploads\/2024\/06\/SSASIB-5000-soft-packing-line.webp\" \/>\n\t<meta property=\"og:image:width\" content=\"704\" \/>\n\t<meta property=\"og:image:height\" content=\"440\" \/>\n\t<meta property=\"og:image:type\" content=\"image\/webp\" \/>\n<meta name=\"twitter:card\" content=\"summary_large_image\" \/>\n<meta name=\"twitter:label1\" content=\"Tahmini okuma s\u00fcresi\" \/>\n\t<meta name=\"twitter:data1\" content=\"1 dakika\" \/>\n<!-- \/ Yoast SEO plugin. -->","yoast_head_json":{"title":"SASIB 5000 - Sigara Yumu\u015fak Paketleme Makinesi","description":"SASIB 5000 - Sigara Yumu\u015fak Paketleme Makinesi | G\u00f6nderime haz\u0131r \u2714 - Makine gereksinimleriniz i\u00e7in \u00f6zel fiyat teklifi almak i\u00e7in bizimle ileti\u015fime ge\u00e7in","robots":{"index":"index","follow":"follow","max-snippet":"max-snippet:-1","max-image-preview":"max-image-preview:large","max-video-preview":"max-video-preview:-1"},"canonical":"https:\/\/cigarettepackingmachine.com\/tr\/urun\/sasib-5000-sigara-yumusak-paketleme-makinesi\/","og_locale":"tr_TR","og_type":"article","og_title":"SASIB 5000 - Cigarette Soft Packing Machine","og_description":"SASIB 5000 - Cigarette Soft Packing Machine | Ready to ship \u2714 - Contact us to get custom quote for your machinery requirements","og_url":"https:\/\/cigarettepackingmachine.com\/tr\/urun\/sasib-5000-sigara-yumusak-paketleme-makinesi\/","og_site_name":"Cigarette Packing Machines","article_modified_time":"2024-06-28T11:33:45+00:00","og_image":[{"width":704,"height":440,"url":"https:\/\/cigarettepackingmachine.com\/wp-content\/uploads\/2024\/06\/SSASIB-5000-soft-packing-line.webp","type":"image\/webp"}],"twitter_card":"summary_large_image","twitter_misc":{"Tahmini okuma s\u00fcresi":"1 dakika"},"schema":{"@context":"https:\/\/schema.org","@graph":[{"@type":"WebPage","@id":"https:\/\/cigarettepackingmachine.com\/product\/sasib-5000-cigarette-soft-packing-machine\/","url":"https:\/\/cigarettepackingmachine.com\/product\/sasib-5000-cigarette-soft-packing-machine\/","name":"SASIB 5000 - Sigara Yumu\u015fak Paketleme Makinesi","isPartOf":{"@id":"https:\/\/cigarettepackingmachine.com\/#website"},"primaryImageOfPage":{"@id":"https:\/\/cigarettepackingmachine.com\/product\/sasib-5000-cigarette-soft-packing-machine\/#primaryimage"},"image":{"@id":"https:\/\/cigarettepackingmachine.com\/product\/sasib-5000-cigarette-soft-packing-machine\/#primaryimage"},"thumbnailUrl":"https:\/\/cigarettepackingmachine.com\/wp-content\/uploads\/2024\/06\/SSASIB-5000-soft-packing-line.webp","datePublished":"2024-06-12T08:20:48+00:00","dateModified":"2024-06-28T11:33:45+00:00","description":"SASIB 5000 - Sigara Yumu\u015fak Paketleme Makinesi | G\u00f6nderime haz\u0131r \u2714 - Makine gereksinimleriniz i\u00e7in \u00f6zel fiyat teklifi almak i\u00e7in bizimle ileti\u015fime ge\u00e7in","breadcrumb":{"@id":"https:\/\/cigarettepackingmachine.com\/product\/sasib-5000-cigarette-soft-packing-machine\/#breadcrumb"},"inLanguage":"tr","potentialAction":[{"@type":"ReadAction","target":["https:\/\/cigarettepackingmachine.com\/product\/sasib-5000-cigarette-soft-packing-machine\/"]}]},{"@type":"ImageObject","inLanguage":"tr","@id":"https:\/\/cigarettepackingmachine.com\/product\/sasib-5000-cigarette-soft-packing-machine\/#primaryimage","url":"https:\/\/cigarettepackingmachine.com\/wp-content\/uploads\/2024\/06\/SSASIB-5000-soft-packing-line.webp","contentUrl":"https:\/\/cigarettepackingmachine.com\/wp-content\/uploads\/2024\/06\/SSASIB-5000-soft-packing-line.webp","width":704,"height":440,"caption":"SASIB 5000 soft packing line"},{"@type":"BreadcrumbList","@id":"https:\/\/cigarettepackingmachine.com\/product\/sasib-5000-cigarette-soft-packing-machine\/#breadcrumb","itemListElement":[{"@type":"ListItem","position":1,"name":"Home","item":"https:\/\/cigarettepackingmachine.com\/"},{"@type":"ListItem","position":2,"name":"Products","item":"https:\/\/cigarettepackingmachine.com\/shop\/"},{"@type":"ListItem","position":3,"name":"SASIB 5000 &#8211; Cigarette Soft Packing Machine"}]},{"@type":"WebSite","@id":"https:\/\/cigarettepackingmachine.com\/#website","url":"https:\/\/cigarettepackingmachine.com\/","name":"Sigara Paketleme Makineleri","description":"Sigara Paketleme Makineleri","potentialAction":[{"@type":"SearchAction","target":{"@type":"EntryPoint","urlTemplate":"https:\/\/cigarettepackingmachine.com\/?s={search_term_string}"},"query-input":{"@type":"PropertyValueSpecification","valueRequired":true,"valueName":"search_term_string"}}],"inLanguage":"tr"}]}},"_links":{"self":[{"href":"https:\/\/cigarettepackingmachine.com\/tr\/wp-json\/wp\/v2\/product\/28445","targetHints":{"allow":["GET"]}}],"collection":[{"href":"https:\/\/cigarettepackingmachine.com\/tr\/wp-json\/wp\/v2\/product"}],"about":[{"href":"https:\/\/cigarettepackingmachine.com\/tr\/wp-json\/wp\/v2\/types\/product"}],"replies":[{"embeddable":true,"href":"https:\/\/cigarettepackingmachine.com\/tr\/wp-json\/wp\/v2\/comments?post=28445"}],"version-history":[{"count":6,"href":"https:\/\/cigarettepackingmachine.com\/tr\/wp-json\/wp\/v2\/product\/28445\/revisions"}],"predecessor-version":[{"id":28713,"href":"https:\/\/cigarettepackingmachine.com\/tr\/wp-json\/wp\/v2\/product\/28445\/revisions\/28713"}],"wp:featuredmedia":[{"embeddable":true,"href":"https:\/\/cigarettepackingmachine.com\/tr\/wp-json\/wp\/v2\/media\/28356"}],"wp:attachment":[{"href":"https:\/\/cigarettepackingmachine.com\/tr\/wp-json\/wp\/v2\/media?parent=28445"}],"wp:term":[{"taxonomy":"product_brand","embeddable":true,"href":"https:\/\/cigarettepackingmachine.com\/tr\/wp-json\/wp\/v2\/product_brand?post=28445"},{"taxonomy":"product_cat","embeddable":true,"href":"https:\/\/cigarettepackingmachine.com\/tr\/wp-json\/wp\/v2\/product_cat?post=28445"},{"taxonomy":"product_tag","embeddable":true,"href":"https:\/\/cigarettepackingmachine.com\/tr\/wp-json\/wp\/v2\/product_tag?post=28445"}],"curies":[{"name":"wp","href":"https:\/\/api.w.org\/{rel}","templated":true}]}}