{"id":28306,"date":"2024-06-07T07:07:44","date_gmt":"2024-06-07T07:07:44","guid":{"rendered":"https:\/\/cigarettepackingmachine.com\/?post_type=product&#038;p=28306"},"modified":"2024-06-24T11:34:31","modified_gmt":"2024-06-24T11:34:31","slug":"naked-over-wrapper-cigarette-over-wrapping-machine","status":"publish","type":"product","link":"https:\/\/cigarettepackingmachine.com\/tr\/urun\/ciplak-ust-sarma-makinesi-sigara-ust-sarma-makinesi\/","title":{"rendered":"Naked Over Wrapper \u2013 Sigara \u00dcst\u00fc Sarma Makinesi"},"content":{"rendered":"<p>\u0130\u015fte Naked Over Wrapper&#039;\u0131n baz\u0131 \u00f6nemli noktalar\u0131<\/p>\n<ol>\n<li>Dakikada 25 Sigara D\u0131\u015f Paketi h\u0131z\u0131nda hizmet vermektedir<\/li>\n<li>50mm x 20mm x 80mm ile 90mm x 30mm x 120mm aras\u0131ndaki paket boyutlar\u0131na uygundur<\/li>\n<li>BOPP ve PVC gibi malzemeler kullan\u0131r<\/li>\n<li>20 ila 50 mikron aras\u0131nda geni\u015f bir film kal\u0131nl\u0131\u011f\u0131 aral\u0131\u011f\u0131n\u0131 destekler<\/li>\n<li>Hem 220V hem de 380V&#039;da \u00e7al\u0131\u015f\u0131r<\/li>\n<li>Ba\u011fl\u0131 y\u00fck\u00fc 6 KVA&#039;d\u0131r<\/li>\n<li>2000 mm&#039;ye ula\u015fan en uzun kenar\u0131 ile kolay zemin ayar\u0131 sa\u011flayan 800 kg&#039;l\u0131k bir makinedir<\/li>\n<li>Bu \u00fcst d\u00fczey m\u00fchendislik cihazlar\u0131 \u00b10,3 mm&#039;lik bir hata pay\u0131yla birlikte gelir<\/li>\n<li>PLC (Programlanabilir Mant\u0131k Denetleyicisi) ile manuel giri\u015fi azalt\u0131r<\/li>\n<li>75 dB&#039;den daha d\u00fc\u015f\u00fck bir g\u00fcr\u00fclt\u00fc seviyesinde \u00e7al\u0131\u015farak sessiz bir ortam sa\u011flar<\/li>\n<\/ol>\n<p>&nbsp;<\/p>","protected":false},"excerpt":{"rendered":"<p>Daha az at\u0131k ve verimlilikle y\u00fcksek verimli bir makine olan 95% Naked Over Wrapper, m\u00fckemmel bir sigara sarma makinesidir. Bu makine, 10 ila 15 dakikal\u0131k k\u0131sa bir de\u011fi\u015fim s\u00fcresiyle farkl\u0131 projelerde \u00e7al\u0131\u015fabilir. H\u0131zl\u0131 acil durdurma d\u00fc\u011fmesiyle operat\u00f6r\u00fc korur ve ihtiya\u00e7 duydu\u011funuz t\u00fcm i\u015flevleri sa\u011flar.<\/p>","protected":false},"featured_media":28252,"comment_status":"closed","ping_status":"closed","template":"","meta":[],"product_brand":[],"product_cat":[106],"product_tag":[],"class_list":{"0":"post-28306","1":"product","2":"type-product","3":"status-publish","4":"has-post-thumbnail","6":"product_cat-wrapping-machine","8":"first","9":"instock","10":"shipping-taxable","11":"product-type-simple"},"yoast_head":"<!-- This site is optimized with the Yoast SEO plugin v27.0 - https:\/\/yoast.com\/product\/yoast-seo-wordpress\/ -->\n<title>Naked Over Wrapper - Cigarette Over Wrapping Machine<\/title>\n<meta name=\"description\" content=\"Naked Over Wrapper - Cigarette Over Wrapping Machine | Ready to ship \u2714 - Contact us to get custom quote for your machinery requirements\" \/>\n<meta name=\"robots\" content=\"index, follow, max-snippet:-1, max-image-preview:large, max-video-preview:-1\" \/>\n<link rel=\"canonical\" href=\"https:\/\/cigarettepackingmachine.com\/tr\/produkt\/maszyna-do-pakowania-papierosow-nago-na-zewnatrz\/\" \/>\n<meta property=\"og:locale\" content=\"tr_TR\" \/>\n<meta property=\"og:type\" content=\"article\" \/>\n<meta property=\"og:title\" content=\"Naked Over Wrapper - Cigarette Over Wrapping Machine\" \/>\n<meta property=\"og:description\" content=\"Naked Over Wrapper - Cigarette Over Wrapping Machine | Ready to ship \u2714 - Contact us to get custom quote for your machinery requirements\" \/>\n<meta property=\"og:url\" content=\"https:\/\/cigarettepackingmachine.com\/tr\/produkt\/maszyna-do-pakowania-papierosow-nago-na-zewnatrz\/\" \/>\n<meta property=\"og:site_name\" content=\"Cigarette Packing Machines\" \/>\n<meta property=\"article:modified_time\" content=\"2024-06-24T11:34:31+00:00\" \/>\n<meta property=\"og:image\" content=\"https:\/\/cigarettepackingmachine.com\/wp-content\/uploads\/2024\/06\/Over-Wrapping-Machine.webp\" \/>\n\t<meta property=\"og:image:width\" content=\"672\" \/>\n\t<meta property=\"og:image:height\" content=\"448\" \/>\n\t<meta property=\"og:image:type\" content=\"image\/webp\" \/>\n<meta name=\"twitter:card\" content=\"summary_large_image\" \/>\n<meta name=\"twitter:label1\" content=\"Tahmini okuma s\u00fcresi\" \/>\n\t<meta name=\"twitter:data1\" content=\"1 dakika\" \/>\n<!-- \/ Yoast SEO plugin. -->","yoast_head_json":{"title":"Naked Over Wrapper - Sigara \u00dcst\u00fc Sarma Makinesi","description":"\u00c7\u0131plak \u00dcst Sarma Makinesi - Sigara \u00dcst Sarma Makinesi | G\u00f6nderime haz\u0131r \u2714 - Makine gereksinimleriniz i\u00e7in \u00f6zel fiyat teklifi almak \u00fczere bizimle ileti\u015fime ge\u00e7in","robots":{"index":"index","follow":"follow","max-snippet":"max-snippet:-1","max-image-preview":"max-image-preview:large","max-video-preview":"max-video-preview:-1"},"canonical":"https:\/\/cigarettepackingmachine.com\/tr\/produkt\/maszyna-do-pakowania-papierosow-nago-na-zewnatrz\/","og_locale":"tr_TR","og_type":"article","og_title":"Naked Over Wrapper - Cigarette Over Wrapping Machine","og_description":"Naked Over Wrapper - Cigarette Over Wrapping Machine | Ready to ship \u2714 - Contact us to get custom quote for your machinery requirements","og_url":"https:\/\/cigarettepackingmachine.com\/tr\/produkt\/maszyna-do-pakowania-papierosow-nago-na-zewnatrz\/","og_site_name":"Cigarette Packing Machines","article_modified_time":"2024-06-24T11:34:31+00:00","og_image":[{"width":672,"height":448,"url":"https:\/\/cigarettepackingmachine.com\/wp-content\/uploads\/2024\/06\/Over-Wrapping-Machine.webp","type":"image\/webp"}],"twitter_card":"summary_large_image","twitter_misc":{"Tahmini okuma s\u00fcresi":"1 dakika"},"schema":{"@context":"https:\/\/schema.org","@graph":[{"@type":"WebPage","@id":"https:\/\/cigarettepackingmachine.com\/pl\/produkt\/maszyna-do-pakowania-papierosow-nago-na-zewnatrz\/","url":"https:\/\/cigarettepackingmachine.com\/pl\/produkt\/maszyna-do-pakowania-papierosow-nago-na-zewnatrz\/","name":"Naked Over Wrapper - Sigara \u00dcst\u00fc Sarma Makinesi","isPartOf":{"@id":"https:\/\/cigarettepackingmachine.com\/#website"},"primaryImageOfPage":{"@id":"https:\/\/cigarettepackingmachine.com\/pl\/produkt\/maszyna-do-pakowania-papierosow-nago-na-zewnatrz\/#primaryimage"},"image":{"@id":"https:\/\/cigarettepackingmachine.com\/pl\/produkt\/maszyna-do-pakowania-papierosow-nago-na-zewnatrz\/#primaryimage"},"thumbnailUrl":"https:\/\/cigarettepackingmachine.com\/wp-content\/uploads\/2024\/06\/Over-Wrapping-Machine.webp","datePublished":"2024-06-07T07:07:44+00:00","dateModified":"2024-06-24T11:34:31+00:00","description":"\u00c7\u0131plak \u00dcst Sarma Makinesi - Sigara \u00dcst Sarma Makinesi | G\u00f6nderime haz\u0131r \u2714 - Makine gereksinimleriniz i\u00e7in \u00f6zel fiyat teklifi almak \u00fczere bizimle ileti\u015fime ge\u00e7in","breadcrumb":{"@id":"https:\/\/cigarettepackingmachine.com\/pl\/produkt\/maszyna-do-pakowania-papierosow-nago-na-zewnatrz\/#breadcrumb"},"inLanguage":"tr","potentialAction":[{"@type":"ReadAction","target":["https:\/\/cigarettepackingmachine.com\/pl\/produkt\/maszyna-do-pakowania-papierosow-nago-na-zewnatrz\/"]}]},{"@type":"ImageObject","inLanguage":"tr","@id":"https:\/\/cigarettepackingmachine.com\/pl\/produkt\/maszyna-do-pakowania-papierosow-nago-na-zewnatrz\/#primaryimage","url":"https:\/\/cigarettepackingmachine.com\/wp-content\/uploads\/2024\/06\/Over-Wrapping-Machine.webp","contentUrl":"https:\/\/cigarettepackingmachine.com\/wp-content\/uploads\/2024\/06\/Over-Wrapping-Machine.webp","width":672,"height":448,"caption":"Cigarette Over Wrapping Machine"},{"@type":"BreadcrumbList","@id":"https:\/\/cigarettepackingmachine.com\/pl\/produkt\/maszyna-do-pakowania-papierosow-nago-na-zewnatrz\/#breadcrumb","itemListElement":[{"@type":"ListItem","position":1,"name":"Home","item":"https:\/\/cigarettepackingmachine.com\/"},{"@type":"ListItem","position":2,"name":"Products","item":"https:\/\/cigarettepackingmachine.com\/shop\/"},{"@type":"ListItem","position":3,"name":"Naked Over Wrapper &#8211; Cigarette Over Wrapping Machine"}]},{"@type":"WebSite","@id":"https:\/\/cigarettepackingmachine.com\/#website","url":"https:\/\/cigarettepackingmachine.com\/","name":"Sigara Paketleme Makineleri","description":"Sigara Paketleme Makineleri","potentialAction":[{"@type":"SearchAction","target":{"@type":"EntryPoint","urlTemplate":"https:\/\/cigarettepackingmachine.com\/?s={search_term_string}"},"query-input":{"@type":"PropertyValueSpecification","valueRequired":true,"valueName":"search_term_string"}}],"inLanguage":"tr"}]}},"_links":{"self":[{"href":"https:\/\/cigarettepackingmachine.com\/tr\/wp-json\/wp\/v2\/product\/28306","targetHints":{"allow":["GET"]}}],"collection":[{"href":"https:\/\/cigarettepackingmachine.com\/tr\/wp-json\/wp\/v2\/product"}],"about":[{"href":"https:\/\/cigarettepackingmachine.com\/tr\/wp-json\/wp\/v2\/types\/product"}],"replies":[{"embeddable":true,"href":"https:\/\/cigarettepackingmachine.com\/tr\/wp-json\/wp\/v2\/comments?post=28306"}],"version-history":[{"count":2,"href":"https:\/\/cigarettepackingmachine.com\/tr\/wp-json\/wp\/v2\/product\/28306\/revisions"}],"predecessor-version":[{"id":28643,"href":"https:\/\/cigarettepackingmachine.com\/tr\/wp-json\/wp\/v2\/product\/28306\/revisions\/28643"}],"wp:featuredmedia":[{"embeddable":true,"href":"https:\/\/cigarettepackingmachine.com\/tr\/wp-json\/wp\/v2\/media\/28252"}],"wp:attachment":[{"href":"https:\/\/cigarettepackingmachine.com\/tr\/wp-json\/wp\/v2\/media?parent=28306"}],"wp:term":[{"taxonomy":"product_brand","embeddable":true,"href":"https:\/\/cigarettepackingmachine.com\/tr\/wp-json\/wp\/v2\/product_brand?post=28306"},{"taxonomy":"product_cat","embeddable":true,"href":"https:\/\/cigarettepackingmachine.com\/tr\/wp-json\/wp\/v2\/product_cat?post=28306"},{"taxonomy":"product_tag","embeddable":true,"href":"https:\/\/cigarettepackingmachine.com\/tr\/wp-json\/wp\/v2\/product_tag?post=28306"}],"curies":[{"name":"wp","href":"https:\/\/api.w.org\/{rel}","templated":true}]}}