{"id":28303,"date":"2024-06-07T07:02:14","date_gmt":"2024-06-07T07:02:14","guid":{"rendered":"https:\/\/cigarettepackingmachine.com\/?post_type=product&#038;p=28303"},"modified":"2024-06-24T11:37:04","modified_gmt":"2024-06-24T11:37:04","slug":"sasib-boxer-cigarette-box-packing-machine","status":"publish","type":"product","link":"https:\/\/cigarettepackingmachine.com\/tr\/urun\/sasib-boxer-sigara-kutusu-paketleme-makinesi\/","title":{"rendered":"SASIB Boxer \u2013 Sigara Kutusu Paketleme Makinesi"},"content":{"rendered":"<p>\u0130\u015fte SASIB Boxer&#039;\u0131n baz\u0131 \u00f6nemli noktalar\u0131<\/p>\n<ol>\n<li>SASIB Boxer dakikada 25 kutuluk bir \u00fcretkenlikle \u00e7al\u0131\u015f\u0131r<\/li>\n<li>Hava bas\u0131nc\u0131 0,1m 3\/dk&#039;d\u0131r<\/li>\n<li>Bu makinenin g\u00fc\u00e7 gereksinimi 6kW&#039;t\u0131r<\/li>\n<li>Hem 220V hem de 380V&#039;da \u00e7al\u0131\u015f\u0131r<\/li>\n<li>A\u011f\u0131rl\u0131\u011f\u0131 1500 kg olup en uzun kenar\u0131 2200 mm&#039;dir<\/li>\n<li>70mm x 30mm x 20mm&#039;den daha b\u00fcy\u00fck boyutlara kadar de\u011fi\u015fen kutulara uygundur<\/li>\n<\/ol>","protected":false},"excerpt":{"rendered":"<p>SASIB Boxer, yeni ve eski i\u015f adamlar\u0131 i\u00e7in elektrikli, son derece hassas ve tam otomatik bir sigara kutusu sarma makinesidir. Bu makine optimum h\u0131z sa\u011flar ve d\u00fc\u015f\u00fck bak\u0131m gerektiren projelerde \u00e7al\u0131\u015fabilir. SASIB Boxer, onu verimli bir se\u00e7enek haline getiren hassas katlama, paketleme ve m\u00fch\u00fcrleme mekanizmalar\u0131na sahiptir.<\/p>","protected":false},"featured_media":28255,"comment_status":"closed","ping_status":"closed","template":"","meta":[],"product_brand":[],"product_cat":[106],"product_tag":[],"class_list":{"0":"post-28303","1":"product","2":"type-product","3":"status-publish","4":"has-post-thumbnail","6":"product_cat-wrapping-machine","8":"first","9":"instock","10":"shipping-taxable","11":"product-type-simple"},"yoast_head":"<!-- This site is optimized with the Yoast SEO plugin v27.0 - https:\/\/yoast.com\/product\/yoast-seo-wordpress\/ -->\n<title>SASIB Boxer - Cigarette Box Packing Machine<\/title>\n<meta name=\"description\" content=\"SASIB Boxer - Cigarette Box Packing Machine | Ready to ship \u2714 - Contact us to get custom quote for your machinery requirements\" \/>\n<meta name=\"robots\" content=\"index, follow, max-snippet:-1, max-image-preview:large, max-video-preview:-1\" \/>\n<link rel=\"canonical\" href=\"https:\/\/cigarettepackingmachine.com\/tr\/urun\/sasib-boxer-sigara-kutusu-paketleme-makinesi\/\" \/>\n<meta property=\"og:locale\" content=\"tr_TR\" \/>\n<meta property=\"og:type\" content=\"article\" \/>\n<meta property=\"og:title\" content=\"SASIB Boxer - Cigarette Box Packing Machine\" \/>\n<meta property=\"og:description\" content=\"SASIB Boxer - Cigarette Box Packing Machine | Ready to ship \u2714 - Contact us to get custom quote for your machinery requirements\" \/>\n<meta property=\"og:url\" content=\"https:\/\/cigarettepackingmachine.com\/tr\/urun\/sasib-boxer-sigara-kutusu-paketleme-makinesi\/\" \/>\n<meta property=\"og:site_name\" content=\"Cigarette Packing Machines\" \/>\n<meta property=\"article:modified_time\" content=\"2024-06-24T11:37:04+00:00\" \/>\n<meta property=\"og:image\" content=\"https:\/\/cigarettepackingmachine.com\/wp-content\/uploads\/2024\/06\/Boxer-Sasib-Wrapping-Machine.webp\" \/>\n\t<meta property=\"og:image:width\" content=\"684\" \/>\n\t<meta property=\"og:image:height\" content=\"456\" \/>\n\t<meta property=\"og:image:type\" content=\"image\/webp\" \/>\n<meta name=\"twitter:card\" content=\"summary_large_image\" \/>\n<!-- \/ Yoast SEO plugin. -->","yoast_head_json":{"title":"SASIB Boxer - Sigara Kutusu Paketleme Makinesi","description":"SASIB Boxer - Sigara Kutusu Paketleme Makinesi | G\u00f6nderime haz\u0131r \u2714 - Makine gereksinimleriniz i\u00e7in \u00f6zel fiyat teklifi almak \u00fczere bizimle ileti\u015fime ge\u00e7in","robots":{"index":"index","follow":"follow","max-snippet":"max-snippet:-1","max-image-preview":"max-image-preview:large","max-video-preview":"max-video-preview:-1"},"canonical":"https:\/\/cigarettepackingmachine.com\/tr\/urun\/sasib-boxer-sigara-kutusu-paketleme-makinesi\/","og_locale":"tr_TR","og_type":"article","og_title":"SASIB Boxer - Cigarette Box Packing Machine","og_description":"SASIB Boxer - Cigarette Box Packing Machine | Ready to ship \u2714 - Contact us to get custom quote for your machinery requirements","og_url":"https:\/\/cigarettepackingmachine.com\/tr\/urun\/sasib-boxer-sigara-kutusu-paketleme-makinesi\/","og_site_name":"Cigarette Packing Machines","article_modified_time":"2024-06-24T11:37:04+00:00","og_image":[{"width":684,"height":456,"url":"https:\/\/cigarettepackingmachine.com\/wp-content\/uploads\/2024\/06\/Boxer-Sasib-Wrapping-Machine.webp","type":"image\/webp"}],"twitter_card":"summary_large_image","schema":{"@context":"https:\/\/schema.org","@graph":[{"@type":"WebPage","@id":"https:\/\/cigarettepackingmachine.com\/tr\/urun\/sasib-boxer-sigara-kutusu-paketleme-makinesi\/","url":"https:\/\/cigarettepackingmachine.com\/tr\/urun\/sasib-boxer-sigara-kutusu-paketleme-makinesi\/","name":"SASIB Boxer - Sigara Kutusu Paketleme Makinesi","isPartOf":{"@id":"https:\/\/cigarettepackingmachine.com\/#website"},"primaryImageOfPage":{"@id":"https:\/\/cigarettepackingmachine.com\/tr\/urun\/sasib-boxer-sigara-kutusu-paketleme-makinesi\/#primaryimage"},"image":{"@id":"https:\/\/cigarettepackingmachine.com\/tr\/urun\/sasib-boxer-sigara-kutusu-paketleme-makinesi\/#primaryimage"},"thumbnailUrl":"https:\/\/cigarettepackingmachine.com\/wp-content\/uploads\/2024\/06\/Boxer-Sasib-Wrapping-Machine.webp","datePublished":"2024-06-07T07:02:14+00:00","dateModified":"2024-06-24T11:37:04+00:00","description":"SASIB Boxer - Sigara Kutusu Paketleme Makinesi | G\u00f6nderime haz\u0131r \u2714 - Makine gereksinimleriniz i\u00e7in \u00f6zel fiyat teklifi almak \u00fczere bizimle ileti\u015fime ge\u00e7in","breadcrumb":{"@id":"https:\/\/cigarettepackingmachine.com\/tr\/urun\/sasib-boxer-sigara-kutusu-paketleme-makinesi\/#breadcrumb"},"inLanguage":"tr","potentialAction":[{"@type":"ReadAction","target":["https:\/\/cigarettepackingmachine.com\/tr\/urun\/sasib-boxer-sigara-kutusu-paketleme-makinesi\/"]}]},{"@type":"ImageObject","inLanguage":"tr","@id":"https:\/\/cigarettepackingmachine.com\/tr\/urun\/sasib-boxer-sigara-kutusu-paketleme-makinesi\/#primaryimage","url":"https:\/\/cigarettepackingmachine.com\/wp-content\/uploads\/2024\/06\/Boxer-Sasib-Wrapping-Machine.webp","contentUrl":"https:\/\/cigarettepackingmachine.com\/wp-content\/uploads\/2024\/06\/Boxer-Sasib-Wrapping-Machine.webp","width":684,"height":456,"caption":"SASIB Boxer \u2013 Cigarette Box Packing Machine"},{"@type":"BreadcrumbList","@id":"https:\/\/cigarettepackingmachine.com\/tr\/urun\/sasib-boxer-sigara-kutusu-paketleme-makinesi\/#breadcrumb","itemListElement":[{"@type":"ListItem","position":1,"name":"Home","item":"https:\/\/cigarettepackingmachine.com\/"},{"@type":"ListItem","position":2,"name":"Products","item":"https:\/\/cigarettepackingmachine.com\/shop\/"},{"@type":"ListItem","position":3,"name":"SASIB Boxer &#8211; Cigarette Box Packing Machine"}]},{"@type":"WebSite","@id":"https:\/\/cigarettepackingmachine.com\/#website","url":"https:\/\/cigarettepackingmachine.com\/","name":"Sigara Paketleme Makineleri","description":"Sigara Paketleme Makineleri","potentialAction":[{"@type":"SearchAction","target":{"@type":"EntryPoint","urlTemplate":"https:\/\/cigarettepackingmachine.com\/?s={search_term_string}"},"query-input":{"@type":"PropertyValueSpecification","valueRequired":true,"valueName":"search_term_string"}}],"inLanguage":"tr"}]}},"_links":{"self":[{"href":"https:\/\/cigarettepackingmachine.com\/tr\/wp-json\/wp\/v2\/product\/28303","targetHints":{"allow":["GET"]}}],"collection":[{"href":"https:\/\/cigarettepackingmachine.com\/tr\/wp-json\/wp\/v2\/product"}],"about":[{"href":"https:\/\/cigarettepackingmachine.com\/tr\/wp-json\/wp\/v2\/types\/product"}],"replies":[{"embeddable":true,"href":"https:\/\/cigarettepackingmachine.com\/tr\/wp-json\/wp\/v2\/comments?post=28303"}],"version-history":[{"count":2,"href":"https:\/\/cigarettepackingmachine.com\/tr\/wp-json\/wp\/v2\/product\/28303\/revisions"}],"predecessor-version":[{"id":28645,"href":"https:\/\/cigarettepackingmachine.com\/tr\/wp-json\/wp\/v2\/product\/28303\/revisions\/28645"}],"wp:featuredmedia":[{"embeddable":true,"href":"https:\/\/cigarettepackingmachine.com\/tr\/wp-json\/wp\/v2\/media\/28255"}],"wp:attachment":[{"href":"https:\/\/cigarettepackingmachine.com\/tr\/wp-json\/wp\/v2\/media?parent=28303"}],"wp:term":[{"taxonomy":"product_brand","embeddable":true,"href":"https:\/\/cigarettepackingmachine.com\/tr\/wp-json\/wp\/v2\/product_brand?post=28303"},{"taxonomy":"product_cat","embeddable":true,"href":"https:\/\/cigarettepackingmachine.com\/tr\/wp-json\/wp\/v2\/product_cat?post=28303"},{"taxonomy":"product_tag","embeddable":true,"href":"https:\/\/cigarettepackingmachine.com\/tr\/wp-json\/wp\/v2\/product_tag?post=28303"}],"curies":[{"name":"wp","href":"https:\/\/api.w.org\/{rel}","templated":true}]}}