{"id":28297,"date":"2024-06-07T06:54:35","date_gmt":"2024-06-07T06:54:35","guid":{"rendered":"https:\/\/cigarettepackingmachine.com\/?post_type=product&#038;p=28297"},"modified":"2024-06-24T11:36:11","modified_gmt":"2024-06-24T11:36:11","slug":"molins-boxer-cigarette-box-packing-machine","status":"publish","type":"product","link":"https:\/\/cigarettepackingmachine.com\/tr\/urun\/molins-boxer-sigara-kutusu-paketleme-makinesi\/","title":{"rendered":"Molins Boxer \u2013 Sigara Kutusu Paketleme Makinesi"},"content":{"rendered":"<p>\u0130\u015fte Molins Boxer&#039;\u0131n baz\u0131 \u00f6nemli noktalar\u0131<\/p>\n<ol>\n<li>Molins Boxer dakikada 20 kutu h\u0131z\u0131na sahiptir<\/li>\n<li>0,05m3 \/dk hava bas\u0131nc\u0131na sahiptir<\/li>\n<li>Makine yar\u0131m ton a\u011f\u0131rl\u0131\u011f\u0131nda olup en uzun kenar\u0131 2600 mm&#039;dir<\/li>\n<li>3 kW g\u00fc\u00e7 gereksinimine sahip verimli makine<\/li>\n<li>Hem 220V hem de 380V&#039;da \u00e7al\u0131\u015f\u0131r<\/li>\n<li>\u00b10.2mm hata pay\u0131na sahip \u00e7ok hassas bir makinedir<\/li>\n<\/ol>","protected":false},"excerpt":{"rendered":"<p>Molins Boxer, geni\u015f bir boyut ve \u00e7\u0131kt\u0131 yelpazesiyle ba\u015fa \u00e7\u0131kan 5 de\u011fi\u015ftirilebilir katlama plakas\u0131na sahip \u00e7ok y\u00f6nl\u00fc bir Sigara Kutusu Sarma Makinesidir. Bu makine verimli bir \u015fekilde \u00e7al\u0131\u015fmak ve i\u015fletme ve bak\u0131m maliyetlerini azaltmak i\u00e7in tasarlanm\u0131\u015ft\u0131r. Bir g\u00fcvenlik kilitleme sistemiyle bu makine iyi bir Kutu Paketleme se\u00e7imidir.<\/p>","protected":false},"featured_media":28253,"comment_status":"closed","ping_status":"closed","template":"","meta":[],"product_brand":[],"product_cat":[106],"product_tag":[],"class_list":{"0":"post-28297","1":"product","2":"type-product","3":"status-publish","4":"has-post-thumbnail","6":"product_cat-wrapping-machine","8":"first","9":"instock","10":"shipping-taxable","11":"product-type-simple"},"yoast_head":"<!-- This site is optimized with the Yoast SEO plugin v27.0 - https:\/\/yoast.com\/product\/yoast-seo-wordpress\/ -->\n<title>Molins Boxer - Cigarette Box Packing Machine<\/title>\n<meta name=\"description\" content=\"Molins Boxer - Cigarette Box Packing Machine | Ready to ship \u2714 - Contact us to get custom quote for your machinery requirements\" \/>\n<meta name=\"robots\" content=\"index, follow, max-snippet:-1, max-image-preview:large, max-video-preview:-1\" \/>\n<link rel=\"canonical\" href=\"https:\/\/cigarettepackingmachine.com\/tr\/urun\/molins-boxer-sigara-kutusu-paketleme-makinesi\/\" \/>\n<meta property=\"og:locale\" content=\"tr_TR\" \/>\n<meta property=\"og:type\" content=\"article\" \/>\n<meta property=\"og:title\" content=\"Molins Boxer - Cigarette Box Packing Machine\" \/>\n<meta property=\"og:description\" content=\"Molins Boxer - Cigarette Box Packing Machine | Ready to ship \u2714 - Contact us to get custom quote for your machinery requirements\" \/>\n<meta property=\"og:url\" content=\"https:\/\/cigarettepackingmachine.com\/tr\/urun\/molins-boxer-sigara-kutusu-paketleme-makinesi\/\" \/>\n<meta property=\"og:site_name\" content=\"Cigarette Packing Machines\" \/>\n<meta property=\"article:modified_time\" content=\"2024-06-24T11:36:11+00:00\" \/>\n<meta property=\"og:image\" content=\"https:\/\/cigarettepackingmachine.com\/wp-content\/uploads\/2024\/06\/Cigarette-Box-Packing-Machine.webp\" \/>\n\t<meta property=\"og:image:width\" content=\"576\" \/>\n\t<meta property=\"og:image:height\" content=\"384\" \/>\n\t<meta property=\"og:image:type\" content=\"image\/webp\" \/>\n<meta name=\"twitter:card\" content=\"summary_large_image\" \/>\n<!-- \/ Yoast SEO plugin. -->","yoast_head_json":{"title":"Molins Boxer - Sigara Kutusu Paketleme Makinesi","description":"Molins Boxer - Sigara Kutusu Paketleme Makinesi | G\u00f6nderime haz\u0131r \u2714 - Makine gereksinimleriniz i\u00e7in \u00f6zel fiyat teklifi almak \u00fczere bizimle ileti\u015fime ge\u00e7in","robots":{"index":"index","follow":"follow","max-snippet":"max-snippet:-1","max-image-preview":"max-image-preview:large","max-video-preview":"max-video-preview:-1"},"canonical":"https:\/\/cigarettepackingmachine.com\/tr\/urun\/molins-boxer-sigara-kutusu-paketleme-makinesi\/","og_locale":"tr_TR","og_type":"article","og_title":"Molins Boxer - Cigarette Box Packing Machine","og_description":"Molins Boxer - Cigarette Box Packing Machine | Ready to ship \u2714 - Contact us to get custom quote for your machinery requirements","og_url":"https:\/\/cigarettepackingmachine.com\/tr\/urun\/molins-boxer-sigara-kutusu-paketleme-makinesi\/","og_site_name":"Cigarette Packing Machines","article_modified_time":"2024-06-24T11:36:11+00:00","og_image":[{"width":576,"height":384,"url":"https:\/\/cigarettepackingmachine.com\/wp-content\/uploads\/2024\/06\/Cigarette-Box-Packing-Machine.webp","type":"image\/webp"}],"twitter_card":"summary_large_image","schema":{"@context":"https:\/\/schema.org","@graph":[{"@type":"WebPage","@id":"https:\/\/cigarettepackingmachine.com\/tr\/urun\/molins-boxer-sigara-kutusu-paketleme-makinesi\/","url":"https:\/\/cigarettepackingmachine.com\/tr\/urun\/molins-boxer-sigara-kutusu-paketleme-makinesi\/","name":"Molins Boxer - Sigara Kutusu Paketleme Makinesi","isPartOf":{"@id":"https:\/\/cigarettepackingmachine.com\/#website"},"primaryImageOfPage":{"@id":"https:\/\/cigarettepackingmachine.com\/tr\/urun\/molins-boxer-sigara-kutusu-paketleme-makinesi\/#primaryimage"},"image":{"@id":"https:\/\/cigarettepackingmachine.com\/tr\/urun\/molins-boxer-sigara-kutusu-paketleme-makinesi\/#primaryimage"},"thumbnailUrl":"https:\/\/cigarettepackingmachine.com\/wp-content\/uploads\/2024\/06\/Cigarette-Box-Packing-Machine.webp","datePublished":"2024-06-07T06:54:35+00:00","dateModified":"2024-06-24T11:36:11+00:00","description":"Molins Boxer - Sigara Kutusu Paketleme Makinesi | G\u00f6nderime haz\u0131r \u2714 - Makine gereksinimleriniz i\u00e7in \u00f6zel fiyat teklifi almak \u00fczere bizimle ileti\u015fime ge\u00e7in","breadcrumb":{"@id":"https:\/\/cigarettepackingmachine.com\/tr\/urun\/molins-boxer-sigara-kutusu-paketleme-makinesi\/#breadcrumb"},"inLanguage":"tr","potentialAction":[{"@type":"ReadAction","target":["https:\/\/cigarettepackingmachine.com\/tr\/urun\/molins-boxer-sigara-kutusu-paketleme-makinesi\/"]}]},{"@type":"ImageObject","inLanguage":"tr","@id":"https:\/\/cigarettepackingmachine.com\/tr\/urun\/molins-boxer-sigara-kutusu-paketleme-makinesi\/#primaryimage","url":"https:\/\/cigarettepackingmachine.com\/wp-content\/uploads\/2024\/06\/Cigarette-Box-Packing-Machine.webp","contentUrl":"https:\/\/cigarettepackingmachine.com\/wp-content\/uploads\/2024\/06\/Cigarette-Box-Packing-Machine.webp","width":576,"height":384,"caption":"Cigarette Box Packing Machine"},{"@type":"BreadcrumbList","@id":"https:\/\/cigarettepackingmachine.com\/tr\/urun\/molins-boxer-sigara-kutusu-paketleme-makinesi\/#breadcrumb","itemListElement":[{"@type":"ListItem","position":1,"name":"Home","item":"https:\/\/cigarettepackingmachine.com\/"},{"@type":"ListItem","position":2,"name":"Products","item":"https:\/\/cigarettepackingmachine.com\/shop\/"},{"@type":"ListItem","position":3,"name":"Molins Boxer &#8211; Cigarette Box Packing Machine"}]},{"@type":"WebSite","@id":"https:\/\/cigarettepackingmachine.com\/#website","url":"https:\/\/cigarettepackingmachine.com\/","name":"Sigara Paketleme Makineleri","description":"Sigara Paketleme Makineleri","potentialAction":[{"@type":"SearchAction","target":{"@type":"EntryPoint","urlTemplate":"https:\/\/cigarettepackingmachine.com\/?s={search_term_string}"},"query-input":{"@type":"PropertyValueSpecification","valueRequired":true,"valueName":"search_term_string"}}],"inLanguage":"tr"}]}},"_links":{"self":[{"href":"https:\/\/cigarettepackingmachine.com\/tr\/wp-json\/wp\/v2\/product\/28297","targetHints":{"allow":["GET"]}}],"collection":[{"href":"https:\/\/cigarettepackingmachine.com\/tr\/wp-json\/wp\/v2\/product"}],"about":[{"href":"https:\/\/cigarettepackingmachine.com\/tr\/wp-json\/wp\/v2\/types\/product"}],"replies":[{"embeddable":true,"href":"https:\/\/cigarettepackingmachine.com\/tr\/wp-json\/wp\/v2\/comments?post=28297"}],"version-history":[{"count":2,"href":"https:\/\/cigarettepackingmachine.com\/tr\/wp-json\/wp\/v2\/product\/28297\/revisions"}],"predecessor-version":[{"id":28644,"href":"https:\/\/cigarettepackingmachine.com\/tr\/wp-json\/wp\/v2\/product\/28297\/revisions\/28644"}],"wp:featuredmedia":[{"embeddable":true,"href":"https:\/\/cigarettepackingmachine.com\/tr\/wp-json\/wp\/v2\/media\/28253"}],"wp:attachment":[{"href":"https:\/\/cigarettepackingmachine.com\/tr\/wp-json\/wp\/v2\/media?parent=28297"}],"wp:term":[{"taxonomy":"product_brand","embeddable":true,"href":"https:\/\/cigarettepackingmachine.com\/tr\/wp-json\/wp\/v2\/product_brand?post=28297"},{"taxonomy":"product_cat","embeddable":true,"href":"https:\/\/cigarettepackingmachine.com\/tr\/wp-json\/wp\/v2\/product_cat?post=28297"},{"taxonomy":"product_tag","embeddable":true,"href":"https:\/\/cigarettepackingmachine.com\/tr\/wp-json\/wp\/v2\/product_tag?post=28297"}],"curies":[{"name":"wp","href":"https:\/\/api.w.org\/{rel}","templated":true}]}}