{"id":28295,"date":"2024-06-07T06:51:29","date_gmt":"2024-06-07T06:51:29","guid":{"rendered":"https:\/\/cigarettepackingmachine.com\/?post_type=product&#038;p=28295"},"modified":"2024-06-24T11:33:01","modified_gmt":"2024-06-24T11:33:01","slug":"regular-cigarette-wrapping-machine","status":"publish","type":"product","link":"https:\/\/cigarettepackingmachine.com\/tr\/urun\/normal-sigara-sarma-makinesi\/","title":{"rendered":"Normal Sigara Sarma Makinesi"},"content":{"rendered":"<p>\u0130\u015fte CP-1&#039;in baz\u0131 \u00f6nemli noktalar\u0131<\/p>\n<ol>\n<li>Dakikada 250 paket sarmak i\u00e7in \u00fcretilmi\u015ftir<\/li>\n<li>Genellikle 85 mm ile 100 mm aras\u0131nda de\u011fi\u015fen birden fazla boyutla ilgilenir<\/li>\n<li>Dayan\u0131kl\u0131l\u0131\u011f\u0131 garantilemek i\u00e7in Biaksiyel Y\u00f6nlendirilmi\u015f Polipropilen veya selofan film kullan\u0131r<\/li>\n<li>Paketleme ihtiya\u00e7lar\u0131n\u0131za g\u00f6re 20 ila 40 mikron aras\u0131 film boyutlar\u0131n\u0131 i\u015fleyebilir<\/li>\n<li>\u00c7o\u011fu end\u00fcstriyel \u00fcnitede bulunan 220V ve 380V ile 5kW&#039;ta \u00e7al\u0131\u015f\u0131r<\/li>\n<li>\u00dcst d\u00fczey m\u00fchendisli\u011fi ile \u00b10,5 mm hata pay\u0131 sa\u011flar<\/li>\n<li>Kesintisiz i\u015flem i\u00e7in otomatik film besleme sistemine sahiptir<\/li>\n<li>2300 kg&#039;l\u0131k a\u011f\u0131rl\u0131\u011f\u0131 ve 2200 mm&#039;ye kadar maksimum yan uzunlu\u011fu ile her yere kolayca s\u0131\u011far<\/li>\n<li>Hassas kontrol i\u00e7in PLC (Programlanabilir Mant\u0131k Denetleyicisi) bulunmaktad\u0131r.<\/li>\n<\/ol>\n<p>&nbsp;<\/p>","protected":false},"excerpt":{"rendered":"<p>CP-1 Sigara Paketi Sarma Makinesi, otomasyonla \u00fcretim hacimlerini idare etme ve manuel maliyetleri azaltma \u00f6zelli\u011fiyle gelen m\u00fckemmel bir se\u00e7imdir. Bu makine \u00e7e\u015fitli boyutlar\u0131 idare eder ve tutarl\u0131l\u0131\u011f\u0131 sayesinde sabit bir \u00e7\u0131kt\u0131y\u0131 verimli bir \u015fekilde sa\u011flar.<\/p>","protected":false},"featured_media":28251,"comment_status":"closed","ping_status":"closed","template":"","meta":[],"product_brand":[],"product_cat":[107],"product_tag":[],"class_list":{"0":"post-28295","1":"product","2":"type-product","3":"status-publish","4":"has-post-thumbnail","6":"product_cat-used-wrapping-machine","8":"first","9":"instock","10":"shipping-taxable","11":"product-type-simple"},"yoast_head":"<!-- This site is optimized with the Yoast SEO plugin v27.0 - https:\/\/yoast.com\/product\/yoast-seo-wordpress\/ -->\n<title>Regular Cigarette Wrapping Machine<\/title>\n<meta name=\"description\" content=\"Regular Cigarette Wrapping Machine | Ready to ship \u2714 - Contact us to get custom quote for your machinery requirements\" \/>\n<meta name=\"robots\" content=\"index, follow, max-snippet:-1, max-image-preview:large, max-video-preview:-1\" \/>\n<link rel=\"canonical\" href=\"https:\/\/cigarettepackingmachine.com\/tr\/urun\/normal-sigara-sarma-makinesi\/\" \/>\n<meta property=\"og:locale\" content=\"tr_TR\" \/>\n<meta property=\"og:type\" content=\"article\" \/>\n<meta property=\"og:title\" content=\"Regular Cigarette Wrapping Machine\" \/>\n<meta property=\"og:description\" content=\"Regular Cigarette Wrapping Machine | Ready to ship \u2714 - Contact us to get custom quote for your machinery requirements\" \/>\n<meta property=\"og:url\" content=\"https:\/\/cigarettepackingmachine.com\/tr\/urun\/normal-sigara-sarma-makinesi\/\" \/>\n<meta property=\"og:site_name\" content=\"Cigarette Packing Machines\" \/>\n<meta property=\"article:modified_time\" content=\"2024-06-24T11:33:01+00:00\" \/>\n<meta property=\"og:image\" content=\"https:\/\/cigarettepackingmachine.com\/wp-content\/uploads\/2024\/06\/CP1-Cigarette-Wrapping-Machine.webp\" \/>\n\t<meta property=\"og:image:width\" content=\"744\" \/>\n\t<meta property=\"og:image:height\" content=\"496\" \/>\n\t<meta property=\"og:image:type\" content=\"image\/webp\" \/>\n<meta name=\"twitter:card\" content=\"summary_large_image\" \/>\n<meta name=\"twitter:label1\" content=\"Tahmini okuma s\u00fcresi\" \/>\n\t<meta name=\"twitter:data1\" content=\"1 dakika\" \/>\n<!-- \/ Yoast SEO plugin. -->","yoast_head_json":{"title":"Normal Sigara Sarma Makinesi","description":"Normal Sigara Sarma Makinesi | G\u00f6nderime haz\u0131r \u2714 - Makine gereksinimleriniz i\u00e7in \u00f6zel fiyat teklifi almak \u00fczere bizimle ileti\u015fime ge\u00e7in","robots":{"index":"index","follow":"follow","max-snippet":"max-snippet:-1","max-image-preview":"max-image-preview:large","max-video-preview":"max-video-preview:-1"},"canonical":"https:\/\/cigarettepackingmachine.com\/tr\/urun\/normal-sigara-sarma-makinesi\/","og_locale":"tr_TR","og_type":"article","og_title":"Regular Cigarette Wrapping Machine","og_description":"Regular Cigarette Wrapping Machine | Ready to ship \u2714 - Contact us to get custom quote for your machinery requirements","og_url":"https:\/\/cigarettepackingmachine.com\/tr\/urun\/normal-sigara-sarma-makinesi\/","og_site_name":"Cigarette Packing Machines","article_modified_time":"2024-06-24T11:33:01+00:00","og_image":[{"width":744,"height":496,"url":"https:\/\/cigarettepackingmachine.com\/wp-content\/uploads\/2024\/06\/CP1-Cigarette-Wrapping-Machine.webp","type":"image\/webp"}],"twitter_card":"summary_large_image","twitter_misc":{"Tahmini okuma s\u00fcresi":"1 dakika"},"schema":{"@context":"https:\/\/schema.org","@graph":[{"@type":"WebPage","@id":"https:\/\/cigarettepackingmachine.com\/product\/regular-cigarette-wrapping-machine\/","url":"https:\/\/cigarettepackingmachine.com\/product\/regular-cigarette-wrapping-machine\/","name":"Normal Sigara Sarma Makinesi","isPartOf":{"@id":"https:\/\/cigarettepackingmachine.com\/#website"},"primaryImageOfPage":{"@id":"https:\/\/cigarettepackingmachine.com\/product\/regular-cigarette-wrapping-machine\/#primaryimage"},"image":{"@id":"https:\/\/cigarettepackingmachine.com\/product\/regular-cigarette-wrapping-machine\/#primaryimage"},"thumbnailUrl":"https:\/\/cigarettepackingmachine.com\/wp-content\/uploads\/2024\/06\/CP1-Cigarette-Wrapping-Machine.webp","datePublished":"2024-06-07T06:51:29+00:00","dateModified":"2024-06-24T11:33:01+00:00","description":"Normal Sigara Sarma Makinesi | G\u00f6nderime haz\u0131r \u2714 - Makine gereksinimleriniz i\u00e7in \u00f6zel fiyat teklifi almak \u00fczere bizimle ileti\u015fime ge\u00e7in","breadcrumb":{"@id":"https:\/\/cigarettepackingmachine.com\/product\/regular-cigarette-wrapping-machine\/#breadcrumb"},"inLanguage":"tr","potentialAction":[{"@type":"ReadAction","target":["https:\/\/cigarettepackingmachine.com\/product\/regular-cigarette-wrapping-machine\/"]}]},{"@type":"ImageObject","inLanguage":"tr","@id":"https:\/\/cigarettepackingmachine.com\/product\/regular-cigarette-wrapping-machine\/#primaryimage","url":"https:\/\/cigarettepackingmachine.com\/wp-content\/uploads\/2024\/06\/CP1-Cigarette-Wrapping-Machine.webp","contentUrl":"https:\/\/cigarettepackingmachine.com\/wp-content\/uploads\/2024\/06\/CP1-Cigarette-Wrapping-Machine.webp","width":744,"height":496,"caption":"Cigarette Wrapping Machine"},{"@type":"BreadcrumbList","@id":"https:\/\/cigarettepackingmachine.com\/product\/regular-cigarette-wrapping-machine\/#breadcrumb","itemListElement":[{"@type":"ListItem","position":1,"name":"Home","item":"https:\/\/cigarettepackingmachine.com\/"},{"@type":"ListItem","position":2,"name":"Products","item":"https:\/\/cigarettepackingmachine.com\/shop\/"},{"@type":"ListItem","position":3,"name":"Regular Cigarette Wrapping Machine"}]},{"@type":"WebSite","@id":"https:\/\/cigarettepackingmachine.com\/#website","url":"https:\/\/cigarettepackingmachine.com\/","name":"Sigara Paketleme Makineleri","description":"Sigara Paketleme Makineleri","potentialAction":[{"@type":"SearchAction","target":{"@type":"EntryPoint","urlTemplate":"https:\/\/cigarettepackingmachine.com\/?s={search_term_string}"},"query-input":{"@type":"PropertyValueSpecification","valueRequired":true,"valueName":"search_term_string"}}],"inLanguage":"tr"}]}},"_links":{"self":[{"href":"https:\/\/cigarettepackingmachine.com\/tr\/wp-json\/wp\/v2\/product\/28295","targetHints":{"allow":["GET"]}}],"collection":[{"href":"https:\/\/cigarettepackingmachine.com\/tr\/wp-json\/wp\/v2\/product"}],"about":[{"href":"https:\/\/cigarettepackingmachine.com\/tr\/wp-json\/wp\/v2\/types\/product"}],"replies":[{"embeddable":true,"href":"https:\/\/cigarettepackingmachine.com\/tr\/wp-json\/wp\/v2\/comments?post=28295"}],"version-history":[{"count":3,"href":"https:\/\/cigarettepackingmachine.com\/tr\/wp-json\/wp\/v2\/product\/28295\/revisions"}],"predecessor-version":[{"id":28642,"href":"https:\/\/cigarettepackingmachine.com\/tr\/wp-json\/wp\/v2\/product\/28295\/revisions\/28642"}],"wp:featuredmedia":[{"embeddable":true,"href":"https:\/\/cigarettepackingmachine.com\/tr\/wp-json\/wp\/v2\/media\/28251"}],"wp:attachment":[{"href":"https:\/\/cigarettepackingmachine.com\/tr\/wp-json\/wp\/v2\/media?parent=28295"}],"wp:term":[{"taxonomy":"product_brand","embeddable":true,"href":"https:\/\/cigarettepackingmachine.com\/tr\/wp-json\/wp\/v2\/product_brand?post=28295"},{"taxonomy":"product_cat","embeddable":true,"href":"https:\/\/cigarettepackingmachine.com\/tr\/wp-json\/wp\/v2\/product_cat?post=28295"},{"taxonomy":"product_tag","embeddable":true,"href":"https:\/\/cigarettepackingmachine.com\/tr\/wp-json\/wp\/v2\/product_tag?post=28295"}],"curies":[{"name":"wp","href":"https:\/\/api.w.org\/{rel}","templated":true}]}}