{"id":28287,"date":"2024-06-07T06:23:53","date_gmt":"2024-06-07T06:23:53","guid":{"rendered":"https:\/\/cigarettepackingmachine.com\/?post_type=product&#038;p=28287"},"modified":"2024-06-13T08:18:52","modified_gmt":"2024-06-13T08:18:52","slug":"hlp-225-cigarette-packing-machine","status":"publish","type":"product","link":"https:\/\/cigarettepackingmachine.com\/tr\/urun\/hlp-225-sigara-paketleme-makinesi\/","title":{"rendered":"HLP 225 Sigara Paketleme Makinesi"},"content":{"rendered":"<ol>\n<li>HLP 225 dakikada 225 sigara paketi paketleyebiliyor ve dakikada yakla\u015f\u0131k 13.500 sigaray\u0131 i\u015fleyebiliyor.<\/li>\n<li>Bu makine king-size, demi, slim, s\u00fcper slim ve nano boyutlar\u0131yla \u00e7al\u0131\u015f\u0131r.<\/li>\n<li>Yuvarlak K\u00f6\u015fe, E\u011fik Kenar, D Tipi ve Kare paket kurulumuyla mevcuttur.<\/li>\n<li>HLP 225, \u00b10,05 mm&#039;ye kadar hassasiyete sahiptir.<\/li>\n<li>Manuel \u00e7al\u0131\u015fmaya olan ba\u011f\u0131ml\u0131l\u0131\u011f\u0131 azalt\u0131r ve hatay\u0131 azaltarak operasyonel verimlili\u011fi art\u0131r\u0131r.<\/li>\n<li>Uzun s\u00fcreli \u00e7al\u0131\u015fmaya uygun olarak tasarlanan bu sistemin bak\u0131m saatleri 10.000 ile 12.000 \u00e7al\u0131\u015fma saati aras\u0131nda de\u011fi\u015fiyor.<\/li>\n<li>Bu sigara paketleme makinas\u0131 kar\u015f\u0131la\u015ft\u0131rmal\u0131 olarak yakla\u015f\u0131k 25-35% daha az enerji t\u00fcketmektedir.<\/li>\n<li>Y\u00fcksek verimine ra\u011fmen az yer kaplar ve \u00fcretim alanlar\u0131na kolayca s\u0131\u011far.<\/li>\n<li>Orta ve b\u00fcy\u00fck \u00fcretim hacimleri i\u00e7in en uygunudur.<\/li>\n<\/ol>","protected":false},"excerpt":{"rendered":"<p>HLP 225 sigara paketleme makinesi, orta ila b\u00fcy\u00fck hacimli i\u015fletmelere sunulan ve yenilenen \u00e7ift pistonlu bir makinedir. T\u00fcm olas\u0131 fakt\u00f6rleri g\u00f6z \u00f6n\u00fcnde bulundurarak modern sigara \u00fcretiminin zorlu gereksinimlerini kar\u015f\u0131lamak \u00fczere tasarlanm\u0131\u015ft\u0131r. \u0130\u015fte HLP 225&#039;in baz\u0131 \u00f6nemli \u00f6zellikleri<\/p>","protected":false},"featured_media":28206,"comment_status":"closed","ping_status":"closed","template":"","meta":[],"product_brand":[],"product_cat":[104],"product_tag":[],"class_list":{"0":"post-28287","1":"product","2":"type-product","3":"status-publish","4":"has-post-thumbnail","6":"product_cat-packing-machine","8":"first","9":"instock","10":"shipping-taxable","11":"product-type-simple"},"yoast_head":"<!-- This site is optimized with the Yoast SEO plugin v27.0 - https:\/\/yoast.com\/product\/yoast-seo-wordpress\/ -->\n<title>HLP 225 Cigarette Packing Machine<\/title>\n<meta name=\"description\" content=\"HLP 225 Cigarette Packing Machine | Ready to ship \u2714 - Contact us to get custom quote for your machinery requirements\" \/>\n<meta name=\"robots\" content=\"index, follow, max-snippet:-1, max-image-preview:large, max-video-preview:-1\" \/>\n<link rel=\"canonical\" href=\"https:\/\/cigarettepackingmachine.com\/tr\/urun\/hlp-225-sigara-paketleme-makinesi\/\" \/>\n<meta property=\"og:locale\" content=\"tr_TR\" \/>\n<meta property=\"og:type\" content=\"article\" \/>\n<meta property=\"og:title\" content=\"HLP 225 Cigarette Packing Machine\" \/>\n<meta property=\"og:description\" content=\"HLP 225 Cigarette Packing Machine | Ready to ship \u2714 - Contact us to get custom quote for your machinery requirements\" \/>\n<meta property=\"og:url\" content=\"https:\/\/cigarettepackingmachine.com\/tr\/urun\/hlp-225-sigara-paketleme-makinesi\/\" \/>\n<meta property=\"og:site_name\" content=\"Cigarette Packing Machines\" \/>\n<meta property=\"article:modified_time\" content=\"2024-06-13T08:18:52+00:00\" \/>\n<meta property=\"og:image\" content=\"https:\/\/cigarettepackingmachine.com\/wp-content\/uploads\/2024\/06\/HLP-Cigarette-Packing-Machine.webp\" \/>\n\t<meta property=\"og:image:width\" content=\"1200\" \/>\n\t<meta property=\"og:image:height\" content=\"800\" \/>\n\t<meta property=\"og:image:type\" content=\"image\/webp\" \/>\n<meta name=\"twitter:card\" content=\"summary_large_image\" \/>\n<meta name=\"twitter:label1\" content=\"Tahmini okuma s\u00fcresi\" \/>\n\t<meta name=\"twitter:data1\" content=\"1 dakika\" \/>\n<!-- \/ Yoast SEO plugin. -->","yoast_head_json":{"title":"HLP 225 Sigara Paketleme Makinesi","description":"HLP 225 Sigara Paketleme Makinesi | G\u00f6nderime haz\u0131r \u2714 - Makine gereksinimleriniz i\u00e7in \u00f6zel fiyat teklifi almak \u00fczere bizimle ileti\u015fime ge\u00e7in","robots":{"index":"index","follow":"follow","max-snippet":"max-snippet:-1","max-image-preview":"max-image-preview:large","max-video-preview":"max-video-preview:-1"},"canonical":"https:\/\/cigarettepackingmachine.com\/tr\/urun\/hlp-225-sigara-paketleme-makinesi\/","og_locale":"tr_TR","og_type":"article","og_title":"HLP 225 Cigarette Packing Machine","og_description":"HLP 225 Cigarette Packing Machine | Ready to ship \u2714 - Contact us to get custom quote for your machinery requirements","og_url":"https:\/\/cigarettepackingmachine.com\/tr\/urun\/hlp-225-sigara-paketleme-makinesi\/","og_site_name":"Cigarette Packing Machines","article_modified_time":"2024-06-13T08:18:52+00:00","og_image":[{"width":1200,"height":800,"url":"https:\/\/cigarettepackingmachine.com\/wp-content\/uploads\/2024\/06\/HLP-Cigarette-Packing-Machine.webp","type":"image\/webp"}],"twitter_card":"summary_large_image","twitter_misc":{"Tahmini okuma s\u00fcresi":"1 dakika"},"schema":{"@context":"https:\/\/schema.org","@graph":[{"@type":"WebPage","@id":"https:\/\/cigarettepackingmachine.com\/product\/hlp-225-cigarette-packing-machine\/","url":"https:\/\/cigarettepackingmachine.com\/product\/hlp-225-cigarette-packing-machine\/","name":"HLP 225 Sigara Paketleme Makinesi","isPartOf":{"@id":"https:\/\/cigarettepackingmachine.com\/#website"},"primaryImageOfPage":{"@id":"https:\/\/cigarettepackingmachine.com\/product\/hlp-225-cigarette-packing-machine\/#primaryimage"},"image":{"@id":"https:\/\/cigarettepackingmachine.com\/product\/hlp-225-cigarette-packing-machine\/#primaryimage"},"thumbnailUrl":"https:\/\/cigarettepackingmachine.com\/wp-content\/uploads\/2024\/06\/HLP-Cigarette-Packing-Machine.webp","datePublished":"2024-06-07T06:23:53+00:00","dateModified":"2024-06-13T08:18:52+00:00","description":"HLP 225 Sigara Paketleme Makinesi | G\u00f6nderime haz\u0131r \u2714 - Makine gereksinimleriniz i\u00e7in \u00f6zel fiyat teklifi almak \u00fczere bizimle ileti\u015fime ge\u00e7in","breadcrumb":{"@id":"https:\/\/cigarettepackingmachine.com\/product\/hlp-225-cigarette-packing-machine\/#breadcrumb"},"inLanguage":"tr","potentialAction":[{"@type":"ReadAction","target":["https:\/\/cigarettepackingmachine.com\/product\/hlp-225-cigarette-packing-machine\/"]}]},{"@type":"ImageObject","inLanguage":"tr","@id":"https:\/\/cigarettepackingmachine.com\/product\/hlp-225-cigarette-packing-machine\/#primaryimage","url":"https:\/\/cigarettepackingmachine.com\/wp-content\/uploads\/2024\/06\/HLP-Cigarette-Packing-Machine.webp","contentUrl":"https:\/\/cigarettepackingmachine.com\/wp-content\/uploads\/2024\/06\/HLP-Cigarette-Packing-Machine.webp","width":1200,"height":800,"caption":"HLP Cigarette Packing Machine"},{"@type":"BreadcrumbList","@id":"https:\/\/cigarettepackingmachine.com\/product\/hlp-225-cigarette-packing-machine\/#breadcrumb","itemListElement":[{"@type":"ListItem","position":1,"name":"Home","item":"https:\/\/cigarettepackingmachine.com\/"},{"@type":"ListItem","position":2,"name":"Products","item":"https:\/\/cigarettepackingmachine.com\/shop\/"},{"@type":"ListItem","position":3,"name":"HLP 225 Cigarette Packing Machine"}]},{"@type":"WebSite","@id":"https:\/\/cigarettepackingmachine.com\/#website","url":"https:\/\/cigarettepackingmachine.com\/","name":"Sigara Paketleme Makineleri","description":"Sigara Paketleme Makineleri","potentialAction":[{"@type":"SearchAction","target":{"@type":"EntryPoint","urlTemplate":"https:\/\/cigarettepackingmachine.com\/?s={search_term_string}"},"query-input":{"@type":"PropertyValueSpecification","valueRequired":true,"valueName":"search_term_string"}}],"inLanguage":"tr"}]}},"_links":{"self":[{"href":"https:\/\/cigarettepackingmachine.com\/tr\/wp-json\/wp\/v2\/product\/28287","targetHints":{"allow":["GET"]}}],"collection":[{"href":"https:\/\/cigarettepackingmachine.com\/tr\/wp-json\/wp\/v2\/product"}],"about":[{"href":"https:\/\/cigarettepackingmachine.com\/tr\/wp-json\/wp\/v2\/types\/product"}],"replies":[{"embeddable":true,"href":"https:\/\/cigarettepackingmachine.com\/tr\/wp-json\/wp\/v2\/comments?post=28287"}],"version-history":[{"count":4,"href":"https:\/\/cigarettepackingmachine.com\/tr\/wp-json\/wp\/v2\/product\/28287\/revisions"}],"predecessor-version":[{"id":28518,"href":"https:\/\/cigarettepackingmachine.com\/tr\/wp-json\/wp\/v2\/product\/28287\/revisions\/28518"}],"wp:featuredmedia":[{"embeddable":true,"href":"https:\/\/cigarettepackingmachine.com\/tr\/wp-json\/wp\/v2\/media\/28206"}],"wp:attachment":[{"href":"https:\/\/cigarettepackingmachine.com\/tr\/wp-json\/wp\/v2\/media?parent=28287"}],"wp:term":[{"taxonomy":"product_brand","embeddable":true,"href":"https:\/\/cigarettepackingmachine.com\/tr\/wp-json\/wp\/v2\/product_brand?post=28287"},{"taxonomy":"product_cat","embeddable":true,"href":"https:\/\/cigarettepackingmachine.com\/tr\/wp-json\/wp\/v2\/product_cat?post=28287"},{"taxonomy":"product_tag","embeddable":true,"href":"https:\/\/cigarettepackingmachine.com\/tr\/wp-json\/wp\/v2\/product_tag?post=28287"}],"curies":[{"name":"wp","href":"https:\/\/api.w.org\/{rel}","templated":true}]}}