{"id":28284,"date":"2024-06-07T06:19:20","date_gmt":"2024-06-07T06:19:20","guid":{"rendered":"https:\/\/cigarettepackingmachine.com\/?post_type=product&#038;p=28284"},"modified":"2024-06-13T08:17:42","modified_gmt":"2024-06-13T08:17:42","slug":"hlp-200-cigarette-packing-machine","status":"publish","type":"product","link":"https:\/\/cigarettepackingmachine.com\/tr\/urun\/hlp-200-sigara-paketleme-makinesi\/","title":{"rendered":"HLP 200 Sigara Paketleme Makinesi"},"content":{"rendered":"<ol>\n<li>HLP 200, dakikada 200 pakete kadar sigara paketlemek \u00fczere tasarlanm\u0131\u015ft\u0131r.<\/li>\n<li>Bu paketleme makinesinin maksimum kapasitesi yakla\u015f\u0131k 12.000 sigarad\u0131r.<\/li>\n<li>Bu makinede king size, demi, slim, s\u00fcper slim ve nano boy se\u00e7enekleri mevcuttur.<\/li>\n<li>Yuvarlak K\u00f6\u015fe, E\u011fik Kenar, D Tipi ve Kare paket kurulumuyla mevcuttur.<\/li>\n<li>HLP 200, \u00b10,1 mm&#039;ye kadar do\u011fruluk sa\u011flar.<\/li>\n<li>Bu makinenin 8.000 ile 10.000 \u00e7al\u0131\u015fma saati aras\u0131nda uzun bir bak\u0131m aral\u0131\u011f\u0131 vard\u0131r.<\/li>\n<li>K\u00fc\u00e7\u00fck, orta ve b\u00fcy\u00fck t\u00fcm i\u015fletmelere uygundur.<\/li>\n<li>PLC kontrol sistemi ile donat\u0131lm\u0131\u015f g\u00fc\u00e7l\u00fc bir elektrik sistemine sahiptir.<\/li>\n<li>380V g\u00fc\u00e7 kayna\u011f\u0131 ile \u00e7al\u0131\u015f\u0131r ve t\u00fcketimi 9,92 kW&#039;t\u0131r.<\/li>\n<\/ol>","protected":false},"excerpt":{"rendered":"<p>HLP 200, k\u00fc\u00e7\u00fck ila orta ve y\u00fcksek hacimli i\u015f ortamlar\u0131 i\u00e7in tasarlanm\u0131\u015f \u00e7ift pistonlu hazne sistemidir ve malzeme kullan\u0131m\u0131n\u0131 en aza indirmesi ve maliyet tasarrufu sa\u011flamas\u0131 nedeniyle m\u00fc\u015fteriler i\u00e7in birinci s\u0131n\u0131f bir tercihtir. \u0130\u015fte HLP 200&#039;\u00fcn baz\u0131 \u00f6nemli \u00f6zellikleri<\/p>","protected":false},"featured_media":28207,"comment_status":"closed","ping_status":"closed","template":"","meta":[],"product_brand":[],"product_cat":[104],"product_tag":[],"class_list":{"0":"post-28284","1":"product","2":"type-product","3":"status-publish","4":"has-post-thumbnail","6":"product_cat-packing-machine","8":"first","9":"instock","10":"shipping-taxable","11":"product-type-simple"},"yoast_head":"<!-- This site is optimized with the Yoast SEO plugin v27.0 - https:\/\/yoast.com\/product\/yoast-seo-wordpress\/ -->\n<title>HLP 200 Cigarette Packing Machine<\/title>\n<meta name=\"description\" content=\"HLP 200 Cigarette Packing Machine | Ready to ship \u2714 - Contact us to get custom quote for your machinery requirements\" \/>\n<meta name=\"robots\" content=\"index, follow, max-snippet:-1, max-image-preview:large, max-video-preview:-1\" \/>\n<link rel=\"canonical\" href=\"https:\/\/cigarettepackingmachine.com\/tr\/urun\/hlp-200-sigara-paketleme-makinesi\/\" \/>\n<meta property=\"og:locale\" content=\"tr_TR\" \/>\n<meta property=\"og:type\" content=\"article\" \/>\n<meta property=\"og:title\" content=\"HLP 200 Cigarette Packing Machine\" \/>\n<meta property=\"og:description\" content=\"HLP 200 Cigarette Packing Machine | Ready to ship \u2714 - Contact us to get custom quote for your machinery requirements\" \/>\n<meta property=\"og:url\" content=\"https:\/\/cigarettepackingmachine.com\/tr\/urun\/hlp-200-sigara-paketleme-makinesi\/\" \/>\n<meta property=\"og:site_name\" content=\"Cigarette Packing Machines\" \/>\n<meta property=\"article:modified_time\" content=\"2024-06-13T08:17:42+00:00\" \/>\n<meta property=\"og:image\" content=\"https:\/\/cigarettepackingmachine.com\/wp-content\/uploads\/2024\/06\/HLP-Cigarette-Packing-Machine-180.webp\" \/>\n\t<meta property=\"og:image:width\" content=\"1200\" \/>\n\t<meta property=\"og:image:height\" content=\"800\" \/>\n\t<meta property=\"og:image:type\" content=\"image\/webp\" \/>\n<meta name=\"twitter:card\" content=\"summary_large_image\" \/>\n<meta name=\"twitter:label1\" content=\"Tahmini okuma s\u00fcresi\" \/>\n\t<meta name=\"twitter:data1\" content=\"1 dakika\" \/>\n<!-- \/ Yoast SEO plugin. -->","yoast_head_json":{"title":"HLP 200 Sigara Paketleme Makinesi","description":"HLP 200 Sigara Paketleme Makinesi | G\u00f6nderime haz\u0131r \u2714 - Makine gereksinimleriniz i\u00e7in \u00f6zel fiyat teklifi almak i\u00e7in bizimle ileti\u015fime ge\u00e7in","robots":{"index":"index","follow":"follow","max-snippet":"max-snippet:-1","max-image-preview":"max-image-preview:large","max-video-preview":"max-video-preview:-1"},"canonical":"https:\/\/cigarettepackingmachine.com\/tr\/urun\/hlp-200-sigara-paketleme-makinesi\/","og_locale":"tr_TR","og_type":"article","og_title":"HLP 200 Cigarette Packing Machine","og_description":"HLP 200 Cigarette Packing Machine | Ready to ship \u2714 - Contact us to get custom quote for your machinery requirements","og_url":"https:\/\/cigarettepackingmachine.com\/tr\/urun\/hlp-200-sigara-paketleme-makinesi\/","og_site_name":"Cigarette Packing Machines","article_modified_time":"2024-06-13T08:17:42+00:00","og_image":[{"width":1200,"height":800,"url":"https:\/\/cigarettepackingmachine.com\/wp-content\/uploads\/2024\/06\/HLP-Cigarette-Packing-Machine-180.webp","type":"image\/webp"}],"twitter_card":"summary_large_image","twitter_misc":{"Tahmini okuma s\u00fcresi":"1 dakika"},"schema":{"@context":"https:\/\/schema.org","@graph":[{"@type":"WebPage","@id":"https:\/\/cigarettepackingmachine.com\/product\/hlp-200-cigarette-packing-machine\/","url":"https:\/\/cigarettepackingmachine.com\/product\/hlp-200-cigarette-packing-machine\/","name":"HLP 200 Sigara Paketleme Makinesi","isPartOf":{"@id":"https:\/\/cigarettepackingmachine.com\/#website"},"primaryImageOfPage":{"@id":"https:\/\/cigarettepackingmachine.com\/product\/hlp-200-cigarette-packing-machine\/#primaryimage"},"image":{"@id":"https:\/\/cigarettepackingmachine.com\/product\/hlp-200-cigarette-packing-machine\/#primaryimage"},"thumbnailUrl":"https:\/\/cigarettepackingmachine.com\/wp-content\/uploads\/2024\/06\/HLP-Cigarette-Packing-Machine-180.webp","datePublished":"2024-06-07T06:19:20+00:00","dateModified":"2024-06-13T08:17:42+00:00","description":"HLP 200 Sigara Paketleme Makinesi | G\u00f6nderime haz\u0131r \u2714 - Makine gereksinimleriniz i\u00e7in \u00f6zel fiyat teklifi almak i\u00e7in bizimle ileti\u015fime ge\u00e7in","breadcrumb":{"@id":"https:\/\/cigarettepackingmachine.com\/product\/hlp-200-cigarette-packing-machine\/#breadcrumb"},"inLanguage":"tr","potentialAction":[{"@type":"ReadAction","target":["https:\/\/cigarettepackingmachine.com\/product\/hlp-200-cigarette-packing-machine\/"]}]},{"@type":"ImageObject","inLanguage":"tr","@id":"https:\/\/cigarettepackingmachine.com\/product\/hlp-200-cigarette-packing-machine\/#primaryimage","url":"https:\/\/cigarettepackingmachine.com\/wp-content\/uploads\/2024\/06\/HLP-Cigarette-Packing-Machine-180.webp","contentUrl":"https:\/\/cigarettepackingmachine.com\/wp-content\/uploads\/2024\/06\/HLP-Cigarette-Packing-Machine-180.webp","width":1200,"height":800,"caption":"HLP Cigarette Packing Machine (180)"},{"@type":"BreadcrumbList","@id":"https:\/\/cigarettepackingmachine.com\/product\/hlp-200-cigarette-packing-machine\/#breadcrumb","itemListElement":[{"@type":"ListItem","position":1,"name":"Home","item":"https:\/\/cigarettepackingmachine.com\/"},{"@type":"ListItem","position":2,"name":"Products","item":"https:\/\/cigarettepackingmachine.com\/shop\/"},{"@type":"ListItem","position":3,"name":"HLP 200 Cigarette Packing Machine"}]},{"@type":"WebSite","@id":"https:\/\/cigarettepackingmachine.com\/#website","url":"https:\/\/cigarettepackingmachine.com\/","name":"Sigara Paketleme Makineleri","description":"Sigara Paketleme Makineleri","potentialAction":[{"@type":"SearchAction","target":{"@type":"EntryPoint","urlTemplate":"https:\/\/cigarettepackingmachine.com\/?s={search_term_string}"},"query-input":{"@type":"PropertyValueSpecification","valueRequired":true,"valueName":"search_term_string"}}],"inLanguage":"tr"}]}},"_links":{"self":[{"href":"https:\/\/cigarettepackingmachine.com\/tr\/wp-json\/wp\/v2\/product\/28284","targetHints":{"allow":["GET"]}}],"collection":[{"href":"https:\/\/cigarettepackingmachine.com\/tr\/wp-json\/wp\/v2\/product"}],"about":[{"href":"https:\/\/cigarettepackingmachine.com\/tr\/wp-json\/wp\/v2\/types\/product"}],"replies":[{"embeddable":true,"href":"https:\/\/cigarettepackingmachine.com\/tr\/wp-json\/wp\/v2\/comments?post=28284"}],"version-history":[{"count":3,"href":"https:\/\/cigarettepackingmachine.com\/tr\/wp-json\/wp\/v2\/product\/28284\/revisions"}],"predecessor-version":[{"id":28517,"href":"https:\/\/cigarettepackingmachine.com\/tr\/wp-json\/wp\/v2\/product\/28284\/revisions\/28517"}],"wp:featuredmedia":[{"embeddable":true,"href":"https:\/\/cigarettepackingmachine.com\/tr\/wp-json\/wp\/v2\/media\/28207"}],"wp:attachment":[{"href":"https:\/\/cigarettepackingmachine.com\/tr\/wp-json\/wp\/v2\/media?parent=28284"}],"wp:term":[{"taxonomy":"product_brand","embeddable":true,"href":"https:\/\/cigarettepackingmachine.com\/tr\/wp-json\/wp\/v2\/product_brand?post=28284"},{"taxonomy":"product_cat","embeddable":true,"href":"https:\/\/cigarettepackingmachine.com\/tr\/wp-json\/wp\/v2\/product_cat?post=28284"},{"taxonomy":"product_tag","embeddable":true,"href":"https:\/\/cigarettepackingmachine.com\/tr\/wp-json\/wp\/v2\/product_tag?post=28284"}],"curies":[{"name":"wp","href":"https:\/\/api.w.org\/{rel}","templated":true}]}}