{"id":28281,"date":"2024-06-07T06:16:52","date_gmt":"2024-06-07T06:16:52","guid":{"rendered":"https:\/\/cigarettepackingmachine.com\/?post_type=product&#038;p=28281"},"modified":"2024-06-13T08:16:14","modified_gmt":"2024-06-13T08:16:14","slug":"hlp-180-cigarette-packing-machine","status":"publish","type":"product","link":"https:\/\/cigarettepackingmachine.com\/tr\/urun\/hlp-180-sigara-paketleme-makinesi\/","title":{"rendered":"HLP 180 Sigara Paketleme Makinesi"},"content":{"rendered":"<ol>\n<li>HLP 180, dakikada 180 paket sigara paketlemek \u00fczere tasarlanm\u0131\u015ft\u0131r.<\/li>\n<li>Bu makine d\u00fcnya \u00e7ap\u0131nda 50&#039;den fazla \u00fclkede kullan\u0131lmaktad\u0131r.<\/li>\n<li>HLP 180, 84mm, 80mm, 67mm ve 60mm ebatlar\u0131n\u0131 i\u015fleyebilmektedir.<\/li>\n<li>Yuvarlak K\u00f6\u015fe, E\u011fik Kenar, D Tipi ve Kare paket kurulumuyla mevcuttur.<\/li>\n<li>Paket ba\u015f\u0131na 10, 12, 16 ve 20 \u00e7ubukluk paket b\u00fcy\u00fckl\u00fcklerini destekler.<\/li>\n<li>Bu modelde geli\u015fmi\u015f PLC kontrol sistemleri ve otomatik ar\u0131za tespiti bulunmaktad\u0131r.<\/li>\n<li>Hata oran\u0131 0.5%&#039;den azd\u0131r.<\/li>\n<li>30 dakika i\u00e7erisinde farkl\u0131 sigara formatlar\u0131 aras\u0131nda ge\u00e7i\u015f yap\u0131labiliyor.<\/li>\n<li>Ar\u0131zalar aras\u0131 ortalama s\u00fcre (MBFT) 1.200 saatin \u00fczerindedir.<\/li>\n<\/ol>","protected":false},"excerpt":{"rendered":"<p>HLP 180, b\u00fcy\u00fck k\u00fcresel eri\u015fime sahip tek pistonlu bir makinedir. Dakikada 180 paket paketleme h\u0131z\u0131 ve King, Demi, Slim, Super Slim ve Nano gibi t\u00fcm boyutlarla ba\u015fa \u00e7\u0131kma \u00f6zelli\u011fiyle HLP, k\u00fc\u00e7\u00fck ve orta \u00f6l\u00e7ekli i\u015fletmeler i\u00e7in en uygunudur. \u0130\u015fte HLP 180&#039;in baz\u0131 \u00f6nemli noktalar\u0131<\/p>\n<p>&nbsp;<\/p>","protected":false},"featured_media":28207,"comment_status":"closed","ping_status":"closed","template":"","meta":[],"product_brand":[],"product_cat":[104],"product_tag":[],"class_list":{"0":"post-28281","1":"product","2":"type-product","3":"status-publish","4":"has-post-thumbnail","6":"product_cat-packing-machine","8":"first","9":"instock","10":"shipping-taxable","11":"product-type-simple"},"yoast_head":"<!-- This site is optimized with the Yoast SEO plugin v27.0 - https:\/\/yoast.com\/product\/yoast-seo-wordpress\/ -->\n<title>HLP 180 Cigarette Packing Machine<\/title>\n<meta name=\"description\" content=\"HLP 180 Cigarette Packing Machine | Ready to ship \u2714 - Contact us to get custom quote for your machinery requirements\" \/>\n<meta name=\"robots\" content=\"index, follow, max-snippet:-1, max-image-preview:large, max-video-preview:-1\" \/>\n<link rel=\"canonical\" href=\"https:\/\/cigarettepackingmachine.com\/tr\/urun\/hlp-180-sigara-paketleme-makinesi\/\" \/>\n<meta property=\"og:locale\" content=\"tr_TR\" \/>\n<meta property=\"og:type\" content=\"article\" \/>\n<meta property=\"og:title\" content=\"HLP 180 Cigarette Packing Machine\" \/>\n<meta property=\"og:description\" content=\"HLP 180 Cigarette Packing Machine | Ready to ship \u2714 - Contact us to get custom quote for your machinery requirements\" \/>\n<meta property=\"og:url\" content=\"https:\/\/cigarettepackingmachine.com\/tr\/urun\/hlp-180-sigara-paketleme-makinesi\/\" \/>\n<meta property=\"og:site_name\" content=\"Cigarette Packing Machines\" \/>\n<meta property=\"article:modified_time\" content=\"2024-06-13T08:16:14+00:00\" \/>\n<meta property=\"og:image\" content=\"https:\/\/cigarettepackingmachine.com\/wp-content\/uploads\/2024\/06\/HLP-Cigarette-Packing-Machine-180.webp\" \/>\n\t<meta property=\"og:image:width\" content=\"1200\" \/>\n\t<meta property=\"og:image:height\" content=\"800\" \/>\n\t<meta property=\"og:image:type\" content=\"image\/webp\" \/>\n<meta name=\"twitter:card\" content=\"summary_large_image\" \/>\n<!-- \/ Yoast SEO plugin. -->","yoast_head_json":{"title":"HLP 180 Sigara Paketleme Makinesi","description":"HLP 180 Sigara Paketleme Makinesi | G\u00f6nderime haz\u0131r \u2714 - Makine gereksinimleriniz i\u00e7in \u00f6zel fiyat teklifi almak i\u00e7in bizimle ileti\u015fime ge\u00e7in","robots":{"index":"index","follow":"follow","max-snippet":"max-snippet:-1","max-image-preview":"max-image-preview:large","max-video-preview":"max-video-preview:-1"},"canonical":"https:\/\/cigarettepackingmachine.com\/tr\/urun\/hlp-180-sigara-paketleme-makinesi\/","og_locale":"tr_TR","og_type":"article","og_title":"HLP 180 Cigarette Packing Machine","og_description":"HLP 180 Cigarette Packing Machine | Ready to ship \u2714 - Contact us to get custom quote for your machinery requirements","og_url":"https:\/\/cigarettepackingmachine.com\/tr\/urun\/hlp-180-sigara-paketleme-makinesi\/","og_site_name":"Cigarette Packing Machines","article_modified_time":"2024-06-13T08:16:14+00:00","og_image":[{"width":1200,"height":800,"url":"https:\/\/cigarettepackingmachine.com\/wp-content\/uploads\/2024\/06\/HLP-Cigarette-Packing-Machine-180.webp","type":"image\/webp"}],"twitter_card":"summary_large_image","schema":{"@context":"https:\/\/schema.org","@graph":[{"@type":"WebPage","@id":"https:\/\/cigarettepackingmachine.com\/product\/hlp-180-cigarette-packing-machine\/","url":"https:\/\/cigarettepackingmachine.com\/product\/hlp-180-cigarette-packing-machine\/","name":"HLP 180 Sigara Paketleme Makinesi","isPartOf":{"@id":"https:\/\/cigarettepackingmachine.com\/#website"},"primaryImageOfPage":{"@id":"https:\/\/cigarettepackingmachine.com\/product\/hlp-180-cigarette-packing-machine\/#primaryimage"},"image":{"@id":"https:\/\/cigarettepackingmachine.com\/product\/hlp-180-cigarette-packing-machine\/#primaryimage"},"thumbnailUrl":"https:\/\/cigarettepackingmachine.com\/wp-content\/uploads\/2024\/06\/HLP-Cigarette-Packing-Machine-180.webp","datePublished":"2024-06-07T06:16:52+00:00","dateModified":"2024-06-13T08:16:14+00:00","description":"HLP 180 Sigara Paketleme Makinesi | G\u00f6nderime haz\u0131r \u2714 - Makine gereksinimleriniz i\u00e7in \u00f6zel fiyat teklifi almak i\u00e7in bizimle ileti\u015fime ge\u00e7in","breadcrumb":{"@id":"https:\/\/cigarettepackingmachine.com\/product\/hlp-180-cigarette-packing-machine\/#breadcrumb"},"inLanguage":"tr","potentialAction":[{"@type":"ReadAction","target":["https:\/\/cigarettepackingmachine.com\/product\/hlp-180-cigarette-packing-machine\/"]}]},{"@type":"ImageObject","inLanguage":"tr","@id":"https:\/\/cigarettepackingmachine.com\/product\/hlp-180-cigarette-packing-machine\/#primaryimage","url":"https:\/\/cigarettepackingmachine.com\/wp-content\/uploads\/2024\/06\/HLP-Cigarette-Packing-Machine-180.webp","contentUrl":"https:\/\/cigarettepackingmachine.com\/wp-content\/uploads\/2024\/06\/HLP-Cigarette-Packing-Machine-180.webp","width":1200,"height":800,"caption":"HLP Cigarette Packing Machine (180)"},{"@type":"BreadcrumbList","@id":"https:\/\/cigarettepackingmachine.com\/product\/hlp-180-cigarette-packing-machine\/#breadcrumb","itemListElement":[{"@type":"ListItem","position":1,"name":"Home","item":"https:\/\/cigarettepackingmachine.com\/"},{"@type":"ListItem","position":2,"name":"Products","item":"https:\/\/cigarettepackingmachine.com\/shop\/"},{"@type":"ListItem","position":3,"name":"HLP 180 Cigarette Packing Machine"}]},{"@type":"WebSite","@id":"https:\/\/cigarettepackingmachine.com\/#website","url":"https:\/\/cigarettepackingmachine.com\/","name":"Sigara Paketleme Makineleri","description":"Sigara Paketleme Makineleri","potentialAction":[{"@type":"SearchAction","target":{"@type":"EntryPoint","urlTemplate":"https:\/\/cigarettepackingmachine.com\/?s={search_term_string}"},"query-input":{"@type":"PropertyValueSpecification","valueRequired":true,"valueName":"search_term_string"}}],"inLanguage":"tr"}]}},"_links":{"self":[{"href":"https:\/\/cigarettepackingmachine.com\/tr\/wp-json\/wp\/v2\/product\/28281","targetHints":{"allow":["GET"]}}],"collection":[{"href":"https:\/\/cigarettepackingmachine.com\/tr\/wp-json\/wp\/v2\/product"}],"about":[{"href":"https:\/\/cigarettepackingmachine.com\/tr\/wp-json\/wp\/v2\/types\/product"}],"replies":[{"embeddable":true,"href":"https:\/\/cigarettepackingmachine.com\/tr\/wp-json\/wp\/v2\/comments?post=28281"}],"version-history":[{"count":3,"href":"https:\/\/cigarettepackingmachine.com\/tr\/wp-json\/wp\/v2\/product\/28281\/revisions"}],"predecessor-version":[{"id":28516,"href":"https:\/\/cigarettepackingmachine.com\/tr\/wp-json\/wp\/v2\/product\/28281\/revisions\/28516"}],"wp:featuredmedia":[{"embeddable":true,"href":"https:\/\/cigarettepackingmachine.com\/tr\/wp-json\/wp\/v2\/media\/28207"}],"wp:attachment":[{"href":"https:\/\/cigarettepackingmachine.com\/tr\/wp-json\/wp\/v2\/media?parent=28281"}],"wp:term":[{"taxonomy":"product_brand","embeddable":true,"href":"https:\/\/cigarettepackingmachine.com\/tr\/wp-json\/wp\/v2\/product_brand?post=28281"},{"taxonomy":"product_cat","embeddable":true,"href":"https:\/\/cigarettepackingmachine.com\/tr\/wp-json\/wp\/v2\/product_cat?post=28281"},{"taxonomy":"product_tag","embeddable":true,"href":"https:\/\/cigarettepackingmachine.com\/tr\/wp-json\/wp\/v2\/product_tag?post=28281"}],"curies":[{"name":"wp","href":"https:\/\/api.w.org\/{rel}","templated":true}]}}