{"id":29157,"date":"2025-09-20T09:20:26","date_gmt":"2025-09-20T09:20:26","guid":{"rendered":"https:\/\/cigarettepackingmachine.com\/?post_type=product&#038;p=29157"},"modified":"2025-09-24T09:51:41","modified_gmt":"2025-09-24T09:51:41","slug":"nicotine-pouch-packing-machine-snus","status":"publish","type":"product","link":"https:\/\/cigarettepackingmachine.com\/pl\/produkt\/maszyna-do-pakowania-saszetek-nikotynowych-do-snusu\/","title":{"rendered":"Maszyna do pakowania saszetek nikotynowych \u2013 SNUS"},"content":{"rendered":"<h2>Maszyna pakuj\u0105ca SNUS<\/h2>\n<p>Nasz <strong>Maszyna pakuj\u0105ca snus<\/strong>, znany r\u00f3wnie\u017c jako <strong>Maszyna do pakowania woreczk\u00f3w nikotynowych<\/strong> Zosta\u0142a zaprojektowana, aby zapewni\u0107 wydajno\u015b\u0107, sp\u00f3jno\u015b\u0107 i niezawodno\u015b\u0107 w nowoczesnej produkcji saszetek. Idealna dla firm z bran\u017cy tytoniowej i nikotynowej, ta maszyna pomaga usprawni\u0107 proces pakowania, zachowuj\u0105c jednocze\u015bnie jako\u015b\u0107 i prezentacj\u0119 produktu. Niezale\u017cnie od tego, czy skalujesz swoj\u0105 dzia\u0142alno\u015b\u0107, czy optymalizujesz istniej\u0105c\u0105 produkcj\u0119, maszyna pakuj\u0105ca Snus zapewnia profesjonalne pakowanie.<\/p>\n<p>kt\u00f3ry spe\u0142nia dzisiejsze wymagania rynku. Dzi\u0119ki zaawansowanej konstrukcji umo\u017cliwia p\u0142ynne i wysokiej jako\u015bci pakowanie saszetek nikotynowych, daj\u0105c producentom przewag\u0119 konkurencyjn\u0105, kt\u00f3rej potrzebuj\u0105 w dynamicznie rozwijaj\u0105cej si\u0119 bran\u017cy.<\/p>","protected":false},"excerpt":{"rendered":"<ul>\n<li>Niezawodna i wydajna maszyna pakuj\u0105ca snus do profesjonalnej produkcji saszetek<\/li>\n<li>Zaawansowana maszyna do pakowania saszetek nikotynowych zaprojektowana dla nowoczesnych producent\u00f3w<\/li>\n<li>Zwi\u0119ksza produktywno\u015b\u0107, zapewniaj\u0105c jednocze\u015bnie sta\u0142\u0105 jako\u015b\u0107 saszetek<\/li>\n<li>Nadaje si\u0119 do ma\u0142ych, \u015brednich i du\u017cych zak\u0142ad\u00f3w produkcyjnych<\/li>\n<li>Usprawnia proces pakowania, zapewniaj\u0105c p\u0142ynne i wysokiej jako\u015bci rezultaty<\/li>\n<li>Idealne rozwi\u0105zanie dla firm z rozwijaj\u0105cej si\u0119 bran\u017cy woreczk\u00f3w nikotynowych<\/li>\n<li>Dostarcza opakowania gotowe do wprowadzenia na rynek z precyzj\u0105 i niezawodno\u015bci\u0105<\/li>\n<\/ul>","protected":false},"featured_media":29167,"comment_status":"closed","ping_status":"closed","template":"","meta":[],"product_brand":[],"product_cat":[43],"product_tag":[],"class_list":{"0":"post-29157","1":"product","2":"type-product","3":"status-publish","4":"has-post-thumbnail","6":"product_cat-others","8":"first","9":"instock","10":"shipping-taxable","11":"product-type-simple"},"yoast_head":"<!-- This site is optimized with the Yoast SEO plugin v27.0 - https:\/\/yoast.com\/product\/yoast-seo-wordpress\/ -->\n<title>Nicotine Pouch Packing Machine - SNUS<\/title>\n<meta name=\"description\" content=\"Advanced Snus packing machine \u2013 a reliable Nicotine Pouch Packing Machine designed for efficient, consistent, and high-quality pouch packaging.\" \/>\n<meta name=\"robots\" content=\"index, follow, max-snippet:-1, max-image-preview:large, max-video-preview:-1\" \/>\n<link rel=\"canonical\" href=\"https:\/\/cigarettepackingmachine.com\/pl\/produkt\/maszyna-do-pakowania-saszetek-nikotynowych-do-snusu\/\" \/>\n<meta property=\"og:locale\" content=\"pl_PL\" \/>\n<meta property=\"og:type\" content=\"article\" \/>\n<meta property=\"og:title\" content=\"Nicotine Pouch Packing Machine - SNUS\" \/>\n<meta property=\"og:description\" content=\"Advanced Snus packing machine \u2013 a reliable Nicotine Pouch Packing Machine designed for efficient, consistent, and high-quality pouch packaging.\" \/>\n<meta property=\"og:url\" content=\"https:\/\/cigarettepackingmachine.com\/pl\/produkt\/maszyna-do-pakowania-saszetek-nikotynowych-do-snusu\/\" \/>\n<meta property=\"og:site_name\" content=\"Cigarette Packing Machines\" \/>\n<meta property=\"article:modified_time\" content=\"2025-09-24T09:51:41+00:00\" \/>\n<meta property=\"og:image\" content=\"https:\/\/cigarettepackingmachine.com\/wp-content\/uploads\/2025\/09\/Nicotine-Pouch-Packing-Machine-SNUS.jpeg\" \/>\n\t<meta property=\"og:image:width\" content=\"1269\" \/>\n\t<meta property=\"og:image:height\" content=\"719\" \/>\n\t<meta property=\"og:image:type\" content=\"image\/jpeg\" \/>\n<meta name=\"twitter:card\" content=\"summary_large_image\" \/>\n<meta name=\"twitter:label1\" content=\"Szacowany czas czytania\" \/>\n\t<meta name=\"twitter:data1\" content=\"1 minuta\" \/>\n<!-- \/ Yoast SEO plugin. -->","yoast_head_json":{"title":"Maszyna do pakowania saszetek nikotynowych - SNUS","description":"Zaawansowana maszyna pakuj\u0105ca snus \u2013 niezawodna maszyna pakuj\u0105ca woreczki nikotynowe, zaprojektowana do wydajnego, sp\u00f3jnego i wysokiej jako\u015bci pakowania woreczek.","robots":{"index":"index","follow":"follow","max-snippet":"max-snippet:-1","max-image-preview":"max-image-preview:large","max-video-preview":"max-video-preview:-1"},"canonical":"https:\/\/cigarettepackingmachine.com\/pl\/produkt\/maszyna-do-pakowania-saszetek-nikotynowych-do-snusu\/","og_locale":"pl_PL","og_type":"article","og_title":"Nicotine Pouch Packing Machine - SNUS","og_description":"Advanced Snus packing machine \u2013 a reliable Nicotine Pouch Packing Machine designed for efficient, consistent, and high-quality pouch packaging.","og_url":"https:\/\/cigarettepackingmachine.com\/pl\/produkt\/maszyna-do-pakowania-saszetek-nikotynowych-do-snusu\/","og_site_name":"Cigarette Packing Machines","article_modified_time":"2025-09-24T09:51:41+00:00","og_image":[{"width":1269,"height":719,"url":"https:\/\/cigarettepackingmachine.com\/wp-content\/uploads\/2025\/09\/Nicotine-Pouch-Packing-Machine-SNUS.jpeg","type":"image\/jpeg"}],"twitter_card":"summary_large_image","twitter_misc":{"Szacowany czas czytania":"1 minuta"},"schema":{"@context":"https:\/\/schema.org","@graph":[{"@type":"WebPage","@id":"https:\/\/cigarettepackingmachine.com\/product\/nicotine-pouch-packing-machine-snus\/","url":"https:\/\/cigarettepackingmachine.com\/product\/nicotine-pouch-packing-machine-snus\/","name":"Maszyna do pakowania saszetek nikotynowych - SNUS","isPartOf":{"@id":"https:\/\/cigarettepackingmachine.com\/#website"},"primaryImageOfPage":{"@id":"https:\/\/cigarettepackingmachine.com\/product\/nicotine-pouch-packing-machine-snus\/#primaryimage"},"image":{"@id":"https:\/\/cigarettepackingmachine.com\/product\/nicotine-pouch-packing-machine-snus\/#primaryimage"},"thumbnailUrl":"https:\/\/cigarettepackingmachine.com\/wp-content\/uploads\/2025\/09\/Nicotine-Pouch-Packing-Machine-SNUS.jpeg","datePublished":"2025-09-20T09:20:26+00:00","dateModified":"2025-09-24T09:51:41+00:00","description":"Zaawansowana maszyna pakuj\u0105ca snus \u2013 niezawodna maszyna pakuj\u0105ca woreczki nikotynowe, zaprojektowana do wydajnego, sp\u00f3jnego i wysokiej jako\u015bci pakowania woreczek.","breadcrumb":{"@id":"https:\/\/cigarettepackingmachine.com\/product\/nicotine-pouch-packing-machine-snus\/#breadcrumb"},"inLanguage":"pl-PL","potentialAction":[{"@type":"ReadAction","target":["https:\/\/cigarettepackingmachine.com\/product\/nicotine-pouch-packing-machine-snus\/"]}]},{"@type":"ImageObject","inLanguage":"pl-PL","@id":"https:\/\/cigarettepackingmachine.com\/product\/nicotine-pouch-packing-machine-snus\/#primaryimage","url":"https:\/\/cigarettepackingmachine.com\/wp-content\/uploads\/2025\/09\/Nicotine-Pouch-Packing-Machine-SNUS.jpeg","contentUrl":"https:\/\/cigarettepackingmachine.com\/wp-content\/uploads\/2025\/09\/Nicotine-Pouch-Packing-Machine-SNUS.jpeg","width":1269,"height":719,"caption":"Nicotine Pouch Packing Machine - SNUS"},{"@type":"BreadcrumbList","@id":"https:\/\/cigarettepackingmachine.com\/product\/nicotine-pouch-packing-machine-snus\/#breadcrumb","itemListElement":[{"@type":"ListItem","position":1,"name":"Home","item":"https:\/\/cigarettepackingmachine.com\/"},{"@type":"ListItem","position":2,"name":"Products","item":"https:\/\/cigarettepackingmachine.com\/shop\/"},{"@type":"ListItem","position":3,"name":"Nicotine Pouch Packing Machine &#8211; SNUS"}]},{"@type":"WebSite","@id":"https:\/\/cigarettepackingmachine.com\/#website","url":"https:\/\/cigarettepackingmachine.com\/","name":"Maszyny do pakowania papieros\u00f3w","description":"Maszyny do pakowania papieros\u00f3w","potentialAction":[{"@type":"SearchAction","target":{"@type":"EntryPoint","urlTemplate":"https:\/\/cigarettepackingmachine.com\/?s={search_term_string}"},"query-input":{"@type":"PropertyValueSpecification","valueRequired":true,"valueName":"search_term_string"}}],"inLanguage":"pl-PL"}]}},"_links":{"self":[{"href":"https:\/\/cigarettepackingmachine.com\/pl\/wp-json\/wp\/v2\/product\/29157","targetHints":{"allow":["GET"]}}],"collection":[{"href":"https:\/\/cigarettepackingmachine.com\/pl\/wp-json\/wp\/v2\/product"}],"about":[{"href":"https:\/\/cigarettepackingmachine.com\/pl\/wp-json\/wp\/v2\/types\/product"}],"replies":[{"embeddable":true,"href":"https:\/\/cigarettepackingmachine.com\/pl\/wp-json\/wp\/v2\/comments?post=29157"}],"version-history":[{"count":5,"href":"https:\/\/cigarettepackingmachine.com\/pl\/wp-json\/wp\/v2\/product\/29157\/revisions"}],"predecessor-version":[{"id":29163,"href":"https:\/\/cigarettepackingmachine.com\/pl\/wp-json\/wp\/v2\/product\/29157\/revisions\/29163"}],"wp:featuredmedia":[{"embeddable":true,"href":"https:\/\/cigarettepackingmachine.com\/pl\/wp-json\/wp\/v2\/media\/29167"}],"wp:attachment":[{"href":"https:\/\/cigarettepackingmachine.com\/pl\/wp-json\/wp\/v2\/media?parent=29157"}],"wp:term":[{"taxonomy":"product_brand","embeddable":true,"href":"https:\/\/cigarettepackingmachine.com\/pl\/wp-json\/wp\/v2\/product_brand?post=29157"},{"taxonomy":"product_cat","embeddable":true,"href":"https:\/\/cigarettepackingmachine.com\/pl\/wp-json\/wp\/v2\/product_cat?post=29157"},{"taxonomy":"product_tag","embeddable":true,"href":"https:\/\/cigarettepackingmachine.com\/pl\/wp-json\/wp\/v2\/product_tag?post=29157"}],"curies":[{"name":"wp","href":"https:\/\/api.w.org\/{rel}","templated":true}]}}