{"id":28445,"date":"2024-06-12T08:20:48","date_gmt":"2024-06-12T08:20:48","guid":{"rendered":"https:\/\/cigarettepackingmachine.com\/?post_type=product&#038;p=28445"},"modified":"2024-06-28T11:33:45","modified_gmt":"2024-06-28T11:33:45","slug":"sasib-5000-cigarette-soft-packing-machine","status":"publish","type":"product","link":"https:\/\/cigarettepackingmachine.com\/pl\/produkt\/sasib-5000-maszyna-do-pakowania-miekkich-papierosow\/","title":{"rendered":"SASIB 5000 \u2013 Maszyna do pakowania mi\u0119kkich papieros\u00f3w"},"content":{"rendered":"<ol>\n<li>Maszyna SASIB 5000 charakteryzuje si\u0119 du\u017c\u0105 pr\u0119dko\u015bci\u0105 pakowania \u2013 do 500 opakowa\u0144 na minut\u0119.<\/li>\n<li>Zwykle tylko do twardych opakowa\u0144.<\/li>\n<li>Wa\u017cy oko\u0142o 6000 kg.<\/li>\n<li>Pob\u00f3r mocy wynosi oko\u0142o 20 kW.<\/li>\n<li>Temperatura pracy wynosi od 15 do 40 stopni Celsjusza.<\/li>\n<li>Posiada sterownik PLC w celu zwi\u0119kszenia kontroli i monitorowania.<\/li>\n<li>Maszyna p\u0142ynnie prze\u0142\u0105cza si\u0119 mi\u0119dzy r\u00f3\u017cnymi formatami papieros\u00f3w, a przestoje s\u0105 mniej dokuczliwe, co po\u015brednio zwi\u0119ksza wydajno\u015b\u0107.<\/li>\n<li>Maszyna ta redukuje liczb\u0119 b\u0142\u0119d\u00f3w, gdy\u017c w najmniejszym stopniu wymaga pracy r\u0119cznej.<\/li>\n<li>Ma on na celu redukcj\u0119 zu\u017cycia materia\u0142\u00f3w i zwi\u0119kszenie efektywno\u015bci ich wykorzystania.<\/li>\n<li>Jego konstrukcja pozwala na dopasowanie go zar\u00f3wno do nowych, jak i istniej\u0105cych \u015brodowisk produkcyjnych.<\/li>\n<\/ol>\n<p>&nbsp;<\/p>","protected":false},"excerpt":{"rendered":"<p>Wytrzyma\u0142a maszyna do pakowania papieros\u00f3w o rozmiarze 100 mm ze zwi\u0119kszon\u0105 wydajno\u015bci\u0105 produkcyjn\u0105 i wydajn\u0105 oraz precyzyjn\u0105 technologi\u0105 pakowania jest jedyna w swoim rodzaju. SASIB 5000 jest wyposa\u017cona w przyjazny dla u\u017cytkownika interfejs i nadaje si\u0119 do przedsi\u0119biorstw produkuj\u0105cych du\u017ce ilo\u015bci. Oto kilka najwa\u017cniejszych cech<\/p>","protected":false},"featured_media":28356,"comment_status":"closed","ping_status":"closed","template":"","meta":[],"product_brand":[],"product_cat":[104],"product_tag":[],"class_list":{"0":"post-28445","1":"product","2":"type-product","3":"status-publish","4":"has-post-thumbnail","6":"product_cat-packing-machine","8":"first","9":"instock","10":"shipping-taxable","11":"product-type-simple"},"yoast_head":"<!-- This site is optimized with the Yoast SEO plugin v27.0 - https:\/\/yoast.com\/product\/yoast-seo-wordpress\/ -->\n<title>SASIB 5000 - Cigarette Soft Packing Machine<\/title>\n<meta name=\"description\" content=\"SASIB 5000 - Cigarette Soft Packing Machine | Ready to ship \u2714 - Contact us to get custom quote for your machinery requirements\" \/>\n<meta name=\"robots\" content=\"index, follow, max-snippet:-1, max-image-preview:large, max-video-preview:-1\" \/>\n<link rel=\"canonical\" href=\"https:\/\/cigarettepackingmachine.com\/pl\/produkt\/sasib-5000-maszyna-do-pakowania-miekkich-papierosow\/\" \/>\n<meta property=\"og:locale\" content=\"pl_PL\" \/>\n<meta property=\"og:type\" content=\"article\" \/>\n<meta property=\"og:title\" content=\"SASIB 5000 - Cigarette Soft Packing Machine\" \/>\n<meta property=\"og:description\" content=\"SASIB 5000 - Cigarette Soft Packing Machine | Ready to ship \u2714 - Contact us to get custom quote for your machinery requirements\" \/>\n<meta property=\"og:url\" content=\"https:\/\/cigarettepackingmachine.com\/pl\/produkt\/sasib-5000-maszyna-do-pakowania-miekkich-papierosow\/\" \/>\n<meta property=\"og:site_name\" content=\"Cigarette Packing Machines\" \/>\n<meta property=\"article:modified_time\" content=\"2024-06-28T11:33:45+00:00\" \/>\n<meta property=\"og:image\" content=\"https:\/\/cigarettepackingmachine.com\/wp-content\/uploads\/2024\/06\/SSASIB-5000-soft-packing-line.webp\" \/>\n\t<meta property=\"og:image:width\" content=\"704\" \/>\n\t<meta property=\"og:image:height\" content=\"440\" \/>\n\t<meta property=\"og:image:type\" content=\"image\/webp\" \/>\n<meta name=\"twitter:card\" content=\"summary_large_image\" \/>\n<meta name=\"twitter:label1\" content=\"Szacowany czas czytania\" \/>\n\t<meta name=\"twitter:data1\" content=\"1 minuta\" \/>\n<!-- \/ Yoast SEO plugin. -->","yoast_head_json":{"title":"SASIB 5000 - Maszyna do pakowania mi\u0119kkich papieros\u00f3w","description":"SASIB 5000 - Maszyna do pakowania mi\u0119kkich papieros\u00f3w | Gotowa do wysy\u0142ki \u2714 - Skontaktuj si\u0119 z nami, aby uzyska\u0107 indywidualn\u0105 wycen\u0119 dla swoich wymaga\u0144 dotycz\u0105cych maszyn","robots":{"index":"index","follow":"follow","max-snippet":"max-snippet:-1","max-image-preview":"max-image-preview:large","max-video-preview":"max-video-preview:-1"},"canonical":"https:\/\/cigarettepackingmachine.com\/pl\/produkt\/sasib-5000-maszyna-do-pakowania-miekkich-papierosow\/","og_locale":"pl_PL","og_type":"article","og_title":"SASIB 5000 - Cigarette Soft Packing Machine","og_description":"SASIB 5000 - Cigarette Soft Packing Machine | Ready to ship \u2714 - Contact us to get custom quote for your machinery requirements","og_url":"https:\/\/cigarettepackingmachine.com\/pl\/produkt\/sasib-5000-maszyna-do-pakowania-miekkich-papierosow\/","og_site_name":"Cigarette Packing Machines","article_modified_time":"2024-06-28T11:33:45+00:00","og_image":[{"width":704,"height":440,"url":"https:\/\/cigarettepackingmachine.com\/wp-content\/uploads\/2024\/06\/SSASIB-5000-soft-packing-line.webp","type":"image\/webp"}],"twitter_card":"summary_large_image","twitter_misc":{"Szacowany czas czytania":"1 minuta"},"schema":{"@context":"https:\/\/schema.org","@graph":[{"@type":"WebPage","@id":"https:\/\/cigarettepackingmachine.com\/product\/sasib-5000-cigarette-soft-packing-machine\/","url":"https:\/\/cigarettepackingmachine.com\/product\/sasib-5000-cigarette-soft-packing-machine\/","name":"SASIB 5000 - Maszyna do pakowania mi\u0119kkich papieros\u00f3w","isPartOf":{"@id":"https:\/\/cigarettepackingmachine.com\/#website"},"primaryImageOfPage":{"@id":"https:\/\/cigarettepackingmachine.com\/product\/sasib-5000-cigarette-soft-packing-machine\/#primaryimage"},"image":{"@id":"https:\/\/cigarettepackingmachine.com\/product\/sasib-5000-cigarette-soft-packing-machine\/#primaryimage"},"thumbnailUrl":"https:\/\/cigarettepackingmachine.com\/wp-content\/uploads\/2024\/06\/SSASIB-5000-soft-packing-line.webp","datePublished":"2024-06-12T08:20:48+00:00","dateModified":"2024-06-28T11:33:45+00:00","description":"SASIB 5000 - Maszyna do pakowania mi\u0119kkich papieros\u00f3w | Gotowa do wysy\u0142ki \u2714 - Skontaktuj si\u0119 z nami, aby uzyska\u0107 indywidualn\u0105 wycen\u0119 dla swoich wymaga\u0144 dotycz\u0105cych maszyn","breadcrumb":{"@id":"https:\/\/cigarettepackingmachine.com\/product\/sasib-5000-cigarette-soft-packing-machine\/#breadcrumb"},"inLanguage":"pl-PL","potentialAction":[{"@type":"ReadAction","target":["https:\/\/cigarettepackingmachine.com\/product\/sasib-5000-cigarette-soft-packing-machine\/"]}]},{"@type":"ImageObject","inLanguage":"pl-PL","@id":"https:\/\/cigarettepackingmachine.com\/product\/sasib-5000-cigarette-soft-packing-machine\/#primaryimage","url":"https:\/\/cigarettepackingmachine.com\/wp-content\/uploads\/2024\/06\/SSASIB-5000-soft-packing-line.webp","contentUrl":"https:\/\/cigarettepackingmachine.com\/wp-content\/uploads\/2024\/06\/SSASIB-5000-soft-packing-line.webp","width":704,"height":440,"caption":"SASIB 5000 soft packing line"},{"@type":"BreadcrumbList","@id":"https:\/\/cigarettepackingmachine.com\/product\/sasib-5000-cigarette-soft-packing-machine\/#breadcrumb","itemListElement":[{"@type":"ListItem","position":1,"name":"Home","item":"https:\/\/cigarettepackingmachine.com\/"},{"@type":"ListItem","position":2,"name":"Products","item":"https:\/\/cigarettepackingmachine.com\/shop\/"},{"@type":"ListItem","position":3,"name":"SASIB 5000 &#8211; Cigarette Soft Packing Machine"}]},{"@type":"WebSite","@id":"https:\/\/cigarettepackingmachine.com\/#website","url":"https:\/\/cigarettepackingmachine.com\/","name":"Maszyny do pakowania papieros\u00f3w","description":"Maszyny do pakowania papieros\u00f3w","potentialAction":[{"@type":"SearchAction","target":{"@type":"EntryPoint","urlTemplate":"https:\/\/cigarettepackingmachine.com\/?s={search_term_string}"},"query-input":{"@type":"PropertyValueSpecification","valueRequired":true,"valueName":"search_term_string"}}],"inLanguage":"pl-PL"}]}},"_links":{"self":[{"href":"https:\/\/cigarettepackingmachine.com\/pl\/wp-json\/wp\/v2\/product\/28445","targetHints":{"allow":["GET"]}}],"collection":[{"href":"https:\/\/cigarettepackingmachine.com\/pl\/wp-json\/wp\/v2\/product"}],"about":[{"href":"https:\/\/cigarettepackingmachine.com\/pl\/wp-json\/wp\/v2\/types\/product"}],"replies":[{"embeddable":true,"href":"https:\/\/cigarettepackingmachine.com\/pl\/wp-json\/wp\/v2\/comments?post=28445"}],"version-history":[{"count":6,"href":"https:\/\/cigarettepackingmachine.com\/pl\/wp-json\/wp\/v2\/product\/28445\/revisions"}],"predecessor-version":[{"id":28713,"href":"https:\/\/cigarettepackingmachine.com\/pl\/wp-json\/wp\/v2\/product\/28445\/revisions\/28713"}],"wp:featuredmedia":[{"embeddable":true,"href":"https:\/\/cigarettepackingmachine.com\/pl\/wp-json\/wp\/v2\/media\/28356"}],"wp:attachment":[{"href":"https:\/\/cigarettepackingmachine.com\/pl\/wp-json\/wp\/v2\/media?parent=28445"}],"wp:term":[{"taxonomy":"product_brand","embeddable":true,"href":"https:\/\/cigarettepackingmachine.com\/pl\/wp-json\/wp\/v2\/product_brand?post=28445"},{"taxonomy":"product_cat","embeddable":true,"href":"https:\/\/cigarettepackingmachine.com\/pl\/wp-json\/wp\/v2\/product_cat?post=28445"},{"taxonomy":"product_tag","embeddable":true,"href":"https:\/\/cigarettepackingmachine.com\/pl\/wp-json\/wp\/v2\/product_tag?post=28445"}],"curies":[{"name":"wp","href":"https:\/\/api.w.org\/{rel}","templated":true}]}}