{"id":28443,"date":"2024-06-12T08:19:04","date_gmt":"2024-06-12T08:19:04","guid":{"rendered":"https:\/\/cigarettepackingmachine.com\/?post_type=product&#038;p=28443"},"modified":"2025-07-26T08:12:36","modified_gmt":"2025-07-26T08:12:36","slug":"sasib-3000-cigarette-soft-packing-machine","status":"publish","type":"product","link":"https:\/\/cigarettepackingmachine.com\/pl\/produkt\/sasib-3000-maszyna-do-pakowania-miekkich-papierosow\/","title":{"rendered":"SASIB 3000- Maszyna do pakowania papieros\u00f3w w mi\u0119kkie opakowania"},"content":{"rendered":"<ol>\n<li>Maszyna SASIB 3000 charakteryzuje si\u0119 imponuj\u0105c\u0105 pr\u0119dko\u015bci\u0105 pakowania do 400 paczek na minut\u0119.<\/li>\n<li>Moc urz\u0105dzenia wynosi oko\u0142o 18 kW.<\/li>\n<li>Zakres temperatur pracy wynosi od 15 do 40 stopni Celsjusza.<\/li>\n<li>SASIB 3000 gwarantuje bezb\u0142\u0119dne wyr\u00f3wnanie opakowa\u0144 i utrzymanie sp\u00f3jnej jako\u015bci.<\/li>\n<li>Ta maszyna do pakowania papieros\u00f3w wa\u017cy oko\u0142o 5000 kg.<\/li>\n<li>Posiada sterownik PLC w celu zwi\u0119kszenia kontroli i monitorowania.<\/li>\n<li>Maszyna p\u0142ynnie prze\u0142\u0105cza si\u0119 mi\u0119dzy r\u00f3\u017cnymi formatami papieros\u00f3w, a przestoje s\u0105 mniej dokuczliwe, co po\u015brednio zwi\u0119ksza wydajno\u015b\u0107.<\/li>\n<li>Maszyna ta redukuje liczb\u0119 b\u0142\u0119d\u00f3w, gdy\u017c w najmniejszym stopniu wymaga pracy r\u0119cznej.<\/li>\n<li>Ma on na celu redukcj\u0119 zu\u017cycia materia\u0142\u00f3w i zwi\u0119kszenie efektywno\u015bci ich wykorzystania.<\/li>\n<li>Jego konstrukcja pozwala na dopasowanie go zar\u00f3wno do nowych, jak i istniej\u0105cych \u015brodowisk produkcyjnych<\/li>\n<\/ol>","protected":false},"excerpt":{"rendered":"<p>Przedstawiamy SASIB 3000, cud w technologii pakowania papieros\u00f3w z podw\u00f3jn\u0105 mo\u017cliwo\u015bci\u0105 obs\u0142ugi papieros\u00f3w o \u015brednicy 84 mm i 100 mm. SASIB 3000 na nowo definiuje standardy wydajno\u015bci i wyrafinowania w przemy\u015ble tytoniowym. Oto kilka najwa\u017cniejszych cech<\/p>","protected":false},"featured_media":28355,"comment_status":"closed","ping_status":"closed","template":"","meta":[],"product_brand":[],"product_cat":[104],"product_tag":[],"class_list":{"0":"post-28443","1":"product","2":"type-product","3":"status-publish","4":"has-post-thumbnail","6":"product_cat-packing-machine","8":"first","9":"instock","10":"shipping-taxable","11":"product-type-simple"},"yoast_head":"<!-- This site is optimized with the Yoast SEO plugin v27.0 - https:\/\/yoast.com\/product\/yoast-seo-wordpress\/ -->\n<title>SASIB 3000- Cigarette Soft Packing Machine<\/title>\n<meta name=\"description\" content=\"SASIB 3000- Cigarette Soft Packing Machine - Introducing the SASIB 3000, a marvel in cigarette packaging technology with its dual capability to handle both 84mm and 100mm cigarettes.\" \/>\n<meta name=\"robots\" content=\"index, follow, max-snippet:-1, max-image-preview:large, max-video-preview:-1\" \/>\n<link rel=\"canonical\" href=\"https:\/\/cigarettepackingmachine.com\/pl\/produkt\/sasib-3000-maszyna-do-pakowania-miekkich-papierosow\/\" \/>\n<meta property=\"og:locale\" content=\"pl_PL\" \/>\n<meta property=\"og:type\" content=\"article\" \/>\n<meta property=\"og:title\" content=\"SASIB 3000- Cigarette Soft Packing Machine\" \/>\n<meta property=\"og:description\" content=\"SASIB 3000- Cigarette Soft Packing Machine - Introducing the SASIB 3000, a marvel in cigarette packaging technology with its dual capability to handle both 84mm and 100mm cigarettes.\" \/>\n<meta property=\"og:url\" content=\"https:\/\/cigarettepackingmachine.com\/pl\/produkt\/sasib-3000-maszyna-do-pakowania-miekkich-papierosow\/\" \/>\n<meta property=\"og:site_name\" content=\"Cigarette Packing Machines\" \/>\n<meta property=\"article:modified_time\" content=\"2025-07-26T08:12:36+00:00\" \/>\n<meta property=\"og:image\" content=\"https:\/\/cigarettepackingmachine.com\/wp-content\/uploads\/2024\/06\/SSASIB-3000-SOFT-PACKING-LINE.webp\" \/>\n\t<meta property=\"og:image:width\" content=\"666\" \/>\n\t<meta property=\"og:image:height\" content=\"416\" \/>\n\t<meta property=\"og:image:type\" content=\"image\/webp\" \/>\n<meta name=\"twitter:card\" content=\"summary_large_image\" \/>\n<meta name=\"twitter:label1\" content=\"Szacowany czas czytania\" \/>\n\t<meta name=\"twitter:data1\" content=\"1 minuta\" \/>\n<!-- \/ Yoast SEO plugin. -->","yoast_head_json":{"title":"SASIB 3000- Maszyna do pakowania papieros\u00f3w w mi\u0119kkie opakowania","description":"SASIB 3000 \u2014 maszyna do pakowania papieros\u00f3w w mi\u0119kkie opakowania \u2014 przedstawiamy SASIB 3000, cud techniki pakowania papieros\u00f3w, dzi\u0119ki kt\u00f3remu mo\u017cna pakowa\u0107 zar\u00f3wno papierosy o \u015brednicy 84 mm, jak i 100 mm.","robots":{"index":"index","follow":"follow","max-snippet":"max-snippet:-1","max-image-preview":"max-image-preview:large","max-video-preview":"max-video-preview:-1"},"canonical":"https:\/\/cigarettepackingmachine.com\/pl\/produkt\/sasib-3000-maszyna-do-pakowania-miekkich-papierosow\/","og_locale":"pl_PL","og_type":"article","og_title":"SASIB 3000- Cigarette Soft Packing Machine","og_description":"SASIB 3000- Cigarette Soft Packing Machine - Introducing the SASIB 3000, a marvel in cigarette packaging technology with its dual capability to handle both 84mm and 100mm cigarettes.","og_url":"https:\/\/cigarettepackingmachine.com\/pl\/produkt\/sasib-3000-maszyna-do-pakowania-miekkich-papierosow\/","og_site_name":"Cigarette Packing Machines","article_modified_time":"2025-07-26T08:12:36+00:00","og_image":[{"width":666,"height":416,"url":"https:\/\/cigarettepackingmachine.com\/wp-content\/uploads\/2024\/06\/SSASIB-3000-SOFT-PACKING-LINE.webp","type":"image\/webp"}],"twitter_card":"summary_large_image","twitter_misc":{"Szacowany czas czytania":"1 minuta"},"schema":{"@context":"https:\/\/schema.org","@graph":[{"@type":"WebPage","@id":"https:\/\/cigarettepackingmachine.com\/product\/sasib-3000-cigarette-soft-packing-machine\/","url":"https:\/\/cigarettepackingmachine.com\/product\/sasib-3000-cigarette-soft-packing-machine\/","name":"SASIB 3000- Maszyna do pakowania papieros\u00f3w w mi\u0119kkie opakowania","isPartOf":{"@id":"https:\/\/cigarettepackingmachine.com\/#website"},"primaryImageOfPage":{"@id":"https:\/\/cigarettepackingmachine.com\/product\/sasib-3000-cigarette-soft-packing-machine\/#primaryimage"},"image":{"@id":"https:\/\/cigarettepackingmachine.com\/product\/sasib-3000-cigarette-soft-packing-machine\/#primaryimage"},"thumbnailUrl":"https:\/\/cigarettepackingmachine.com\/wp-content\/uploads\/2024\/06\/SSASIB-3000-SOFT-PACKING-LINE.webp","datePublished":"2024-06-12T08:19:04+00:00","dateModified":"2025-07-26T08:12:36+00:00","description":"SASIB 3000 \u2014 maszyna do pakowania papieros\u00f3w w mi\u0119kkie opakowania \u2014 przedstawiamy SASIB 3000, cud techniki pakowania papieros\u00f3w, dzi\u0119ki kt\u00f3remu mo\u017cna pakowa\u0107 zar\u00f3wno papierosy o \u015brednicy 84 mm, jak i 100 mm.","breadcrumb":{"@id":"https:\/\/cigarettepackingmachine.com\/product\/sasib-3000-cigarette-soft-packing-machine\/#breadcrumb"},"inLanguage":"pl-PL","potentialAction":[{"@type":"ReadAction","target":["https:\/\/cigarettepackingmachine.com\/product\/sasib-3000-cigarette-soft-packing-machine\/"]}]},{"@type":"ImageObject","inLanguage":"pl-PL","@id":"https:\/\/cigarettepackingmachine.com\/product\/sasib-3000-cigarette-soft-packing-machine\/#primaryimage","url":"https:\/\/cigarettepackingmachine.com\/wp-content\/uploads\/2024\/06\/SSASIB-3000-SOFT-PACKING-LINE.webp","contentUrl":"https:\/\/cigarettepackingmachine.com\/wp-content\/uploads\/2024\/06\/SSASIB-3000-SOFT-PACKING-LINE.webp","width":666,"height":416,"caption":"Sasib 3000"},{"@type":"BreadcrumbList","@id":"https:\/\/cigarettepackingmachine.com\/product\/sasib-3000-cigarette-soft-packing-machine\/#breadcrumb","itemListElement":[{"@type":"ListItem","position":1,"name":"Home","item":"https:\/\/cigarettepackingmachine.com\/"},{"@type":"ListItem","position":2,"name":"Products","item":"https:\/\/cigarettepackingmachine.com\/shop\/"},{"@type":"ListItem","position":3,"name":"SASIB 3000- Cigarette Soft Packing Machine"}]},{"@type":"WebSite","@id":"https:\/\/cigarettepackingmachine.com\/#website","url":"https:\/\/cigarettepackingmachine.com\/","name":"Maszyny do pakowania papieros\u00f3w","description":"Maszyny do pakowania papieros\u00f3w","potentialAction":[{"@type":"SearchAction","target":{"@type":"EntryPoint","urlTemplate":"https:\/\/cigarettepackingmachine.com\/?s={search_term_string}"},"query-input":{"@type":"PropertyValueSpecification","valueRequired":true,"valueName":"search_term_string"}}],"inLanguage":"pl-PL"}]}},"_links":{"self":[{"href":"https:\/\/cigarettepackingmachine.com\/pl\/wp-json\/wp\/v2\/product\/28443","targetHints":{"allow":["GET"]}}],"collection":[{"href":"https:\/\/cigarettepackingmachine.com\/pl\/wp-json\/wp\/v2\/product"}],"about":[{"href":"https:\/\/cigarettepackingmachine.com\/pl\/wp-json\/wp\/v2\/types\/product"}],"replies":[{"embeddable":true,"href":"https:\/\/cigarettepackingmachine.com\/pl\/wp-json\/wp\/v2\/comments?post=28443"}],"version-history":[{"count":3,"href":"https:\/\/cigarettepackingmachine.com\/pl\/wp-json\/wp\/v2\/product\/28443\/revisions"}],"predecessor-version":[{"id":28712,"href":"https:\/\/cigarettepackingmachine.com\/pl\/wp-json\/wp\/v2\/product\/28443\/revisions\/28712"}],"wp:featuredmedia":[{"embeddable":true,"href":"https:\/\/cigarettepackingmachine.com\/pl\/wp-json\/wp\/v2\/media\/28355"}],"wp:attachment":[{"href":"https:\/\/cigarettepackingmachine.com\/pl\/wp-json\/wp\/v2\/media?parent=28443"}],"wp:term":[{"taxonomy":"product_brand","embeddable":true,"href":"https:\/\/cigarettepackingmachine.com\/pl\/wp-json\/wp\/v2\/product_brand?post=28443"},{"taxonomy":"product_cat","embeddable":true,"href":"https:\/\/cigarettepackingmachine.com\/pl\/wp-json\/wp\/v2\/product_cat?post=28443"},{"taxonomy":"product_tag","embeddable":true,"href":"https:\/\/cigarettepackingmachine.com\/pl\/wp-json\/wp\/v2\/product_tag?post=28443"}],"curies":[{"name":"wp","href":"https:\/\/api.w.org\/{rel}","templated":true}]}}