{"id":28306,"date":"2024-06-07T07:07:44","date_gmt":"2024-06-07T07:07:44","guid":{"rendered":"https:\/\/cigarettepackingmachine.com\/?post_type=product&#038;p=28306"},"modified":"2024-06-24T11:34:31","modified_gmt":"2024-06-24T11:34:31","slug":"naked-over-wrapper-cigarette-over-wrapping-machine","status":"publish","type":"product","link":"https:\/\/cigarettepackingmachine.com\/pl\/produkt\/maszyna-do-pakowania-papierosow-nago-na-zewnatrz\/","title":{"rendered":"Naked Over Wrapper \u2013 Maszyna do pakowania papieros\u00f3w"},"content":{"rendered":"<p>Oto kilka najwa\u017cniejszych cech Naked Over Wrapper<\/p>\n<ol>\n<li>Zapewnia us\u0142ugi z pr\u0119dko\u015bci\u0105 25 paczek papieros\u00f3w na minut\u0119<\/li>\n<li>Nadaje si\u0119 do opakowa\u0144 o wymiarach od 50 mm x 20 mm x 80 mm do 90 mm x 30 mm x 120 mm<\/li>\n<li>Wykorzystuje materia\u0142y takie jak BOPP i PVC<\/li>\n<li>Obs\u0142uguje szeroki zakres grubo\u015bci folii od 20 do 50 mikron\u00f3w<\/li>\n<li>Dzia\u0142a zar\u00f3wno przy napi\u0119ciu 220 V, jak i 380 V.<\/li>\n<li>Jego pod\u0142\u0105czone obci\u0105\u017cenie wynosi 6 KVA<\/li>\n<li>Jest to maszyna o wadze 800 kg, kt\u00f3rej najd\u0142u\u017cszy bok ma d\u0142ugo\u015b\u0107 2000 mm, co umo\u017cliwia \u0142atw\u0105 regulacj\u0119 pod\u0142ogi<\/li>\n<li>To zaawansowane urz\u0105dzenie in\u017cynieryjne charakteryzuje si\u0119 marginesem b\u0142\u0119du wynosz\u0105cym \u00b10,3 mm<\/li>\n<li>Zmniejsza konieczno\u015b\u0107 wprowadzania danych r\u0119cznie za pomoc\u0105 sterownika PLC (Programmable Logic Controller)<\/li>\n<li>Zapewnia ciche \u015brodowisko, pracuj\u0105c na poziomie ha\u0142asu poni\u017cej 75 dB<\/li>\n<\/ol>\n<p>&nbsp;<\/p>","protected":false},"excerpt":{"rendered":"<p>Wysoce wydajna maszyna z mniejsz\u0105 ilo\u015bci\u0105 odpad\u00f3w i wydajno\u015bci\u0105 powy\u017cej 95% Naked Over Wrapper to idealna maszyna do pakowania papieros\u00f3w. Ta maszyna jest w stanie pracowa\u0107 nad r\u00f3\u017cnymi projektami z kr\u00f3tkim czasem przezbrajania wynosz\u0105cym od 10 do 15 minut. Dzi\u0119ki szybkiemu przyciskowi zatrzymania awaryjnego chroni operatora i zapewnia wszystkie wymagane funkcje.<\/p>","protected":false},"featured_media":28252,"comment_status":"closed","ping_status":"closed","template":"","meta":[],"product_brand":[],"product_cat":[106],"product_tag":[],"class_list":{"0":"post-28306","1":"product","2":"type-product","3":"status-publish","4":"has-post-thumbnail","6":"product_cat-wrapping-machine","8":"first","9":"instock","10":"shipping-taxable","11":"product-type-simple"},"yoast_head":"<!-- This site is optimized with the Yoast SEO plugin v27.0 - https:\/\/yoast.com\/product\/yoast-seo-wordpress\/ -->\n<title>Naked Over Wrapper - Cigarette Over Wrapping Machine<\/title>\n<meta name=\"description\" content=\"Naked Over Wrapper - Cigarette Over Wrapping Machine | Ready to ship \u2714 - Contact us to get custom quote for your machinery requirements\" \/>\n<meta name=\"robots\" content=\"index, follow, max-snippet:-1, max-image-preview:large, max-video-preview:-1\" \/>\n<link rel=\"canonical\" href=\"https:\/\/cigarettepackingmachine.com\/pl\/produkt\/maszyna-do-pakowania-papierosow-nago-na-zewnatrz\/\" \/>\n<meta property=\"og:locale\" content=\"pl_PL\" \/>\n<meta property=\"og:type\" content=\"article\" \/>\n<meta property=\"og:title\" content=\"Naked Over Wrapper - Cigarette Over Wrapping Machine\" \/>\n<meta property=\"og:description\" content=\"Naked Over Wrapper - Cigarette Over Wrapping Machine | Ready to ship \u2714 - Contact us to get custom quote for your machinery requirements\" \/>\n<meta property=\"og:url\" content=\"https:\/\/cigarettepackingmachine.com\/pl\/produkt\/maszyna-do-pakowania-papierosow-nago-na-zewnatrz\/\" \/>\n<meta property=\"og:site_name\" content=\"Cigarette Packing Machines\" \/>\n<meta property=\"article:modified_time\" content=\"2024-06-24T11:34:31+00:00\" \/>\n<meta property=\"og:image\" content=\"https:\/\/cigarettepackingmachine.com\/wp-content\/uploads\/2024\/06\/Over-Wrapping-Machine.webp\" \/>\n\t<meta property=\"og:image:width\" content=\"672\" \/>\n\t<meta property=\"og:image:height\" content=\"448\" \/>\n\t<meta property=\"og:image:type\" content=\"image\/webp\" \/>\n<meta name=\"twitter:card\" content=\"summary_large_image\" \/>\n<meta name=\"twitter:label1\" content=\"Szacowany czas czytania\" \/>\n\t<meta name=\"twitter:data1\" content=\"1 minuta\" \/>\n<!-- \/ Yoast SEO plugin. -->","yoast_head_json":{"title":"Naked Over Wrapper - Maszyna do pakowania papieros\u00f3w","description":"Naked Over Wrapper - Maszyna do pakowania papieros\u00f3w | Gotowa do wysy\u0142ki \u2714 - Skontaktuj si\u0119 z nami, aby uzyska\u0107 indywidualn\u0105 wycen\u0119 dla swoich wymaga\u0144 dotycz\u0105cych maszyn","robots":{"index":"index","follow":"follow","max-snippet":"max-snippet:-1","max-image-preview":"max-image-preview:large","max-video-preview":"max-video-preview:-1"},"canonical":"https:\/\/cigarettepackingmachine.com\/pl\/produkt\/maszyna-do-pakowania-papierosow-nago-na-zewnatrz\/","og_locale":"pl_PL","og_type":"article","og_title":"Naked Over Wrapper - Cigarette Over Wrapping Machine","og_description":"Naked Over Wrapper - Cigarette Over Wrapping Machine | Ready to ship \u2714 - Contact us to get custom quote for your machinery requirements","og_url":"https:\/\/cigarettepackingmachine.com\/pl\/produkt\/maszyna-do-pakowania-papierosow-nago-na-zewnatrz\/","og_site_name":"Cigarette Packing Machines","article_modified_time":"2024-06-24T11:34:31+00:00","og_image":[{"width":672,"height":448,"url":"https:\/\/cigarettepackingmachine.com\/wp-content\/uploads\/2024\/06\/Over-Wrapping-Machine.webp","type":"image\/webp"}],"twitter_card":"summary_large_image","twitter_misc":{"Szacowany czas czytania":"1 minuta"},"schema":{"@context":"https:\/\/schema.org","@graph":[{"@type":"WebPage","@id":"https:\/\/cigarettepackingmachine.com\/pl\/produkt\/maszyna-do-pakowania-papierosow-nago-na-zewnatrz\/","url":"https:\/\/cigarettepackingmachine.com\/pl\/produkt\/maszyna-do-pakowania-papierosow-nago-na-zewnatrz\/","name":"Naked Over Wrapper - Maszyna do pakowania papieros\u00f3w","isPartOf":{"@id":"https:\/\/cigarettepackingmachine.com\/#website"},"primaryImageOfPage":{"@id":"https:\/\/cigarettepackingmachine.com\/pl\/produkt\/maszyna-do-pakowania-papierosow-nago-na-zewnatrz\/#primaryimage"},"image":{"@id":"https:\/\/cigarettepackingmachine.com\/pl\/produkt\/maszyna-do-pakowania-papierosow-nago-na-zewnatrz\/#primaryimage"},"thumbnailUrl":"https:\/\/cigarettepackingmachine.com\/wp-content\/uploads\/2024\/06\/Over-Wrapping-Machine.webp","datePublished":"2024-06-07T07:07:44+00:00","dateModified":"2024-06-24T11:34:31+00:00","description":"Naked Over Wrapper - Maszyna do pakowania papieros\u00f3w | Gotowa do wysy\u0142ki \u2714 - Skontaktuj si\u0119 z nami, aby uzyska\u0107 indywidualn\u0105 wycen\u0119 dla swoich wymaga\u0144 dotycz\u0105cych maszyn","breadcrumb":{"@id":"https:\/\/cigarettepackingmachine.com\/pl\/produkt\/maszyna-do-pakowania-papierosow-nago-na-zewnatrz\/#breadcrumb"},"inLanguage":"pl-PL","potentialAction":[{"@type":"ReadAction","target":["https:\/\/cigarettepackingmachine.com\/pl\/produkt\/maszyna-do-pakowania-papierosow-nago-na-zewnatrz\/"]}]},{"@type":"ImageObject","inLanguage":"pl-PL","@id":"https:\/\/cigarettepackingmachine.com\/pl\/produkt\/maszyna-do-pakowania-papierosow-nago-na-zewnatrz\/#primaryimage","url":"https:\/\/cigarettepackingmachine.com\/wp-content\/uploads\/2024\/06\/Over-Wrapping-Machine.webp","contentUrl":"https:\/\/cigarettepackingmachine.com\/wp-content\/uploads\/2024\/06\/Over-Wrapping-Machine.webp","width":672,"height":448,"caption":"Cigarette Over Wrapping Machine"},{"@type":"BreadcrumbList","@id":"https:\/\/cigarettepackingmachine.com\/pl\/produkt\/maszyna-do-pakowania-papierosow-nago-na-zewnatrz\/#breadcrumb","itemListElement":[{"@type":"ListItem","position":1,"name":"Home","item":"https:\/\/cigarettepackingmachine.com\/"},{"@type":"ListItem","position":2,"name":"Products","item":"https:\/\/cigarettepackingmachine.com\/shop\/"},{"@type":"ListItem","position":3,"name":"Naked Over Wrapper &#8211; Cigarette Over Wrapping Machine"}]},{"@type":"WebSite","@id":"https:\/\/cigarettepackingmachine.com\/#website","url":"https:\/\/cigarettepackingmachine.com\/","name":"Maszyny do pakowania papieros\u00f3w","description":"Maszyny do pakowania papieros\u00f3w","potentialAction":[{"@type":"SearchAction","target":{"@type":"EntryPoint","urlTemplate":"https:\/\/cigarettepackingmachine.com\/?s={search_term_string}"},"query-input":{"@type":"PropertyValueSpecification","valueRequired":true,"valueName":"search_term_string"}}],"inLanguage":"pl-PL"}]}},"_links":{"self":[{"href":"https:\/\/cigarettepackingmachine.com\/pl\/wp-json\/wp\/v2\/product\/28306","targetHints":{"allow":["GET"]}}],"collection":[{"href":"https:\/\/cigarettepackingmachine.com\/pl\/wp-json\/wp\/v2\/product"}],"about":[{"href":"https:\/\/cigarettepackingmachine.com\/pl\/wp-json\/wp\/v2\/types\/product"}],"replies":[{"embeddable":true,"href":"https:\/\/cigarettepackingmachine.com\/pl\/wp-json\/wp\/v2\/comments?post=28306"}],"version-history":[{"count":2,"href":"https:\/\/cigarettepackingmachine.com\/pl\/wp-json\/wp\/v2\/product\/28306\/revisions"}],"predecessor-version":[{"id":28643,"href":"https:\/\/cigarettepackingmachine.com\/pl\/wp-json\/wp\/v2\/product\/28306\/revisions\/28643"}],"wp:featuredmedia":[{"embeddable":true,"href":"https:\/\/cigarettepackingmachine.com\/pl\/wp-json\/wp\/v2\/media\/28252"}],"wp:attachment":[{"href":"https:\/\/cigarettepackingmachine.com\/pl\/wp-json\/wp\/v2\/media?parent=28306"}],"wp:term":[{"taxonomy":"product_brand","embeddable":true,"href":"https:\/\/cigarettepackingmachine.com\/pl\/wp-json\/wp\/v2\/product_brand?post=28306"},{"taxonomy":"product_cat","embeddable":true,"href":"https:\/\/cigarettepackingmachine.com\/pl\/wp-json\/wp\/v2\/product_cat?post=28306"},{"taxonomy":"product_tag","embeddable":true,"href":"https:\/\/cigarettepackingmachine.com\/pl\/wp-json\/wp\/v2\/product_tag?post=28306"}],"curies":[{"name":"wp","href":"https:\/\/api.w.org\/{rel}","templated":true}]}}