{"id":28303,"date":"2024-06-07T07:02:14","date_gmt":"2024-06-07T07:02:14","guid":{"rendered":"https:\/\/cigarettepackingmachine.com\/?post_type=product&#038;p=28303"},"modified":"2024-06-24T11:37:04","modified_gmt":"2024-06-24T11:37:04","slug":"sasib-boxer-cigarette-box-packing-machine","status":"publish","type":"product","link":"https:\/\/cigarettepackingmachine.com\/pl\/produkt\/maszyna-do-pakowania-pudelek-papierosow-sasib-boxer\/","title":{"rendered":"SASIB Boxer \u2013 Maszyna pakuj\u0105ca w pude\u0142ka na papierosy"},"content":{"rendered":"<p>Oto kilka najwa\u017cniejszych wydarze\u0144 z SASIB Boxer<\/p>\n<ol>\n<li>SASIB Boxer pracuje z wydajno\u015bci\u0105 25 pude\u0142ek na minut\u0119<\/li>\n<li>Ci\u015bnienie powietrza wynosi 0,1 m3\/min<\/li>\n<li>Zapotrzebowanie na moc tej maszyny wynosi 6 kW<\/li>\n<li>Dzia\u0142a zar\u00f3wno przy napi\u0119ciu 220 V, jak i 380 V.<\/li>\n<li>Wa\u017cy 1500 kg, a najd\u0142u\u017cszy bok ma 2200 mm<\/li>\n<li>Pasuje do pude\u0142ek o wymiarach od 70 mm x 30 mm x 20 mm do wi\u0119kszych rozmiar\u00f3w<\/li>\n<\/ol>","protected":false},"excerpt":{"rendered":"<p>SASIB Boxer to elektryczna, wysoce dok\u0142adna i w pe\u0142ni zautomatyzowana maszyna do pakowania pude\u0142ek na papierosy dla nowych i starych biznesmen\u00f3w. Maszyna ta zapewnia optymaln\u0105 pr\u0119dko\u015b\u0107 i mo\u017ce pracowa\u0107 nad projektami o niskim poziomie konserwacji. SASIB Boxer ma precyzyjne mechanizmy sk\u0142adania, pakowania i uszczelniania, co czyni j\u0105 wydajn\u0105 opcj\u0105.<\/p>","protected":false},"featured_media":28255,"comment_status":"closed","ping_status":"closed","template":"","meta":[],"product_brand":[],"product_cat":[106],"product_tag":[],"class_list":{"0":"post-28303","1":"product","2":"type-product","3":"status-publish","4":"has-post-thumbnail","6":"product_cat-wrapping-machine","8":"first","9":"instock","10":"shipping-taxable","11":"product-type-simple"},"yoast_head":"<!-- This site is optimized with the Yoast SEO plugin v27.0 - https:\/\/yoast.com\/product\/yoast-seo-wordpress\/ -->\n<title>SASIB Boxer - Cigarette Box Packing Machine<\/title>\n<meta name=\"description\" content=\"SASIB Boxer - Cigarette Box Packing Machine | Ready to ship \u2714 - Contact us to get custom quote for your machinery requirements\" \/>\n<meta name=\"robots\" content=\"index, follow, max-snippet:-1, max-image-preview:large, max-video-preview:-1\" \/>\n<link rel=\"canonical\" href=\"https:\/\/cigarettepackingmachine.com\/pl\/urun\/sasib-boxer-sigara-kutusu-paketleme-makinesi\/\" \/>\n<meta property=\"og:locale\" content=\"pl_PL\" \/>\n<meta property=\"og:type\" content=\"article\" \/>\n<meta property=\"og:title\" content=\"SASIB Boxer - Cigarette Box Packing Machine\" \/>\n<meta property=\"og:description\" content=\"SASIB Boxer - Cigarette Box Packing Machine | Ready to ship \u2714 - Contact us to get custom quote for your machinery requirements\" \/>\n<meta property=\"og:url\" content=\"https:\/\/cigarettepackingmachine.com\/pl\/urun\/sasib-boxer-sigara-kutusu-paketleme-makinesi\/\" \/>\n<meta property=\"og:site_name\" content=\"Cigarette Packing Machines\" \/>\n<meta property=\"article:modified_time\" content=\"2024-06-24T11:37:04+00:00\" \/>\n<meta property=\"og:image\" content=\"https:\/\/cigarettepackingmachine.com\/wp-content\/uploads\/2024\/06\/Boxer-Sasib-Wrapping-Machine.webp\" \/>\n\t<meta property=\"og:image:width\" content=\"684\" \/>\n\t<meta property=\"og:image:height\" content=\"456\" \/>\n\t<meta property=\"og:image:type\" content=\"image\/webp\" \/>\n<meta name=\"twitter:card\" content=\"summary_large_image\" \/>\n<!-- \/ Yoast SEO plugin. -->","yoast_head_json":{"title":"SASIB Boxer - Maszyna pakuj\u0105ca w pude\u0142ka na papierosy","description":"SASIB Boxer - Maszyna pakuj\u0105ca w pude\u0142ka na papierosy | Gotowa do wysy\u0142ki \u2714 - Skontaktuj si\u0119 z nami, aby uzyska\u0107 indywidualn\u0105 wycen\u0119 dla swoich wymaga\u0144 dotycz\u0105cych maszyn","robots":{"index":"index","follow":"follow","max-snippet":"max-snippet:-1","max-image-preview":"max-image-preview:large","max-video-preview":"max-video-preview:-1"},"canonical":"https:\/\/cigarettepackingmachine.com\/pl\/urun\/sasib-boxer-sigara-kutusu-paketleme-makinesi\/","og_locale":"pl_PL","og_type":"article","og_title":"SASIB Boxer - Cigarette Box Packing Machine","og_description":"SASIB Boxer - Cigarette Box Packing Machine | Ready to ship \u2714 - Contact us to get custom quote for your machinery requirements","og_url":"https:\/\/cigarettepackingmachine.com\/pl\/urun\/sasib-boxer-sigara-kutusu-paketleme-makinesi\/","og_site_name":"Cigarette Packing Machines","article_modified_time":"2024-06-24T11:37:04+00:00","og_image":[{"width":684,"height":456,"url":"https:\/\/cigarettepackingmachine.com\/wp-content\/uploads\/2024\/06\/Boxer-Sasib-Wrapping-Machine.webp","type":"image\/webp"}],"twitter_card":"summary_large_image","schema":{"@context":"https:\/\/schema.org","@graph":[{"@type":"WebPage","@id":"https:\/\/cigarettepackingmachine.com\/tr\/urun\/sasib-boxer-sigara-kutusu-paketleme-makinesi\/","url":"https:\/\/cigarettepackingmachine.com\/tr\/urun\/sasib-boxer-sigara-kutusu-paketleme-makinesi\/","name":"SASIB Boxer - Maszyna pakuj\u0105ca w pude\u0142ka na papierosy","isPartOf":{"@id":"https:\/\/cigarettepackingmachine.com\/#website"},"primaryImageOfPage":{"@id":"https:\/\/cigarettepackingmachine.com\/tr\/urun\/sasib-boxer-sigara-kutusu-paketleme-makinesi\/#primaryimage"},"image":{"@id":"https:\/\/cigarettepackingmachine.com\/tr\/urun\/sasib-boxer-sigara-kutusu-paketleme-makinesi\/#primaryimage"},"thumbnailUrl":"https:\/\/cigarettepackingmachine.com\/wp-content\/uploads\/2024\/06\/Boxer-Sasib-Wrapping-Machine.webp","datePublished":"2024-06-07T07:02:14+00:00","dateModified":"2024-06-24T11:37:04+00:00","description":"SASIB Boxer - Maszyna pakuj\u0105ca w pude\u0142ka na papierosy | Gotowa do wysy\u0142ki \u2714 - Skontaktuj si\u0119 z nami, aby uzyska\u0107 indywidualn\u0105 wycen\u0119 dla swoich wymaga\u0144 dotycz\u0105cych maszyn","breadcrumb":{"@id":"https:\/\/cigarettepackingmachine.com\/tr\/urun\/sasib-boxer-sigara-kutusu-paketleme-makinesi\/#breadcrumb"},"inLanguage":"pl-PL","potentialAction":[{"@type":"ReadAction","target":["https:\/\/cigarettepackingmachine.com\/tr\/urun\/sasib-boxer-sigara-kutusu-paketleme-makinesi\/"]}]},{"@type":"ImageObject","inLanguage":"pl-PL","@id":"https:\/\/cigarettepackingmachine.com\/tr\/urun\/sasib-boxer-sigara-kutusu-paketleme-makinesi\/#primaryimage","url":"https:\/\/cigarettepackingmachine.com\/wp-content\/uploads\/2024\/06\/Boxer-Sasib-Wrapping-Machine.webp","contentUrl":"https:\/\/cigarettepackingmachine.com\/wp-content\/uploads\/2024\/06\/Boxer-Sasib-Wrapping-Machine.webp","width":684,"height":456,"caption":"SASIB Boxer \u2013 Cigarette Box Packing Machine"},{"@type":"BreadcrumbList","@id":"https:\/\/cigarettepackingmachine.com\/tr\/urun\/sasib-boxer-sigara-kutusu-paketleme-makinesi\/#breadcrumb","itemListElement":[{"@type":"ListItem","position":1,"name":"Home","item":"https:\/\/cigarettepackingmachine.com\/"},{"@type":"ListItem","position":2,"name":"Products","item":"https:\/\/cigarettepackingmachine.com\/shop\/"},{"@type":"ListItem","position":3,"name":"SASIB Boxer &#8211; Cigarette Box Packing Machine"}]},{"@type":"WebSite","@id":"https:\/\/cigarettepackingmachine.com\/#website","url":"https:\/\/cigarettepackingmachine.com\/","name":"Maszyny do pakowania papieros\u00f3w","description":"Maszyny do pakowania papieros\u00f3w","potentialAction":[{"@type":"SearchAction","target":{"@type":"EntryPoint","urlTemplate":"https:\/\/cigarettepackingmachine.com\/?s={search_term_string}"},"query-input":{"@type":"PropertyValueSpecification","valueRequired":true,"valueName":"search_term_string"}}],"inLanguage":"pl-PL"}]}},"_links":{"self":[{"href":"https:\/\/cigarettepackingmachine.com\/pl\/wp-json\/wp\/v2\/product\/28303","targetHints":{"allow":["GET"]}}],"collection":[{"href":"https:\/\/cigarettepackingmachine.com\/pl\/wp-json\/wp\/v2\/product"}],"about":[{"href":"https:\/\/cigarettepackingmachine.com\/pl\/wp-json\/wp\/v2\/types\/product"}],"replies":[{"embeddable":true,"href":"https:\/\/cigarettepackingmachine.com\/pl\/wp-json\/wp\/v2\/comments?post=28303"}],"version-history":[{"count":2,"href":"https:\/\/cigarettepackingmachine.com\/pl\/wp-json\/wp\/v2\/product\/28303\/revisions"}],"predecessor-version":[{"id":28645,"href":"https:\/\/cigarettepackingmachine.com\/pl\/wp-json\/wp\/v2\/product\/28303\/revisions\/28645"}],"wp:featuredmedia":[{"embeddable":true,"href":"https:\/\/cigarettepackingmachine.com\/pl\/wp-json\/wp\/v2\/media\/28255"}],"wp:attachment":[{"href":"https:\/\/cigarettepackingmachine.com\/pl\/wp-json\/wp\/v2\/media?parent=28303"}],"wp:term":[{"taxonomy":"product_brand","embeddable":true,"href":"https:\/\/cigarettepackingmachine.com\/pl\/wp-json\/wp\/v2\/product_brand?post=28303"},{"taxonomy":"product_cat","embeddable":true,"href":"https:\/\/cigarettepackingmachine.com\/pl\/wp-json\/wp\/v2\/product_cat?post=28303"},{"taxonomy":"product_tag","embeddable":true,"href":"https:\/\/cigarettepackingmachine.com\/pl\/wp-json\/wp\/v2\/product_tag?post=28303"}],"curies":[{"name":"wp","href":"https:\/\/api.w.org\/{rel}","templated":true}]}}