{"id":28287,"date":"2024-06-07T06:23:53","date_gmt":"2024-06-07T06:23:53","guid":{"rendered":"https:\/\/cigarettepackingmachine.com\/?post_type=product&#038;p=28287"},"modified":"2024-06-13T08:18:52","modified_gmt":"2024-06-13T08:18:52","slug":"hlp-225-cigarette-packing-machine","status":"publish","type":"product","link":"https:\/\/cigarettepackingmachine.com\/pl\/produkt\/maszyna-do-pakowania-papierosow-hlp-225\/","title":{"rendered":"Maszyna do pakowania papieros\u00f3w HLP 225"},"content":{"rendered":"<ol>\n<li>Maszyna HLP 225 mo\u017ce zapakowa\u0107 225 paczek papieros\u00f3w na minut\u0119, co daje przer\u00f3b ok. 13 500 papieros\u00f3w na minut\u0119.<\/li>\n<li>Maszyna obs\u0142uguje rozmiary king-size, demi, slim, super slim i nano.<\/li>\n<li>Dost\u0119pny jest w nast\u0119puj\u0105cych konfiguracjach pakiet\u00f3w: naro\u017cniki okr\u0105g\u0142e, kraw\u0119dzie \u015bci\u0119te, typ D i kwadrat.<\/li>\n<li>HLP 225 charakteryzuje si\u0119 dok\u0142adno\u015bci\u0105 do \u00b10,05 mm.<\/li>\n<li>Zmniejsza potrzeb\u0119 pracy r\u0119cznej i zwi\u0119ksza wydajno\u015b\u0107 operacyjn\u0105 dzi\u0119ki zmniejszeniu liczby b\u0142\u0119d\u00f3w.<\/li>\n<li>Zaprojektowano je z my\u015bl\u0105 o d\u0142u\u017cszej eksploatacji, a ich konserwacja trwa od 10 000 do 12 000 godzin.<\/li>\n<li>Ta maszyna pakuj\u0105ca papierosy zu\u017cywa stosunkowo o 25\u201335% mniej energii.<\/li>\n<li>Pomimo du\u017cej wydajno\u015bci zajmuje ma\u0142o miejsca i \u0142atwo mie\u015bci si\u0119 w pomieszczeniach produkcyjnych.<\/li>\n<li>Najlepiej sprawdza si\u0119 w przypadku produkcji \u015bredniej i du\u017cej wielko\u015bci.<\/li>\n<\/ol>","protected":false},"excerpt":{"rendered":"<p>Maszyna pakuj\u0105ca papierosy HLP 225 to maszyna z podw\u00f3jnym t\u0142okiem, kt\u00f3ra zosta\u0142a opracowana i udost\u0119pniona firmom o \u015bredniej lub du\u017cej obj\u0119to\u015bci. Zosta\u0142a zaprojektowana tak, aby sprosta\u0107 wymagaj\u0105cym wymaganiom nowoczesnej produkcji papieros\u00f3w, bior\u0105c pod uwag\u0119 wszystkie mo\u017cliwe czynniki. Oto kilka najwa\u017cniejszych cech maszyny HLP 225<\/p>","protected":false},"featured_media":28206,"comment_status":"closed","ping_status":"closed","template":"","meta":[],"product_brand":[],"product_cat":[104],"product_tag":[],"class_list":{"0":"post-28287","1":"product","2":"type-product","3":"status-publish","4":"has-post-thumbnail","6":"product_cat-packing-machine","8":"first","9":"instock","10":"shipping-taxable","11":"product-type-simple"},"yoast_head":"<!-- This site is optimized with the Yoast SEO plugin v27.0 - https:\/\/yoast.com\/product\/yoast-seo-wordpress\/ -->\n<title>HLP 225 Cigarette Packing Machine<\/title>\n<meta name=\"description\" content=\"HLP 225 Cigarette Packing Machine | Ready to ship \u2714 - Contact us to get custom quote for your machinery requirements\" \/>\n<meta name=\"robots\" content=\"index, follow, max-snippet:-1, max-image-preview:large, max-video-preview:-1\" \/>\n<link rel=\"canonical\" href=\"https:\/\/cigarettepackingmachine.com\/pl\/produkt\/maszyna-do-pakowania-papierosow-hlp-225\/\" \/>\n<meta property=\"og:locale\" content=\"pl_PL\" \/>\n<meta property=\"og:type\" content=\"article\" \/>\n<meta property=\"og:title\" content=\"HLP 225 Cigarette Packing Machine\" \/>\n<meta property=\"og:description\" content=\"HLP 225 Cigarette Packing Machine | Ready to ship \u2714 - Contact us to get custom quote for your machinery requirements\" \/>\n<meta property=\"og:url\" content=\"https:\/\/cigarettepackingmachine.com\/pl\/produkt\/maszyna-do-pakowania-papierosow-hlp-225\/\" \/>\n<meta property=\"og:site_name\" content=\"Cigarette Packing Machines\" \/>\n<meta property=\"article:modified_time\" content=\"2024-06-13T08:18:52+00:00\" \/>\n<meta property=\"og:image\" content=\"https:\/\/cigarettepackingmachine.com\/wp-content\/uploads\/2024\/06\/HLP-Cigarette-Packing-Machine.webp\" \/>\n\t<meta property=\"og:image:width\" content=\"1200\" \/>\n\t<meta property=\"og:image:height\" content=\"800\" \/>\n\t<meta property=\"og:image:type\" content=\"image\/webp\" \/>\n<meta name=\"twitter:card\" content=\"summary_large_image\" \/>\n<meta name=\"twitter:label1\" content=\"Szacowany czas czytania\" \/>\n\t<meta name=\"twitter:data1\" content=\"1 minuta\" \/>\n<!-- \/ Yoast SEO plugin. -->","yoast_head_json":{"title":"Maszyna do pakowania papieros\u00f3w HLP 225","description":"Maszyna do pakowania papieros\u00f3w HLP 225 | Gotowa do wysy\u0142ki \u2714 - Skontaktuj si\u0119 z nami, aby uzyska\u0107 indywidualn\u0105 wycen\u0119 dla swoich wymaga\u0144 dotycz\u0105cych maszyn","robots":{"index":"index","follow":"follow","max-snippet":"max-snippet:-1","max-image-preview":"max-image-preview:large","max-video-preview":"max-video-preview:-1"},"canonical":"https:\/\/cigarettepackingmachine.com\/pl\/produkt\/maszyna-do-pakowania-papierosow-hlp-225\/","og_locale":"pl_PL","og_type":"article","og_title":"HLP 225 Cigarette Packing Machine","og_description":"HLP 225 Cigarette Packing Machine | Ready to ship \u2714 - Contact us to get custom quote for your machinery requirements","og_url":"https:\/\/cigarettepackingmachine.com\/pl\/produkt\/maszyna-do-pakowania-papierosow-hlp-225\/","og_site_name":"Cigarette Packing Machines","article_modified_time":"2024-06-13T08:18:52+00:00","og_image":[{"width":1200,"height":800,"url":"https:\/\/cigarettepackingmachine.com\/wp-content\/uploads\/2024\/06\/HLP-Cigarette-Packing-Machine.webp","type":"image\/webp"}],"twitter_card":"summary_large_image","twitter_misc":{"Szacowany czas czytania":"1 minuta"},"schema":{"@context":"https:\/\/schema.org","@graph":[{"@type":"WebPage","@id":"https:\/\/cigarettepackingmachine.com\/product\/hlp-225-cigarette-packing-machine\/","url":"https:\/\/cigarettepackingmachine.com\/product\/hlp-225-cigarette-packing-machine\/","name":"Maszyna do pakowania papieros\u00f3w HLP 225","isPartOf":{"@id":"https:\/\/cigarettepackingmachine.com\/#website"},"primaryImageOfPage":{"@id":"https:\/\/cigarettepackingmachine.com\/product\/hlp-225-cigarette-packing-machine\/#primaryimage"},"image":{"@id":"https:\/\/cigarettepackingmachine.com\/product\/hlp-225-cigarette-packing-machine\/#primaryimage"},"thumbnailUrl":"https:\/\/cigarettepackingmachine.com\/wp-content\/uploads\/2024\/06\/HLP-Cigarette-Packing-Machine.webp","datePublished":"2024-06-07T06:23:53+00:00","dateModified":"2024-06-13T08:18:52+00:00","description":"Maszyna do pakowania papieros\u00f3w HLP 225 | Gotowa do wysy\u0142ki \u2714 - Skontaktuj si\u0119 z nami, aby uzyska\u0107 indywidualn\u0105 wycen\u0119 dla swoich wymaga\u0144 dotycz\u0105cych maszyn","breadcrumb":{"@id":"https:\/\/cigarettepackingmachine.com\/product\/hlp-225-cigarette-packing-machine\/#breadcrumb"},"inLanguage":"pl-PL","potentialAction":[{"@type":"ReadAction","target":["https:\/\/cigarettepackingmachine.com\/product\/hlp-225-cigarette-packing-machine\/"]}]},{"@type":"ImageObject","inLanguage":"pl-PL","@id":"https:\/\/cigarettepackingmachine.com\/product\/hlp-225-cigarette-packing-machine\/#primaryimage","url":"https:\/\/cigarettepackingmachine.com\/wp-content\/uploads\/2024\/06\/HLP-Cigarette-Packing-Machine.webp","contentUrl":"https:\/\/cigarettepackingmachine.com\/wp-content\/uploads\/2024\/06\/HLP-Cigarette-Packing-Machine.webp","width":1200,"height":800,"caption":"HLP Cigarette Packing Machine"},{"@type":"BreadcrumbList","@id":"https:\/\/cigarettepackingmachine.com\/product\/hlp-225-cigarette-packing-machine\/#breadcrumb","itemListElement":[{"@type":"ListItem","position":1,"name":"Home","item":"https:\/\/cigarettepackingmachine.com\/"},{"@type":"ListItem","position":2,"name":"Products","item":"https:\/\/cigarettepackingmachine.com\/shop\/"},{"@type":"ListItem","position":3,"name":"HLP 225 Cigarette Packing Machine"}]},{"@type":"WebSite","@id":"https:\/\/cigarettepackingmachine.com\/#website","url":"https:\/\/cigarettepackingmachine.com\/","name":"Maszyny do pakowania papieros\u00f3w","description":"Maszyny do pakowania papieros\u00f3w","potentialAction":[{"@type":"SearchAction","target":{"@type":"EntryPoint","urlTemplate":"https:\/\/cigarettepackingmachine.com\/?s={search_term_string}"},"query-input":{"@type":"PropertyValueSpecification","valueRequired":true,"valueName":"search_term_string"}}],"inLanguage":"pl-PL"}]}},"_links":{"self":[{"href":"https:\/\/cigarettepackingmachine.com\/pl\/wp-json\/wp\/v2\/product\/28287","targetHints":{"allow":["GET"]}}],"collection":[{"href":"https:\/\/cigarettepackingmachine.com\/pl\/wp-json\/wp\/v2\/product"}],"about":[{"href":"https:\/\/cigarettepackingmachine.com\/pl\/wp-json\/wp\/v2\/types\/product"}],"replies":[{"embeddable":true,"href":"https:\/\/cigarettepackingmachine.com\/pl\/wp-json\/wp\/v2\/comments?post=28287"}],"version-history":[{"count":4,"href":"https:\/\/cigarettepackingmachine.com\/pl\/wp-json\/wp\/v2\/product\/28287\/revisions"}],"predecessor-version":[{"id":28518,"href":"https:\/\/cigarettepackingmachine.com\/pl\/wp-json\/wp\/v2\/product\/28287\/revisions\/28518"}],"wp:featuredmedia":[{"embeddable":true,"href":"https:\/\/cigarettepackingmachine.com\/pl\/wp-json\/wp\/v2\/media\/28206"}],"wp:attachment":[{"href":"https:\/\/cigarettepackingmachine.com\/pl\/wp-json\/wp\/v2\/media?parent=28287"}],"wp:term":[{"taxonomy":"product_brand","embeddable":true,"href":"https:\/\/cigarettepackingmachine.com\/pl\/wp-json\/wp\/v2\/product_brand?post=28287"},{"taxonomy":"product_cat","embeddable":true,"href":"https:\/\/cigarettepackingmachine.com\/pl\/wp-json\/wp\/v2\/product_cat?post=28287"},{"taxonomy":"product_tag","embeddable":true,"href":"https:\/\/cigarettepackingmachine.com\/pl\/wp-json\/wp\/v2\/product_tag?post=28287"}],"curies":[{"name":"wp","href":"https:\/\/api.w.org\/{rel}","templated":true}]}}