{"id":28284,"date":"2024-06-07T06:19:20","date_gmt":"2024-06-07T06:19:20","guid":{"rendered":"https:\/\/cigarettepackingmachine.com\/?post_type=product&#038;p=28284"},"modified":"2024-06-13T08:17:42","modified_gmt":"2024-06-13T08:17:42","slug":"hlp-200-cigarette-packing-machine","status":"publish","type":"product","link":"https:\/\/cigarettepackingmachine.com\/pl\/produkt\/maszyna-do-pakowania-papierosow-hlp-200\/","title":{"rendered":"Maszyna do pakowania papieros\u00f3w HLP 200"},"content":{"rendered":"<ol>\n<li>Maszyna HLP 200 jest przeznaczona do pakowania do 200 paczek papieros\u00f3w na minut\u0119.<\/li>\n<li>Maksymalna wydajno\u015b\u0107 tej maszyny pakuj\u0105cej wynosi oko\u0142o 12 000 papieros\u00f3w.<\/li>\n<li>W tym urz\u0105dzeniu mo\u017cna umie\u015bci\u0107 pojemniki o rozmiarach king size, demi, slim, super slim i nano.<\/li>\n<li>Dost\u0119pny jest w nast\u0119puj\u0105cych konfiguracjach pakiet\u00f3w: naro\u017cniki okr\u0105g\u0142e, kraw\u0119dzie \u015bci\u0119te, typ D i kwadrat.<\/li>\n<li>HLP 200 gwarantuje dok\u0142adno\u015b\u0107 do \u00b10,1 mm.<\/li>\n<li>Maszyna ta charakteryzuje si\u0119 d\u0142ugim okresem mi\u0119dzyprzegl\u0105dowym wynosz\u0105cym od 8000 do 10 000 godzin pracy.<\/li>\n<li>Nadaje si\u0119 do ma\u0142ych, \u015brednich i du\u017cych przedsi\u0119biorstw.<\/li>\n<li>Posiada wydajny uk\u0142ad elektryczny wyposa\u017cony w uk\u0142ad sterowania PLC.<\/li>\n<li>Urz\u0105dzenie jest zasilane napi\u0119ciem 380 V i ma pob\u00f3r mocy 9,92 kW.<\/li>\n<\/ol>","protected":false},"excerpt":{"rendered":"<p>HLP 200 to system podw\u00f3jnego t\u0142oka, kt\u00f3ry jest przeznaczony do ma\u0142ych, \u015brednich i du\u017cych \u015brodowisk biznesowych i jest najlepszym wyborem dla klient\u00f3w ze wzgl\u0119du na minimalizacj\u0119 zu\u017cycia materia\u0142\u00f3w i oszcz\u0119dno\u015b\u0107 koszt\u00f3w. Oto kilka najwa\u017cniejszych cech HLP 200<\/p>","protected":false},"featured_media":28207,"comment_status":"closed","ping_status":"closed","template":"","meta":[],"product_brand":[],"product_cat":[104],"product_tag":[],"class_list":{"0":"post-28284","1":"product","2":"type-product","3":"status-publish","4":"has-post-thumbnail","6":"product_cat-packing-machine","8":"first","9":"instock","10":"shipping-taxable","11":"product-type-simple"},"yoast_head":"<!-- This site is optimized with the Yoast SEO plugin v27.0 - https:\/\/yoast.com\/product\/yoast-seo-wordpress\/ -->\n<title>HLP 200 Cigarette Packing Machine<\/title>\n<meta name=\"description\" content=\"HLP 200 Cigarette Packing Machine | Ready to ship \u2714 - Contact us to get custom quote for your machinery requirements\" \/>\n<meta name=\"robots\" content=\"index, follow, max-snippet:-1, max-image-preview:large, max-video-preview:-1\" \/>\n<link rel=\"canonical\" href=\"https:\/\/cigarettepackingmachine.com\/pl\/produkt\/maszyna-do-pakowania-papierosow-hlp-200\/\" \/>\n<meta property=\"og:locale\" content=\"pl_PL\" \/>\n<meta property=\"og:type\" content=\"article\" \/>\n<meta property=\"og:title\" content=\"HLP 200 Cigarette Packing Machine\" \/>\n<meta property=\"og:description\" content=\"HLP 200 Cigarette Packing Machine | Ready to ship \u2714 - Contact us to get custom quote for your machinery requirements\" \/>\n<meta property=\"og:url\" content=\"https:\/\/cigarettepackingmachine.com\/pl\/produkt\/maszyna-do-pakowania-papierosow-hlp-200\/\" \/>\n<meta property=\"og:site_name\" content=\"Cigarette Packing Machines\" \/>\n<meta property=\"article:modified_time\" content=\"2024-06-13T08:17:42+00:00\" \/>\n<meta property=\"og:image\" content=\"https:\/\/cigarettepackingmachine.com\/wp-content\/uploads\/2024\/06\/HLP-Cigarette-Packing-Machine-180.webp\" \/>\n\t<meta property=\"og:image:width\" content=\"1200\" \/>\n\t<meta property=\"og:image:height\" content=\"800\" \/>\n\t<meta property=\"og:image:type\" content=\"image\/webp\" \/>\n<meta name=\"twitter:card\" content=\"summary_large_image\" \/>\n<meta name=\"twitter:label1\" content=\"Szacowany czas czytania\" \/>\n\t<meta name=\"twitter:data1\" content=\"1 minuta\" \/>\n<!-- \/ Yoast SEO plugin. -->","yoast_head_json":{"title":"Maszyna do pakowania papieros\u00f3w HLP 200","description":"Maszyna do pakowania papieros\u00f3w HLP 200 | Gotowa do wysy\u0142ki \u2714 - Skontaktuj si\u0119 z nami, aby uzyska\u0107 indywidualn\u0105 wycen\u0119 dla swoich wymaga\u0144 dotycz\u0105cych maszyn","robots":{"index":"index","follow":"follow","max-snippet":"max-snippet:-1","max-image-preview":"max-image-preview:large","max-video-preview":"max-video-preview:-1"},"canonical":"https:\/\/cigarettepackingmachine.com\/pl\/produkt\/maszyna-do-pakowania-papierosow-hlp-200\/","og_locale":"pl_PL","og_type":"article","og_title":"HLP 200 Cigarette Packing Machine","og_description":"HLP 200 Cigarette Packing Machine | Ready to ship \u2714 - Contact us to get custom quote for your machinery requirements","og_url":"https:\/\/cigarettepackingmachine.com\/pl\/produkt\/maszyna-do-pakowania-papierosow-hlp-200\/","og_site_name":"Cigarette Packing Machines","article_modified_time":"2024-06-13T08:17:42+00:00","og_image":[{"width":1200,"height":800,"url":"https:\/\/cigarettepackingmachine.com\/wp-content\/uploads\/2024\/06\/HLP-Cigarette-Packing-Machine-180.webp","type":"image\/webp"}],"twitter_card":"summary_large_image","twitter_misc":{"Szacowany czas czytania":"1 minuta"},"schema":{"@context":"https:\/\/schema.org","@graph":[{"@type":"WebPage","@id":"https:\/\/cigarettepackingmachine.com\/product\/hlp-200-cigarette-packing-machine\/","url":"https:\/\/cigarettepackingmachine.com\/product\/hlp-200-cigarette-packing-machine\/","name":"Maszyna do pakowania papieros\u00f3w HLP 200","isPartOf":{"@id":"https:\/\/cigarettepackingmachine.com\/#website"},"primaryImageOfPage":{"@id":"https:\/\/cigarettepackingmachine.com\/product\/hlp-200-cigarette-packing-machine\/#primaryimage"},"image":{"@id":"https:\/\/cigarettepackingmachine.com\/product\/hlp-200-cigarette-packing-machine\/#primaryimage"},"thumbnailUrl":"https:\/\/cigarettepackingmachine.com\/wp-content\/uploads\/2024\/06\/HLP-Cigarette-Packing-Machine-180.webp","datePublished":"2024-06-07T06:19:20+00:00","dateModified":"2024-06-13T08:17:42+00:00","description":"Maszyna do pakowania papieros\u00f3w HLP 200 | Gotowa do wysy\u0142ki \u2714 - Skontaktuj si\u0119 z nami, aby uzyska\u0107 indywidualn\u0105 wycen\u0119 dla swoich wymaga\u0144 dotycz\u0105cych maszyn","breadcrumb":{"@id":"https:\/\/cigarettepackingmachine.com\/product\/hlp-200-cigarette-packing-machine\/#breadcrumb"},"inLanguage":"pl-PL","potentialAction":[{"@type":"ReadAction","target":["https:\/\/cigarettepackingmachine.com\/product\/hlp-200-cigarette-packing-machine\/"]}]},{"@type":"ImageObject","inLanguage":"pl-PL","@id":"https:\/\/cigarettepackingmachine.com\/product\/hlp-200-cigarette-packing-machine\/#primaryimage","url":"https:\/\/cigarettepackingmachine.com\/wp-content\/uploads\/2024\/06\/HLP-Cigarette-Packing-Machine-180.webp","contentUrl":"https:\/\/cigarettepackingmachine.com\/wp-content\/uploads\/2024\/06\/HLP-Cigarette-Packing-Machine-180.webp","width":1200,"height":800,"caption":"HLP Cigarette Packing Machine (180)"},{"@type":"BreadcrumbList","@id":"https:\/\/cigarettepackingmachine.com\/product\/hlp-200-cigarette-packing-machine\/#breadcrumb","itemListElement":[{"@type":"ListItem","position":1,"name":"Home","item":"https:\/\/cigarettepackingmachine.com\/"},{"@type":"ListItem","position":2,"name":"Products","item":"https:\/\/cigarettepackingmachine.com\/shop\/"},{"@type":"ListItem","position":3,"name":"HLP 200 Cigarette Packing Machine"}]},{"@type":"WebSite","@id":"https:\/\/cigarettepackingmachine.com\/#website","url":"https:\/\/cigarettepackingmachine.com\/","name":"Maszyny do pakowania papieros\u00f3w","description":"Maszyny do pakowania papieros\u00f3w","potentialAction":[{"@type":"SearchAction","target":{"@type":"EntryPoint","urlTemplate":"https:\/\/cigarettepackingmachine.com\/?s={search_term_string}"},"query-input":{"@type":"PropertyValueSpecification","valueRequired":true,"valueName":"search_term_string"}}],"inLanguage":"pl-PL"}]}},"_links":{"self":[{"href":"https:\/\/cigarettepackingmachine.com\/pl\/wp-json\/wp\/v2\/product\/28284","targetHints":{"allow":["GET"]}}],"collection":[{"href":"https:\/\/cigarettepackingmachine.com\/pl\/wp-json\/wp\/v2\/product"}],"about":[{"href":"https:\/\/cigarettepackingmachine.com\/pl\/wp-json\/wp\/v2\/types\/product"}],"replies":[{"embeddable":true,"href":"https:\/\/cigarettepackingmachine.com\/pl\/wp-json\/wp\/v2\/comments?post=28284"}],"version-history":[{"count":3,"href":"https:\/\/cigarettepackingmachine.com\/pl\/wp-json\/wp\/v2\/product\/28284\/revisions"}],"predecessor-version":[{"id":28517,"href":"https:\/\/cigarettepackingmachine.com\/pl\/wp-json\/wp\/v2\/product\/28284\/revisions\/28517"}],"wp:featuredmedia":[{"embeddable":true,"href":"https:\/\/cigarettepackingmachine.com\/pl\/wp-json\/wp\/v2\/media\/28207"}],"wp:attachment":[{"href":"https:\/\/cigarettepackingmachine.com\/pl\/wp-json\/wp\/v2\/media?parent=28284"}],"wp:term":[{"taxonomy":"product_brand","embeddable":true,"href":"https:\/\/cigarettepackingmachine.com\/pl\/wp-json\/wp\/v2\/product_brand?post=28284"},{"taxonomy":"product_cat","embeddable":true,"href":"https:\/\/cigarettepackingmachine.com\/pl\/wp-json\/wp\/v2\/product_cat?post=28284"},{"taxonomy":"product_tag","embeddable":true,"href":"https:\/\/cigarettepackingmachine.com\/pl\/wp-json\/wp\/v2\/product_tag?post=28284"}],"curies":[{"name":"wp","href":"https:\/\/api.w.org\/{rel}","templated":true}]}}