{"id":28281,"date":"2024-06-07T06:16:52","date_gmt":"2024-06-07T06:16:52","guid":{"rendered":"https:\/\/cigarettepackingmachine.com\/?post_type=product&#038;p=28281"},"modified":"2024-06-13T08:16:14","modified_gmt":"2024-06-13T08:16:14","slug":"hlp-180-cigarette-packing-machine","status":"publish","type":"product","link":"https:\/\/cigarettepackingmachine.com\/pl\/produkt\/maszyna-do-pakowania-papierosow-hlp-180\/","title":{"rendered":"Maszyna do pakowania papieros\u00f3w HLP 180"},"content":{"rendered":"<ol>\n<li>Maszyna HLP 180 przeznaczona jest do pakowania 180 paczek papieros\u00f3w na minut\u0119.<\/li>\n<li>Maszyna ta jest u\u017cywana w ponad 50 krajach na ca\u0142ym \u015bwiecie.<\/li>\n<li>HLP 180 obs\u0142uguje rozmiary 84 mm, 80 mm, 67 mm i 60 mm.<\/li>\n<li>Dost\u0119pny jest w nast\u0119puj\u0105cych konfiguracjach pakiet\u00f3w: naro\u017cniki okr\u0105g\u0142e, kraw\u0119dzie \u015bci\u0119te, typ D i kwadrat.<\/li>\n<li>Obs\u0142uguje opakowania po 10, 12, 16 i 20 sztuk.<\/li>\n<li>Model ten charakteryzuje si\u0119 zaawansowanym systemem sterowania PLC i automatycznym wykrywaniem usterek.<\/li>\n<li>Jego wsp\u00f3\u0142czynnik b\u0142\u0119du jest mniejszy ni\u017c 0,5%.<\/li>\n<li>Mo\u017cliwo\u015b\u0107 zmiany formatu papieros\u00f3w w ci\u0105gu 30 minut.<\/li>\n<li>MBFT (\u015bredni czas mi\u0119dzy awariami) wynosi ponad 1200 godzin.<\/li>\n<\/ol>","protected":false},"excerpt":{"rendered":"<p>HLP 180 to maszyna jednot\u0142okowa o ogromnym zasi\u0119gu globalnym. Dzi\u0119ki pr\u0119dko\u015bci pakowania 180 opakowa\u0144 na minut\u0119 i obs\u0142udze wszystkich rozmiar\u00f3w, takich jak King, Demi, Slim, Super Slim i Nano, HLP najlepiej nadaje si\u0119 dla ma\u0142ych i \u015brednich przedsi\u0119biorstw. Oto kilka najwa\u017cniejszych cech HLP 180<\/p>\n<p>&nbsp;<\/p>","protected":false},"featured_media":28207,"comment_status":"closed","ping_status":"closed","template":"","meta":[],"product_brand":[],"product_cat":[104],"product_tag":[],"class_list":{"0":"post-28281","1":"product","2":"type-product","3":"status-publish","4":"has-post-thumbnail","6":"product_cat-packing-machine","8":"first","9":"instock","10":"shipping-taxable","11":"product-type-simple"},"yoast_head":"<!-- This site is optimized with the Yoast SEO plugin v27.0 - https:\/\/yoast.com\/product\/yoast-seo-wordpress\/ -->\n<title>HLP 180 Cigarette Packing Machine<\/title>\n<meta name=\"description\" content=\"HLP 180 Cigarette Packing Machine | Ready to ship \u2714 - Contact us to get custom quote for your machinery requirements\" \/>\n<meta name=\"robots\" content=\"index, follow, max-snippet:-1, max-image-preview:large, max-video-preview:-1\" \/>\n<link rel=\"canonical\" href=\"https:\/\/cigarettepackingmachine.com\/pl\/produkt\/maszyna-do-pakowania-papierosow-hlp-180\/\" \/>\n<meta property=\"og:locale\" content=\"pl_PL\" \/>\n<meta property=\"og:type\" content=\"article\" \/>\n<meta property=\"og:title\" content=\"HLP 180 Cigarette Packing Machine\" \/>\n<meta property=\"og:description\" content=\"HLP 180 Cigarette Packing Machine | Ready to ship \u2714 - Contact us to get custom quote for your machinery requirements\" \/>\n<meta property=\"og:url\" content=\"https:\/\/cigarettepackingmachine.com\/pl\/produkt\/maszyna-do-pakowania-papierosow-hlp-180\/\" \/>\n<meta property=\"og:site_name\" content=\"Cigarette Packing Machines\" \/>\n<meta property=\"article:modified_time\" content=\"2024-06-13T08:16:14+00:00\" \/>\n<meta property=\"og:image\" content=\"https:\/\/cigarettepackingmachine.com\/wp-content\/uploads\/2024\/06\/HLP-Cigarette-Packing-Machine-180.webp\" \/>\n\t<meta property=\"og:image:width\" content=\"1200\" \/>\n\t<meta property=\"og:image:height\" content=\"800\" \/>\n\t<meta property=\"og:image:type\" content=\"image\/webp\" \/>\n<meta name=\"twitter:card\" content=\"summary_large_image\" \/>\n<!-- \/ Yoast SEO plugin. -->","yoast_head_json":{"title":"Maszyna do pakowania papieros\u00f3w HLP 180","description":"Maszyna do pakowania papieros\u00f3w HLP 180 | Gotowa do wysy\u0142ki \u2714 - Skontaktuj si\u0119 z nami, aby uzyska\u0107 indywidualn\u0105 wycen\u0119 dla swoich wymaga\u0144 dotycz\u0105cych maszyn","robots":{"index":"index","follow":"follow","max-snippet":"max-snippet:-1","max-image-preview":"max-image-preview:large","max-video-preview":"max-video-preview:-1"},"canonical":"https:\/\/cigarettepackingmachine.com\/pl\/produkt\/maszyna-do-pakowania-papierosow-hlp-180\/","og_locale":"pl_PL","og_type":"article","og_title":"HLP 180 Cigarette Packing Machine","og_description":"HLP 180 Cigarette Packing Machine | Ready to ship \u2714 - Contact us to get custom quote for your machinery requirements","og_url":"https:\/\/cigarettepackingmachine.com\/pl\/produkt\/maszyna-do-pakowania-papierosow-hlp-180\/","og_site_name":"Cigarette Packing Machines","article_modified_time":"2024-06-13T08:16:14+00:00","og_image":[{"width":1200,"height":800,"url":"https:\/\/cigarettepackingmachine.com\/wp-content\/uploads\/2024\/06\/HLP-Cigarette-Packing-Machine-180.webp","type":"image\/webp"}],"twitter_card":"summary_large_image","schema":{"@context":"https:\/\/schema.org","@graph":[{"@type":"WebPage","@id":"https:\/\/cigarettepackingmachine.com\/product\/hlp-180-cigarette-packing-machine\/","url":"https:\/\/cigarettepackingmachine.com\/product\/hlp-180-cigarette-packing-machine\/","name":"Maszyna do pakowania papieros\u00f3w HLP 180","isPartOf":{"@id":"https:\/\/cigarettepackingmachine.com\/#website"},"primaryImageOfPage":{"@id":"https:\/\/cigarettepackingmachine.com\/product\/hlp-180-cigarette-packing-machine\/#primaryimage"},"image":{"@id":"https:\/\/cigarettepackingmachine.com\/product\/hlp-180-cigarette-packing-machine\/#primaryimage"},"thumbnailUrl":"https:\/\/cigarettepackingmachine.com\/wp-content\/uploads\/2024\/06\/HLP-Cigarette-Packing-Machine-180.webp","datePublished":"2024-06-07T06:16:52+00:00","dateModified":"2024-06-13T08:16:14+00:00","description":"Maszyna do pakowania papieros\u00f3w HLP 180 | Gotowa do wysy\u0142ki \u2714 - Skontaktuj si\u0119 z nami, aby uzyska\u0107 indywidualn\u0105 wycen\u0119 dla swoich wymaga\u0144 dotycz\u0105cych maszyn","breadcrumb":{"@id":"https:\/\/cigarettepackingmachine.com\/product\/hlp-180-cigarette-packing-machine\/#breadcrumb"},"inLanguage":"pl-PL","potentialAction":[{"@type":"ReadAction","target":["https:\/\/cigarettepackingmachine.com\/product\/hlp-180-cigarette-packing-machine\/"]}]},{"@type":"ImageObject","inLanguage":"pl-PL","@id":"https:\/\/cigarettepackingmachine.com\/product\/hlp-180-cigarette-packing-machine\/#primaryimage","url":"https:\/\/cigarettepackingmachine.com\/wp-content\/uploads\/2024\/06\/HLP-Cigarette-Packing-Machine-180.webp","contentUrl":"https:\/\/cigarettepackingmachine.com\/wp-content\/uploads\/2024\/06\/HLP-Cigarette-Packing-Machine-180.webp","width":1200,"height":800,"caption":"HLP Cigarette Packing Machine (180)"},{"@type":"BreadcrumbList","@id":"https:\/\/cigarettepackingmachine.com\/product\/hlp-180-cigarette-packing-machine\/#breadcrumb","itemListElement":[{"@type":"ListItem","position":1,"name":"Home","item":"https:\/\/cigarettepackingmachine.com\/"},{"@type":"ListItem","position":2,"name":"Products","item":"https:\/\/cigarettepackingmachine.com\/shop\/"},{"@type":"ListItem","position":3,"name":"HLP 180 Cigarette Packing Machine"}]},{"@type":"WebSite","@id":"https:\/\/cigarettepackingmachine.com\/#website","url":"https:\/\/cigarettepackingmachine.com\/","name":"Maszyny do pakowania papieros\u00f3w","description":"Maszyny do pakowania papieros\u00f3w","potentialAction":[{"@type":"SearchAction","target":{"@type":"EntryPoint","urlTemplate":"https:\/\/cigarettepackingmachine.com\/?s={search_term_string}"},"query-input":{"@type":"PropertyValueSpecification","valueRequired":true,"valueName":"search_term_string"}}],"inLanguage":"pl-PL"}]}},"_links":{"self":[{"href":"https:\/\/cigarettepackingmachine.com\/pl\/wp-json\/wp\/v2\/product\/28281","targetHints":{"allow":["GET"]}}],"collection":[{"href":"https:\/\/cigarettepackingmachine.com\/pl\/wp-json\/wp\/v2\/product"}],"about":[{"href":"https:\/\/cigarettepackingmachine.com\/pl\/wp-json\/wp\/v2\/types\/product"}],"replies":[{"embeddable":true,"href":"https:\/\/cigarettepackingmachine.com\/pl\/wp-json\/wp\/v2\/comments?post=28281"}],"version-history":[{"count":3,"href":"https:\/\/cigarettepackingmachine.com\/pl\/wp-json\/wp\/v2\/product\/28281\/revisions"}],"predecessor-version":[{"id":28516,"href":"https:\/\/cigarettepackingmachine.com\/pl\/wp-json\/wp\/v2\/product\/28281\/revisions\/28516"}],"wp:featuredmedia":[{"embeddable":true,"href":"https:\/\/cigarettepackingmachine.com\/pl\/wp-json\/wp\/v2\/media\/28207"}],"wp:attachment":[{"href":"https:\/\/cigarettepackingmachine.com\/pl\/wp-json\/wp\/v2\/media?parent=28281"}],"wp:term":[{"taxonomy":"product_brand","embeddable":true,"href":"https:\/\/cigarettepackingmachine.com\/pl\/wp-json\/wp\/v2\/product_brand?post=28281"},{"taxonomy":"product_cat","embeddable":true,"href":"https:\/\/cigarettepackingmachine.com\/pl\/wp-json\/wp\/v2\/product_cat?post=28281"},{"taxonomy":"product_tag","embeddable":true,"href":"https:\/\/cigarettepackingmachine.com\/pl\/wp-json\/wp\/v2\/product_tag?post=28281"}],"curies":[{"name":"wp","href":"https:\/\/api.w.org\/{rel}","templated":true}]}}