{"id":28306,"date":"2024-06-07T07:07:44","date_gmt":"2024-06-07T07:07:44","guid":{"rendered":"https:\/\/cigarettepackingmachine.com\/?post_type=product&#038;p=28306"},"modified":"2024-06-24T11:34:31","modified_gmt":"2024-06-24T11:34:31","slug":"naked-over-wrapper-cigarette-over-wrapping-machine","status":"publish","type":"product","link":"https:\/\/cigarettepackingmachine.com\/de\/produkt\/nackte-uberverpackung-zigarettenverpackungsmaschine\/","title":{"rendered":"Naked Over Wrapper \u2013 Zigaretten-Umwickelmaschine"},"content":{"rendered":"<p>Hier sind einige Highlights von Naked Over Wrapper<\/p>\n<ol>\n<li>Es bietet Dienstleistungen mit einer Geschwindigkeit von 25 Zigaretten-Au\u00dfenpackungen pro Minute<\/li>\n<li>Es ist f\u00fcr Packungsgr\u00f6\u00dfen von 50 mm x 20 mm x 80 mm bis 90 mm x 30 mm x 120 mm geeignet.<\/li>\n<li>Es verwendet Materialien wie BOPP und PVC<\/li>\n<li>Es unterst\u00fctzt einen gro\u00dfen Bereich an Filmdicken von 20 bis 50 Mikrometern<\/li>\n<li>Funktioniert sowohl mit 220 V als auch mit 380 V<\/li>\n<li>Die Anschlussleistung betr\u00e4gt 6 KVA<\/li>\n<li>Es handelt sich um eine 800 kg schwere Maschine mit einer l\u00e4ngsten Seite von 2000 mm, die eine einfache Bodenanpassung erm\u00f6glicht<\/li>\n<li>Dieses High-End-Engineering-Ger\u00e4t verf\u00fcgt \u00fcber eine Fehlertoleranz von \u00b10,3 mm<\/li>\n<li>Es reduziert die manuelle Eingabe mit einer SPS (speicherprogrammierbare Steuerung)<\/li>\n<li>Es sorgt f\u00fcr eine ruhige Umgebung, indem es mit einem Ger\u00e4uschpegel von weniger als 75 dB arbeitet<\/li>\n<\/ol>\n<p>&nbsp;<\/p>","protected":false},"excerpt":{"rendered":"<p>Eine hocheffiziente Maschine mit weniger Abfall und h\u00f6herer Effizienz. Der 95% Naked Over Wrapper ist eine perfekte Zigarettenverpackungsmaschine. Diese Maschine kann mit einer kurzen Umr\u00fcstzeit von 10 bis 15 Minuten f\u00fcr verschiedene Projekte eingesetzt werden. Mit einem schnellen Not-Aus-Schalter sch\u00fctzt sie den Bediener und bietet alle ben\u00f6tigten Funktionen.<\/p>","protected":false},"featured_media":28252,"comment_status":"closed","ping_status":"closed","template":"","meta":[],"product_brand":[],"product_cat":[106],"product_tag":[],"class_list":{"0":"post-28306","1":"product","2":"type-product","3":"status-publish","4":"has-post-thumbnail","6":"product_cat-wrapping-machine","8":"first","9":"instock","10":"shipping-taxable","11":"product-type-simple"},"yoast_head":"<!-- This site is optimized with the Yoast SEO plugin v27.0 - https:\/\/yoast.com\/product\/yoast-seo-wordpress\/ -->\n<title>Naked Over Wrapper - Cigarette Over Wrapping Machine<\/title>\n<meta name=\"description\" content=\"Naked Over Wrapper - Cigarette Over Wrapping Machine | Ready to ship \u2714 - Contact us to get custom quote for your machinery requirements\" \/>\n<meta name=\"robots\" content=\"index, follow, max-snippet:-1, max-image-preview:large, max-video-preview:-1\" \/>\n<link rel=\"canonical\" href=\"https:\/\/cigarettepackingmachine.com\/de\/produkt\/maszyna-do-pakowania-papierosow-nago-na-zewnatrz\/\" \/>\n<meta property=\"og:locale\" content=\"de_DE\" \/>\n<meta property=\"og:type\" content=\"article\" \/>\n<meta property=\"og:title\" content=\"Naked Over Wrapper - Cigarette Over Wrapping Machine\" \/>\n<meta property=\"og:description\" content=\"Naked Over Wrapper - Cigarette Over Wrapping Machine | Ready to ship \u2714 - Contact us to get custom quote for your machinery requirements\" \/>\n<meta property=\"og:url\" content=\"https:\/\/cigarettepackingmachine.com\/de\/produkt\/maszyna-do-pakowania-papierosow-nago-na-zewnatrz\/\" \/>\n<meta property=\"og:site_name\" content=\"Cigarette Packing Machines\" \/>\n<meta property=\"article:modified_time\" content=\"2024-06-24T11:34:31+00:00\" \/>\n<meta property=\"og:image\" content=\"https:\/\/cigarettepackingmachine.com\/wp-content\/uploads\/2024\/06\/Over-Wrapping-Machine.webp\" \/>\n\t<meta property=\"og:image:width\" content=\"672\" \/>\n\t<meta property=\"og:image:height\" content=\"448\" \/>\n\t<meta property=\"og:image:type\" content=\"image\/webp\" \/>\n<meta name=\"twitter:card\" content=\"summary_large_image\" \/>\n<meta name=\"twitter:label1\" content=\"Gesch\u00e4tzte Lesezeit\" \/>\n\t<meta name=\"twitter:data1\" content=\"1\u00a0Minute\" \/>\n<!-- \/ Yoast SEO plugin. -->","yoast_head_json":{"title":"Naked Over Wrapper - Zigaretten-\u00dcberwickelmaschine","description":"Naked Over Wrapper - Zigaretten-Umwickelmaschine | Sofort versandfertig \u2714 - Kontaktieren Sie uns, um ein individuelles Angebot f\u00fcr Ihren Maschinenbedarf zu erhalten","robots":{"index":"index","follow":"follow","max-snippet":"max-snippet:-1","max-image-preview":"max-image-preview:large","max-video-preview":"max-video-preview:-1"},"canonical":"https:\/\/cigarettepackingmachine.com\/de\/produkt\/maszyna-do-pakowania-papierosow-nago-na-zewnatrz\/","og_locale":"de_DE","og_type":"article","og_title":"Naked Over Wrapper - Cigarette Over Wrapping Machine","og_description":"Naked Over Wrapper - Cigarette Over Wrapping Machine | Ready to ship \u2714 - Contact us to get custom quote for your machinery requirements","og_url":"https:\/\/cigarettepackingmachine.com\/de\/produkt\/maszyna-do-pakowania-papierosow-nago-na-zewnatrz\/","og_site_name":"Cigarette Packing Machines","article_modified_time":"2024-06-24T11:34:31+00:00","og_image":[{"width":672,"height":448,"url":"https:\/\/cigarettepackingmachine.com\/wp-content\/uploads\/2024\/06\/Over-Wrapping-Machine.webp","type":"image\/webp"}],"twitter_card":"summary_large_image","twitter_misc":{"Gesch\u00e4tzte Lesezeit":"1\u00a0Minute"},"schema":{"@context":"https:\/\/schema.org","@graph":[{"@type":"WebPage","@id":"https:\/\/cigarettepackingmachine.com\/pl\/produkt\/maszyna-do-pakowania-papierosow-nago-na-zewnatrz\/","url":"https:\/\/cigarettepackingmachine.com\/pl\/produkt\/maszyna-do-pakowania-papierosow-nago-na-zewnatrz\/","name":"Naked Over Wrapper - Zigaretten-\u00dcberwickelmaschine","isPartOf":{"@id":"https:\/\/cigarettepackingmachine.com\/#website"},"primaryImageOfPage":{"@id":"https:\/\/cigarettepackingmachine.com\/pl\/produkt\/maszyna-do-pakowania-papierosow-nago-na-zewnatrz\/#primaryimage"},"image":{"@id":"https:\/\/cigarettepackingmachine.com\/pl\/produkt\/maszyna-do-pakowania-papierosow-nago-na-zewnatrz\/#primaryimage"},"thumbnailUrl":"https:\/\/cigarettepackingmachine.com\/wp-content\/uploads\/2024\/06\/Over-Wrapping-Machine.webp","datePublished":"2024-06-07T07:07:44+00:00","dateModified":"2024-06-24T11:34:31+00:00","description":"Naked Over Wrapper - Zigaretten-Umwickelmaschine | Sofort versandfertig \u2714 - Kontaktieren Sie uns, um ein individuelles Angebot f\u00fcr Ihren Maschinenbedarf zu erhalten","breadcrumb":{"@id":"https:\/\/cigarettepackingmachine.com\/pl\/produkt\/maszyna-do-pakowania-papierosow-nago-na-zewnatrz\/#breadcrumb"},"inLanguage":"de","potentialAction":[{"@type":"ReadAction","target":["https:\/\/cigarettepackingmachine.com\/pl\/produkt\/maszyna-do-pakowania-papierosow-nago-na-zewnatrz\/"]}]},{"@type":"ImageObject","inLanguage":"de","@id":"https:\/\/cigarettepackingmachine.com\/pl\/produkt\/maszyna-do-pakowania-papierosow-nago-na-zewnatrz\/#primaryimage","url":"https:\/\/cigarettepackingmachine.com\/wp-content\/uploads\/2024\/06\/Over-Wrapping-Machine.webp","contentUrl":"https:\/\/cigarettepackingmachine.com\/wp-content\/uploads\/2024\/06\/Over-Wrapping-Machine.webp","width":672,"height":448,"caption":"Cigarette Over Wrapping Machine"},{"@type":"BreadcrumbList","@id":"https:\/\/cigarettepackingmachine.com\/pl\/produkt\/maszyna-do-pakowania-papierosow-nago-na-zewnatrz\/#breadcrumb","itemListElement":[{"@type":"ListItem","position":1,"name":"Home","item":"https:\/\/cigarettepackingmachine.com\/"},{"@type":"ListItem","position":2,"name":"Products","item":"https:\/\/cigarettepackingmachine.com\/shop\/"},{"@type":"ListItem","position":3,"name":"Naked Over Wrapper &#8211; Cigarette Over Wrapping Machine"}]},{"@type":"WebSite","@id":"https:\/\/cigarettepackingmachine.com\/#website","url":"https:\/\/cigarettepackingmachine.com\/","name":"Zigarettenverpackungsmaschinen","description":"Zigarettenverpackungsmaschinen","potentialAction":[{"@type":"SearchAction","target":{"@type":"EntryPoint","urlTemplate":"https:\/\/cigarettepackingmachine.com\/?s={search_term_string}"},"query-input":{"@type":"PropertyValueSpecification","valueRequired":true,"valueName":"search_term_string"}}],"inLanguage":"de"}]}},"_links":{"self":[{"href":"https:\/\/cigarettepackingmachine.com\/de\/wp-json\/wp\/v2\/product\/28306","targetHints":{"allow":["GET"]}}],"collection":[{"href":"https:\/\/cigarettepackingmachine.com\/de\/wp-json\/wp\/v2\/product"}],"about":[{"href":"https:\/\/cigarettepackingmachine.com\/de\/wp-json\/wp\/v2\/types\/product"}],"replies":[{"embeddable":true,"href":"https:\/\/cigarettepackingmachine.com\/de\/wp-json\/wp\/v2\/comments?post=28306"}],"version-history":[{"count":2,"href":"https:\/\/cigarettepackingmachine.com\/de\/wp-json\/wp\/v2\/product\/28306\/revisions"}],"predecessor-version":[{"id":28643,"href":"https:\/\/cigarettepackingmachine.com\/de\/wp-json\/wp\/v2\/product\/28306\/revisions\/28643"}],"wp:featuredmedia":[{"embeddable":true,"href":"https:\/\/cigarettepackingmachine.com\/de\/wp-json\/wp\/v2\/media\/28252"}],"wp:attachment":[{"href":"https:\/\/cigarettepackingmachine.com\/de\/wp-json\/wp\/v2\/media?parent=28306"}],"wp:term":[{"taxonomy":"product_brand","embeddable":true,"href":"https:\/\/cigarettepackingmachine.com\/de\/wp-json\/wp\/v2\/product_brand?post=28306"},{"taxonomy":"product_cat","embeddable":true,"href":"https:\/\/cigarettepackingmachine.com\/de\/wp-json\/wp\/v2\/product_cat?post=28306"},{"taxonomy":"product_tag","embeddable":true,"href":"https:\/\/cigarettepackingmachine.com\/de\/wp-json\/wp\/v2\/product_tag?post=28306"}],"curies":[{"name":"wp","href":"https:\/\/api.w.org\/{rel}","templated":true}]}}