{"id":28287,"date":"2024-06-07T06:23:53","date_gmt":"2024-06-07T06:23:53","guid":{"rendered":"https:\/\/cigarettepackingmachine.com\/?post_type=product&#038;p=28287"},"modified":"2024-06-13T08:18:52","modified_gmt":"2024-06-13T08:18:52","slug":"hlp-225-cigarette-packing-machine","status":"publish","type":"product","link":"https:\/\/cigarettepackingmachine.com\/de\/produkt\/zigarettenverpackungsmaschine-hlp-225\/","title":{"rendered":"HLP 225 Zigarettenverpackungsmaschine"},"content":{"rendered":"<ol>\n<li>HLP 225 kann 225 Zigarettenpackungen pro Minute verpacken und ca. 13.500 Zigaretten pro Minute verarbeiten.<\/li>\n<li>Diese Maschine verarbeitet King-Size-, Demi-, Slim-, Super-Slim- und Nano-Ger\u00e4te.<\/li>\n<li>Es ist mit Paketkonfigurationen f\u00fcr abgerundete Ecken, abgeschr\u00e4gte Kanten, D-Typ und Quadrat erh\u00e4ltlich.<\/li>\n<li>HLP 225 bietet eine Genauigkeit von bis zu \u00b10,05 mm.<\/li>\n<li>Es reduziert die Abh\u00e4ngigkeit von manueller Arbeit und erh\u00f6ht die Betriebseffizienz durch die Verringerung von Fehlern.<\/li>\n<li>Es ist f\u00fcr einen l\u00e4ngeren Betrieb ausgelegt und seine Wartungsstunden betragen 10.000 bis 12.000 Betriebsstunden.<\/li>\n<li>Diese Zigarettenverpackungsmaschine verbraucht vergleichsweise ca. 25-35% weniger Energie.<\/li>\n<li>Trotz der hohen Leistung ben\u00f6tigt es weniger Platz und passt problemlos in Produktionsr\u00e4ume.<\/li>\n<li>Es eignet sich am besten f\u00fcr mittlere und gro\u00dfe Produktionsmengen.<\/li>\n<\/ol>","protected":false},"excerpt":{"rendered":"<p>Die Zigarettenverpackungsmaschine HLP 225 ist eine innovative Doppelkolbenmaschine f\u00fcr Unternehmen mit mittlerem bis gro\u00dfem Volumen. Sie wurde entwickelt, um die hohen Anforderungen der modernen Zigarettenherstellung unter Ber\u00fccksichtigung aller Faktoren zu erf\u00fcllen. Hier sind einige Highlights der HLP 225<\/p>","protected":false},"featured_media":28206,"comment_status":"closed","ping_status":"closed","template":"","meta":[],"product_brand":[],"product_cat":[104],"product_tag":[],"class_list":{"0":"post-28287","1":"product","2":"type-product","3":"status-publish","4":"has-post-thumbnail","6":"product_cat-packing-machine","8":"first","9":"instock","10":"shipping-taxable","11":"product-type-simple"},"yoast_head":"<!-- This site is optimized with the Yoast SEO plugin v27.0 - https:\/\/yoast.com\/product\/yoast-seo-wordpress\/ -->\n<title>HLP 225 Cigarette Packing Machine<\/title>\n<meta name=\"description\" content=\"HLP 225 Cigarette Packing Machine | Ready to ship \u2714 - Contact us to get custom quote for your machinery requirements\" \/>\n<meta name=\"robots\" content=\"index, follow, max-snippet:-1, max-image-preview:large, max-video-preview:-1\" \/>\n<link rel=\"canonical\" href=\"https:\/\/cigarettepackingmachine.com\/de\/produkt\/zigarettenverpackungsmaschine-hlp-225\/\" \/>\n<meta property=\"og:locale\" content=\"de_DE\" \/>\n<meta property=\"og:type\" content=\"article\" \/>\n<meta property=\"og:title\" content=\"HLP 225 Cigarette Packing Machine\" \/>\n<meta property=\"og:description\" content=\"HLP 225 Cigarette Packing Machine | Ready to ship \u2714 - Contact us to get custom quote for your machinery requirements\" \/>\n<meta property=\"og:url\" content=\"https:\/\/cigarettepackingmachine.com\/de\/produkt\/zigarettenverpackungsmaschine-hlp-225\/\" \/>\n<meta property=\"og:site_name\" content=\"Cigarette Packing Machines\" \/>\n<meta property=\"article:modified_time\" content=\"2024-06-13T08:18:52+00:00\" \/>\n<meta property=\"og:image\" content=\"https:\/\/cigarettepackingmachine.com\/wp-content\/uploads\/2024\/06\/HLP-Cigarette-Packing-Machine.webp\" \/>\n\t<meta property=\"og:image:width\" content=\"1200\" \/>\n\t<meta property=\"og:image:height\" content=\"800\" \/>\n\t<meta property=\"og:image:type\" content=\"image\/webp\" \/>\n<meta name=\"twitter:card\" content=\"summary_large_image\" \/>\n<meta name=\"twitter:label1\" content=\"Gesch\u00e4tzte Lesezeit\" \/>\n\t<meta name=\"twitter:data1\" content=\"1\u00a0Minute\" \/>\n<!-- \/ Yoast SEO plugin. -->","yoast_head_json":{"title":"HLP 225 Zigarettenverpackungsmaschine","description":"HLP 225 Zigarettenverpackungsmaschine | Sofort versandfertig \u2714 - Kontaktieren Sie uns, um ein individuelles Angebot f\u00fcr Ihren Maschinenbedarf zu erhalten","robots":{"index":"index","follow":"follow","max-snippet":"max-snippet:-1","max-image-preview":"max-image-preview:large","max-video-preview":"max-video-preview:-1"},"canonical":"https:\/\/cigarettepackingmachine.com\/de\/produkt\/zigarettenverpackungsmaschine-hlp-225\/","og_locale":"de_DE","og_type":"article","og_title":"HLP 225 Cigarette Packing Machine","og_description":"HLP 225 Cigarette Packing Machine | Ready to ship \u2714 - Contact us to get custom quote for your machinery requirements","og_url":"https:\/\/cigarettepackingmachine.com\/de\/produkt\/zigarettenverpackungsmaschine-hlp-225\/","og_site_name":"Cigarette Packing Machines","article_modified_time":"2024-06-13T08:18:52+00:00","og_image":[{"width":1200,"height":800,"url":"https:\/\/cigarettepackingmachine.com\/wp-content\/uploads\/2024\/06\/HLP-Cigarette-Packing-Machine.webp","type":"image\/webp"}],"twitter_card":"summary_large_image","twitter_misc":{"Gesch\u00e4tzte Lesezeit":"1\u00a0Minute"},"schema":{"@context":"https:\/\/schema.org","@graph":[{"@type":"WebPage","@id":"https:\/\/cigarettepackingmachine.com\/product\/hlp-225-cigarette-packing-machine\/","url":"https:\/\/cigarettepackingmachine.com\/product\/hlp-225-cigarette-packing-machine\/","name":"HLP 225 Zigarettenverpackungsmaschine","isPartOf":{"@id":"https:\/\/cigarettepackingmachine.com\/#website"},"primaryImageOfPage":{"@id":"https:\/\/cigarettepackingmachine.com\/product\/hlp-225-cigarette-packing-machine\/#primaryimage"},"image":{"@id":"https:\/\/cigarettepackingmachine.com\/product\/hlp-225-cigarette-packing-machine\/#primaryimage"},"thumbnailUrl":"https:\/\/cigarettepackingmachine.com\/wp-content\/uploads\/2024\/06\/HLP-Cigarette-Packing-Machine.webp","datePublished":"2024-06-07T06:23:53+00:00","dateModified":"2024-06-13T08:18:52+00:00","description":"HLP 225 Zigarettenverpackungsmaschine | Sofort versandfertig \u2714 - Kontaktieren Sie uns, um ein individuelles Angebot f\u00fcr Ihren Maschinenbedarf zu erhalten","breadcrumb":{"@id":"https:\/\/cigarettepackingmachine.com\/product\/hlp-225-cigarette-packing-machine\/#breadcrumb"},"inLanguage":"de","potentialAction":[{"@type":"ReadAction","target":["https:\/\/cigarettepackingmachine.com\/product\/hlp-225-cigarette-packing-machine\/"]}]},{"@type":"ImageObject","inLanguage":"de","@id":"https:\/\/cigarettepackingmachine.com\/product\/hlp-225-cigarette-packing-machine\/#primaryimage","url":"https:\/\/cigarettepackingmachine.com\/wp-content\/uploads\/2024\/06\/HLP-Cigarette-Packing-Machine.webp","contentUrl":"https:\/\/cigarettepackingmachine.com\/wp-content\/uploads\/2024\/06\/HLP-Cigarette-Packing-Machine.webp","width":1200,"height":800,"caption":"HLP Cigarette Packing Machine"},{"@type":"BreadcrumbList","@id":"https:\/\/cigarettepackingmachine.com\/product\/hlp-225-cigarette-packing-machine\/#breadcrumb","itemListElement":[{"@type":"ListItem","position":1,"name":"Home","item":"https:\/\/cigarettepackingmachine.com\/"},{"@type":"ListItem","position":2,"name":"Products","item":"https:\/\/cigarettepackingmachine.com\/shop\/"},{"@type":"ListItem","position":3,"name":"HLP 225 Cigarette Packing Machine"}]},{"@type":"WebSite","@id":"https:\/\/cigarettepackingmachine.com\/#website","url":"https:\/\/cigarettepackingmachine.com\/","name":"Zigarettenverpackungsmaschinen","description":"Zigarettenverpackungsmaschinen","potentialAction":[{"@type":"SearchAction","target":{"@type":"EntryPoint","urlTemplate":"https:\/\/cigarettepackingmachine.com\/?s={search_term_string}"},"query-input":{"@type":"PropertyValueSpecification","valueRequired":true,"valueName":"search_term_string"}}],"inLanguage":"de"}]}},"_links":{"self":[{"href":"https:\/\/cigarettepackingmachine.com\/de\/wp-json\/wp\/v2\/product\/28287","targetHints":{"allow":["GET"]}}],"collection":[{"href":"https:\/\/cigarettepackingmachine.com\/de\/wp-json\/wp\/v2\/product"}],"about":[{"href":"https:\/\/cigarettepackingmachine.com\/de\/wp-json\/wp\/v2\/types\/product"}],"replies":[{"embeddable":true,"href":"https:\/\/cigarettepackingmachine.com\/de\/wp-json\/wp\/v2\/comments?post=28287"}],"version-history":[{"count":4,"href":"https:\/\/cigarettepackingmachine.com\/de\/wp-json\/wp\/v2\/product\/28287\/revisions"}],"predecessor-version":[{"id":28518,"href":"https:\/\/cigarettepackingmachine.com\/de\/wp-json\/wp\/v2\/product\/28287\/revisions\/28518"}],"wp:featuredmedia":[{"embeddable":true,"href":"https:\/\/cigarettepackingmachine.com\/de\/wp-json\/wp\/v2\/media\/28206"}],"wp:attachment":[{"href":"https:\/\/cigarettepackingmachine.com\/de\/wp-json\/wp\/v2\/media?parent=28287"}],"wp:term":[{"taxonomy":"product_brand","embeddable":true,"href":"https:\/\/cigarettepackingmachine.com\/de\/wp-json\/wp\/v2\/product_brand?post=28287"},{"taxonomy":"product_cat","embeddable":true,"href":"https:\/\/cigarettepackingmachine.com\/de\/wp-json\/wp\/v2\/product_cat?post=28287"},{"taxonomy":"product_tag","embeddable":true,"href":"https:\/\/cigarettepackingmachine.com\/de\/wp-json\/wp\/v2\/product_tag?post=28287"}],"curies":[{"name":"wp","href":"https:\/\/api.w.org\/{rel}","templated":true}]}}