{"id":28281,"date":"2024-06-07T06:16:52","date_gmt":"2024-06-07T06:16:52","guid":{"rendered":"https:\/\/cigarettepackingmachine.com\/?post_type=product&#038;p=28281"},"modified":"2024-06-13T08:16:14","modified_gmt":"2024-06-13T08:16:14","slug":"hlp-180-cigarette-packing-machine","status":"publish","type":"product","link":"https:\/\/cigarettepackingmachine.com\/de\/produkt\/zigarettenverpackungsmaschine-hlp-180\/","title":{"rendered":"HLP 180 Zigarettenverpackungsmaschine"},"content":{"rendered":"<ol>\n<li>HLP 180 ist f\u00fcr das Verpacken von 180 Zigarettenpackungen pro Minute ausgelegt.<\/li>\n<li>Diese Maschine wird in mehr als 50 L\u00e4ndern weltweit eingesetzt.<\/li>\n<li>Der HLP 180 verarbeitet die Gr\u00f6\u00dfen 84 mm, 80 mm, 67 mm und 60 mm.<\/li>\n<li>Es ist mit Paketkonfigurationen f\u00fcr abgerundete Ecken, abgeschr\u00e4gte Kanten, D-Typ und Quadrat erh\u00e4ltlich.<\/li>\n<li>Es werden Packungsgr\u00f6\u00dfen von 10, 12, 16 und 20 Sticks pro P\u00e4ckchen unterst\u00fctzt.<\/li>\n<li>Dieses Modell verf\u00fcgt \u00fcber fortschrittliche SPS-Steuerungssysteme und automatische Fehlererkennung.<\/li>\n<li>Die Fehlerrate liegt unter 0,5%.<\/li>\n<li>Es kann innerhalb von 30 Minuten zwischen verschiedenen Zigarettenformaten gewechselt werden.<\/li>\n<li>Die mittlere Betriebsdauer zwischen Ausf\u00e4llen (MBFT) betr\u00e4gt \u00fcber 1.200 Stunden.<\/li>\n<\/ol>","protected":false},"excerpt":{"rendered":"<p>Die HLP 180 ist eine Einkolbenmaschine mit gro\u00dfer globaler Reichweite. Mit einer Verpackungsgeschwindigkeit von 180 Packungen pro Minute und der Verarbeitung aller Gr\u00f6\u00dfen wie King, Demi, Slim, Super Slim und Nano eignet sich die HLP optimal f\u00fcr kleine und mittlere Unternehmen. Hier sind einige Highlights der HLP 180<\/p>\n<p>&nbsp;<\/p>","protected":false},"featured_media":28207,"comment_status":"closed","ping_status":"closed","template":"","meta":[],"product_brand":[],"product_cat":[104],"product_tag":[],"class_list":{"0":"post-28281","1":"product","2":"type-product","3":"status-publish","4":"has-post-thumbnail","6":"product_cat-packing-machine","8":"first","9":"instock","10":"shipping-taxable","11":"product-type-simple"},"yoast_head":"<!-- This site is optimized with the Yoast SEO plugin v27.0 - https:\/\/yoast.com\/product\/yoast-seo-wordpress\/ -->\n<title>HLP 180 Cigarette Packing Machine<\/title>\n<meta name=\"description\" content=\"HLP 180 Cigarette Packing Machine | Ready to ship \u2714 - Contact us to get custom quote for your machinery requirements\" \/>\n<meta name=\"robots\" content=\"index, follow, max-snippet:-1, max-image-preview:large, max-video-preview:-1\" \/>\n<link rel=\"canonical\" href=\"https:\/\/cigarettepackingmachine.com\/de\/produkt\/zigarettenverpackungsmaschine-hlp-180\/\" \/>\n<meta property=\"og:locale\" content=\"de_DE\" \/>\n<meta property=\"og:type\" content=\"article\" \/>\n<meta property=\"og:title\" content=\"HLP 180 Cigarette Packing Machine\" \/>\n<meta property=\"og:description\" content=\"HLP 180 Cigarette Packing Machine | Ready to ship \u2714 - Contact us to get custom quote for your machinery requirements\" \/>\n<meta property=\"og:url\" content=\"https:\/\/cigarettepackingmachine.com\/de\/produkt\/zigarettenverpackungsmaschine-hlp-180\/\" \/>\n<meta property=\"og:site_name\" content=\"Cigarette Packing Machines\" \/>\n<meta property=\"article:modified_time\" content=\"2024-06-13T08:16:14+00:00\" \/>\n<meta property=\"og:image\" content=\"https:\/\/cigarettepackingmachine.com\/wp-content\/uploads\/2024\/06\/HLP-Cigarette-Packing-Machine-180.webp\" \/>\n\t<meta property=\"og:image:width\" content=\"1200\" \/>\n\t<meta property=\"og:image:height\" content=\"800\" \/>\n\t<meta property=\"og:image:type\" content=\"image\/webp\" \/>\n<meta name=\"twitter:card\" content=\"summary_large_image\" \/>\n<!-- \/ Yoast SEO plugin. -->","yoast_head_json":{"title":"HLP 180 Zigarettenverpackungsmaschine","description":"HLP 180 Zigarettenverpackungsmaschine | Sofort versandfertig \u2714 - Kontaktieren Sie uns, um ein individuelles Angebot f\u00fcr Ihren Maschinenbedarf zu erhalten","robots":{"index":"index","follow":"follow","max-snippet":"max-snippet:-1","max-image-preview":"max-image-preview:large","max-video-preview":"max-video-preview:-1"},"canonical":"https:\/\/cigarettepackingmachine.com\/de\/produkt\/zigarettenverpackungsmaschine-hlp-180\/","og_locale":"de_DE","og_type":"article","og_title":"HLP 180 Cigarette Packing Machine","og_description":"HLP 180 Cigarette Packing Machine | Ready to ship \u2714 - Contact us to get custom quote for your machinery requirements","og_url":"https:\/\/cigarettepackingmachine.com\/de\/produkt\/zigarettenverpackungsmaschine-hlp-180\/","og_site_name":"Cigarette Packing Machines","article_modified_time":"2024-06-13T08:16:14+00:00","og_image":[{"width":1200,"height":800,"url":"https:\/\/cigarettepackingmachine.com\/wp-content\/uploads\/2024\/06\/HLP-Cigarette-Packing-Machine-180.webp","type":"image\/webp"}],"twitter_card":"summary_large_image","schema":{"@context":"https:\/\/schema.org","@graph":[{"@type":"WebPage","@id":"https:\/\/cigarettepackingmachine.com\/product\/hlp-180-cigarette-packing-machine\/","url":"https:\/\/cigarettepackingmachine.com\/product\/hlp-180-cigarette-packing-machine\/","name":"HLP 180 Zigarettenverpackungsmaschine","isPartOf":{"@id":"https:\/\/cigarettepackingmachine.com\/#website"},"primaryImageOfPage":{"@id":"https:\/\/cigarettepackingmachine.com\/product\/hlp-180-cigarette-packing-machine\/#primaryimage"},"image":{"@id":"https:\/\/cigarettepackingmachine.com\/product\/hlp-180-cigarette-packing-machine\/#primaryimage"},"thumbnailUrl":"https:\/\/cigarettepackingmachine.com\/wp-content\/uploads\/2024\/06\/HLP-Cigarette-Packing-Machine-180.webp","datePublished":"2024-06-07T06:16:52+00:00","dateModified":"2024-06-13T08:16:14+00:00","description":"HLP 180 Zigarettenverpackungsmaschine | Sofort versandfertig \u2714 - Kontaktieren Sie uns, um ein individuelles Angebot f\u00fcr Ihren Maschinenbedarf zu erhalten","breadcrumb":{"@id":"https:\/\/cigarettepackingmachine.com\/product\/hlp-180-cigarette-packing-machine\/#breadcrumb"},"inLanguage":"de","potentialAction":[{"@type":"ReadAction","target":["https:\/\/cigarettepackingmachine.com\/product\/hlp-180-cigarette-packing-machine\/"]}]},{"@type":"ImageObject","inLanguage":"de","@id":"https:\/\/cigarettepackingmachine.com\/product\/hlp-180-cigarette-packing-machine\/#primaryimage","url":"https:\/\/cigarettepackingmachine.com\/wp-content\/uploads\/2024\/06\/HLP-Cigarette-Packing-Machine-180.webp","contentUrl":"https:\/\/cigarettepackingmachine.com\/wp-content\/uploads\/2024\/06\/HLP-Cigarette-Packing-Machine-180.webp","width":1200,"height":800,"caption":"HLP Cigarette Packing Machine (180)"},{"@type":"BreadcrumbList","@id":"https:\/\/cigarettepackingmachine.com\/product\/hlp-180-cigarette-packing-machine\/#breadcrumb","itemListElement":[{"@type":"ListItem","position":1,"name":"Home","item":"https:\/\/cigarettepackingmachine.com\/"},{"@type":"ListItem","position":2,"name":"Products","item":"https:\/\/cigarettepackingmachine.com\/shop\/"},{"@type":"ListItem","position":3,"name":"HLP 180 Cigarette Packing Machine"}]},{"@type":"WebSite","@id":"https:\/\/cigarettepackingmachine.com\/#website","url":"https:\/\/cigarettepackingmachine.com\/","name":"Zigarettenverpackungsmaschinen","description":"Zigarettenverpackungsmaschinen","potentialAction":[{"@type":"SearchAction","target":{"@type":"EntryPoint","urlTemplate":"https:\/\/cigarettepackingmachine.com\/?s={search_term_string}"},"query-input":{"@type":"PropertyValueSpecification","valueRequired":true,"valueName":"search_term_string"}}],"inLanguage":"de"}]}},"_links":{"self":[{"href":"https:\/\/cigarettepackingmachine.com\/de\/wp-json\/wp\/v2\/product\/28281","targetHints":{"allow":["GET"]}}],"collection":[{"href":"https:\/\/cigarettepackingmachine.com\/de\/wp-json\/wp\/v2\/product"}],"about":[{"href":"https:\/\/cigarettepackingmachine.com\/de\/wp-json\/wp\/v2\/types\/product"}],"replies":[{"embeddable":true,"href":"https:\/\/cigarettepackingmachine.com\/de\/wp-json\/wp\/v2\/comments?post=28281"}],"version-history":[{"count":3,"href":"https:\/\/cigarettepackingmachine.com\/de\/wp-json\/wp\/v2\/product\/28281\/revisions"}],"predecessor-version":[{"id":28516,"href":"https:\/\/cigarettepackingmachine.com\/de\/wp-json\/wp\/v2\/product\/28281\/revisions\/28516"}],"wp:featuredmedia":[{"embeddable":true,"href":"https:\/\/cigarettepackingmachine.com\/de\/wp-json\/wp\/v2\/media\/28207"}],"wp:attachment":[{"href":"https:\/\/cigarettepackingmachine.com\/de\/wp-json\/wp\/v2\/media?parent=28281"}],"wp:term":[{"taxonomy":"product_brand","embeddable":true,"href":"https:\/\/cigarettepackingmachine.com\/de\/wp-json\/wp\/v2\/product_brand?post=28281"},{"taxonomy":"product_cat","embeddable":true,"href":"https:\/\/cigarettepackingmachine.com\/de\/wp-json\/wp\/v2\/product_cat?post=28281"},{"taxonomy":"product_tag","embeddable":true,"href":"https:\/\/cigarettepackingmachine.com\/de\/wp-json\/wp\/v2\/product_tag?post=28281"}],"curies":[{"name":"wp","href":"https:\/\/api.w.org\/{rel}","templated":true}]}}